{"id":34,"date":"2015-02-24T00:19:00","date_gmt":"2015-02-23T23:19:00","guid":{"rendered":"https:\/\/afrikatour.nl\/algerije\/?page_id=34"},"modified":"2026-01-12T09:17:49","modified_gmt":"2026-01-12T08:17:49","slug":"links","status":"publish","type":"page","link":"https:\/\/afrikatour.nl\/algerije\/links\/","title":{"rendered":"Links"},"content":{"rendered":"<h3 style=\"text-align: center;\"><a href=\"https:\/\/afrikatour.nl\/algerije\/wp-content\/uploads\/sites\/46\/2015\/02\/Vlag-Algerije.gif\"><img loading=\"lazy\" decoding=\"async\" class=\"alignleft size-full wp-image-14\" src=\"https:\/\/afrikatour.nl\/algerije\/wp-content\/uploads\/sites\/46\/2015\/02\/Vlag-Algerije.gif\" alt=\"Vlag Algerije\" width=\"240\" height=\"180\"><\/a><strong>Algerije links<\/strong><\/h3>\n<table width=\"99%\">\n<tbody>\n<tr>\n<td><strong><a href=\"http:\/\/www.el-mouradia.dz\/\" target=\"_blank\" rel=\"noopener\">El-mouradia.dz<\/a><\/strong><\/td>\n<td colspan=\"2\">Pr\u00e9sidence de la R\u00e9publique<\/td>\n<\/tr>\n<tr>\n<td width=\"36%\"><strong><a href=\"http:\/\/www.entv.dz\/\" target=\"_blank\" rel=\"noopener\">Entv.dz<\/a><\/strong><\/td>\n<td colspan=\"2\">Le site web officiel de la t\u00e9l\u00e9vision Alg\u00e9rienne<\/td>\n<\/tr>\n<tr>\n<td width=\"36%\"><strong><a href=\"http:\/\/www.algeria-watch.org\/\" target=\"_blank\" rel=\"noopener\">Algeria-watch.org<\/a><\/strong><\/td>\n<td colspan=\"2\">Internationaal nieuws over de politieke situatie in Algerije &#8211; Engelstalig<\/td>\n<\/tr>\n<tr>\n<td width=\"36%\"><strong><a href=\"https:\/\/www.cia.gov\/library\/publications\/the-world-factbook\/geos\/ag.html\" target=\"_blank\" rel=\"noopener\">CIA factbook<\/a><\/strong><\/td>\n<td colspan=\"2\">Algeria&nbsp; van de CIA factbook<\/td>\n<\/tr>\n<tr>\n<td width=\"36%\"><strong><a href=\"http:\/\/www.bbc.co.uk\/news\/world-africa-14118852\" target=\"_blank\" rel=\"noopener\">BBC country profile<\/a><\/strong><\/td>\n<td colspan=\"2\">BBC Country profile: Algeria<\/td>\n<\/tr>\n<tr>\n<td width=\"36%\"><strong><a href=\"http:\/\/www.landenkompas.nl\/algerije\" target=\"_blank\" rel=\"noopener\">Landenkompas.nl\/algerije<\/a><\/strong><\/td>\n<td colspan=\"2\">Veel informatie over Algerije van landenkompas<\/td>\n<\/tr>\n<tr>\n<td width=\"36%\"><strong><a href=\"http:\/\/www.flickr.com\/photos\/sahara-art-venture\/show\/\" target=\"_blank\" rel=\"noopener\">Photos\/sahara-art-venture<\/a><\/strong><\/td>\n<td colspan=\"2\">Prachtige foto&#8217;s van de woestijn van Zuid-Algerije van Ineke Hemminga<\/td>\n<\/tr>\n<tr>\n<td width=\"36%\"><strong><a href=\"https:\/\/www.amnesty.org\/en\/countries\/middle-east-and-north-africa\/algeria\/\" target=\"_blank\" rel=\"noopener\">Amnesty International Algerije<\/a><\/strong><\/td>\n<td colspan=\"2\">Landendossier van Amnesty International (Engelstalig)<\/td>\n<\/tr>\n<tr>\n<td width=\"36%\"><strong><a href=\"http:\/\/www.univ-alger.dz\/\" target=\"_blank\" rel=\"noopener\">Univ-alger.dz<\/a><\/strong><\/td>\n<td colspan=\"2\">University of Algiers<\/td>\n<\/tr>\n<tr>\n<td width=\"36%\"><strong><a href=\"http:\/\/www.franslemmens.com\/galleries\/sahara\/\" target=\"_blank\" rel=\"noopener\">Frans Lemmens &#8211; Sahara<\/a><\/strong><\/td>\n<td width=\"56%\">Het beroemde fotoboek van Frans Lemmens over de Sahara<\/td>\n<td>&nbsp;<\/td>\n<\/tr>\n<tr>\n<td width=\"36%\"><strong><a href=\"http:\/\/www.fjexpeditions.com\/tassili.html\" target=\"_blank\" rel=\"noopener\">Fjexpeditions.com\/tassili<\/a><\/strong><\/td>\n<td width=\"56%\">Een mooie site over het Tassili gebergte<\/td>\n<td>&nbsp;<\/td>\n<\/tr>\n<tr>\n<td width=\"36%\"><strong><a href=\"http:\/\/www.bensemra.com\/\" target=\"_blank\" rel=\"noopener\">Zorha Bensemra<\/a><\/strong><\/td>\n<td width=\"56%\">Foto&#8217;s van Zorha Bensemra Algerijns fotojournaliste<\/td>\n<td>&nbsp;<\/td>\n<\/tr>\n<tr>\n<td width=\"36%\"><strong><a href=\"http:\/\/ennedi.free.fr\/rupestre.htm\" target=\"_blank\" rel=\"noopener\">Rupestre du Sahara<\/a><\/strong><\/td>\n<td width=\"56%\">L&#8217; art rupestre du Sahara<\/td>\n<td>&nbsp;<\/td>\n<\/tr>\n<tr>\n<td width=\"36%\"><strong><a href=\"http:\/\/aars.fr\/\" target=\"_blank\" rel=\"noopener\">L&#8217;Art Rupestre Saharien<\/a><\/strong><\/td>\n<td width=\"56%\">L&#8217;Association des Amis de l&#8217;Art Rupestre Saharien<\/td>\n<td>&nbsp;<\/td>\n<\/tr>\n<tr>\n<td width=\"36%\"><strong><a href=\"http:\/\/www.larahla.org\/\" target=\"_blank\" rel=\"noopener\">Amicale des Sahariens<\/a><\/strong><\/td>\n<td width=\"56%\">&#8220;La Rahla &#8211; Amicale des Sahariens&#8221;<\/td>\n<td>&nbsp;<\/td>\n<td>&nbsp;<\/td>\n<\/tr>\n<\/tbody>\n<\/table>\n","protected":false},"excerpt":{"rendered":"<p>Algerije links El-mouradia.dz Pr\u00e9sidence de la R\u00e9publique Entv.dz Le site web officiel de la t\u00e9l\u00e9vision Alg\u00e9rienne Algeria-watch.org Internationaal nieuws over de politieke situatie in Algerije &#8211; Engelstalig CIA factbook Algeria&nbsp; van de CIA factbook BBC country profile BBC Country profile: Algeria Landenkompas.nl\/algerije Veel informatie over Algerije van landenkompas Photos\/sahara-art-venture Prachtige \u2026 <a class=\"continue-reading-link\" href=\"https:\/\/afrikatour.nl\/algerije\/links\/\">Lees verder<\/a><\/p>\n","protected":false},"author":1,"featured_media":0,"parent":0,"menu_order":0,"comment_status":"closed","ping_status":"closed","template":"","meta":{"ngg_post_thumbnail":0,"footnotes":"","_links_to":"","_links_to_target":""},"class_list":["post-34","page","type-page","status-publish","hentry"],"_links":{"self":[{"href":"https:\/\/afrikatour.nl\/algerije\/wp-json\/wp\/v2\/pages\/34","targetHints":{"allow":["GET"]}}],"collection":[{"href":"https:\/\/afrikatour.nl\/algerije\/wp-json\/wp\/v2\/pages"}],"about":[{"href":"https:\/\/afrikatour.nl\/algerije\/wp-json\/wp\/v2\/types\/page"}],"author":[{"embeddable":true,"href":"https:\/\/afrikatour.nl\/algerije\/wp-json\/wp\/v2\/users\/1"}],"replies":[{"embeddable":true,"href":"https:\/\/afrikatour.nl\/algerije\/wp-json\/wp\/v2\/comments?post=34"}],"version-history":[{"count":1,"href":"https:\/\/afrikatour.nl\/algerije\/wp-json\/wp\/v2\/pages\/34\/revisions"}],"predecessor-version":[{"id":68,"href":"https:\/\/afrikatour.nl\/algerije\/wp-json\/wp\/v2\/pages\/34\/revisions\/68"}],"wp:attachment":[{"href":"https:\/\/afrikatour.nl\/algerije\/wp-json\/wp\/v2\/media?parent=34"}],"curies":[{"name":"wp","href":"https:\/\/api.w.org\/{rel}","templated":true}]}}