{"id":13,"date":"2015-02-25T22:26:21","date_gmt":"2015-02-25T21:26:21","guid":{"rendered":"https:\/\/afrikatour.nl\/egypte\/?page_id=13"},"modified":"2020-02-26T00:53:10","modified_gmt":"2020-02-25T23:53:10","slug":"home","status":"publish","type":"page","link":"https:\/\/afrikatour.nl\/egypte\/","title":{"rendered":"Home"},"content":{"rendered":"<h3 style=\"text-align: center;\"><a href=\"https:\/\/afrikatour.nl\/egypte\/wp-content\/uploads\/sites\/50\/2015\/02\/Vlag-Egypte.gif\"><img loading=\"lazy\" decoding=\"async\" class=\"alignleft size-full wp-image-14\" src=\"https:\/\/afrikatour.nl\/egypte\/wp-content\/uploads\/sites\/50\/2015\/02\/Vlag-Egypte.gif\" alt=\"Vlag Egypte\" width=\"240\" height=\"180\"><\/a><\/h3>\n<p>Egypte (officieel: de Arabische Republiek Egypte) is een semi-presidenti\u00eble republiek gelegen in het noordoosten van Afrika en het zuidwesten van Azi\u00eb. De hoofdstad is Ca\u00efro. Egypte grenst aan de Middellandse Zee in het noorden, de Gazastrook en Isra\u00ebl in het noordoosten, de Rode Zee in het oosten, Soedan in het zuiden en Libi\u00eb in het westen.<\/p>\n<p>Egypte heeft een oppervlakte van 1.001.450 km\u00b2. Met meer dan 95 miljoen inwoners is Egypte het meest bevolkte land in Noord-Afrika, het Midden-Oosten en de Arabische wereld en het op twee na meest bevolkte land van Afrika (na Nigeria en Ethiopi\u00eb). De overgrote meerderheid van de mensen woont in de buurt van de vruchtbare oevers van de rivier de Nijl, een gebied van ongeveer 40.000 vierkante kilometer, waar het enige landbouwland van Egypte wordt gevonden. De rest van het land (veruit het grootste deel van het land) wordt bedekt door woestijnen als de Sahara en de Sina\u00ef. Ongeveer de helft van de inwoners van Egypte woont in stedelijke gebieden, met de meeste verspreid over de dichtbevolkte centra van Ca\u00efro, Alexandri\u00eb en andere grote steden in de Nijldelta. Islam is de offici\u00eble religie van Egypte en Arabisch is de offici\u00eble taal.<br \/>\nDe geschiedenis van Egypte is bijna even lang als die van de mensheid zelf; het Oude Egypte was een van de vroegste beschavingen ter wereld en is in het huidige Egypte nog terug te zien in de vorm van enkele beroemde bouwwerken zoals de Sfinx en de piramiden van Gizeh en de archeologische sites rond Luxor. Het rijke culturele erfgoed van Egypte maakt integraal deel uit van zijn nationale identiteit, die verschillende buitenlandse invloeden heeft gekend.<\/p>\n<p>Van de 16e tot het begin van de 20e eeuw werd Egypte geregeerd door buitenlandse keizerlijke machten. In 1922 werd het deels onafhankelijk van het Britse Rijk als een monarchie. Na de revolutie van 1952 verdreven de Egyptenaren de Britse soldaten en bureaucraten die het eigenlijk nog altijd voor het zeggen hadden in het land en nationaliseerden het door de Britten bezette Suezkanaal. Koning Farouk werd afgezet en Egypte werd een republiek. Gedurende de tweede helft van de 20e eeuw onderging Egypte sociale en religieuze conflicten en politieke instabiliteit, en vocht ze verschillende gewapende conflicten met Isra\u00ebl. In 1978 tekende Egypte de Camp Davidakkoorden, trok zich officieel terug uit de Gazastrook en erkende Isra\u00ebl. Het land staat nog steeds voor uitdagingen als politieke onrust, waaronder de recente revolutie van 2011 en de nasleep daarvan, terrorisme en economische onderontwikkeling.<\/p>\n<p>Internationaal gezien is Egypte lid van onder meer de Verenigde Naties, de WTO en de Arabische Liga, waarvan het hoofdkantoor zich in Ca\u00efro bevindt.<\/p>\n<p>Bron: Wikipedia<\/p>\n","protected":false},"excerpt":{"rendered":"<p>Egypte (officieel: de Arabische Republiek Egypte) is een semi-presidenti\u00eble republiek gelegen in het noordoosten van Afrika en het zuidwesten van Azi\u00eb. De hoofdstad is Ca\u00efro. Egypte grenst aan de Middellandse Zee in het noorden, de Gazastrook en Isra\u00ebl in het noordoosten, de Rode Zee in het oosten, Soedan in het \u2026 <a class=\"continue-reading-link\" href=\"https:\/\/afrikatour.nl\/egypte\/\">Lees verder<\/a><\/p>\n","protected":false},"author":1,"featured_media":0,"parent":0,"menu_order":0,"comment_status":"closed","ping_status":"closed","template":"","meta":{"ngg_post_thumbnail":0,"footnotes":"","_links_to":"","_links_to_target":""},"class_list":["post-13","page","type-page","status-publish","hentry"],"_links":{"self":[{"href":"https:\/\/afrikatour.nl\/egypte\/wp-json\/wp\/v2\/pages\/13","targetHints":{"allow":["GET"]}}],"collection":[{"href":"https:\/\/afrikatour.nl\/egypte\/wp-json\/wp\/v2\/pages"}],"about":[{"href":"https:\/\/afrikatour.nl\/egypte\/wp-json\/wp\/v2\/types\/page"}],"author":[{"embeddable":true,"href":"https:\/\/afrikatour.nl\/egypte\/wp-json\/wp\/v2\/users\/1"}],"replies":[{"embeddable":true,"href":"https:\/\/afrikatour.nl\/egypte\/wp-json\/wp\/v2\/comments?post=13"}],"version-history":[{"count":0,"href":"https:\/\/afrikatour.nl\/egypte\/wp-json\/wp\/v2\/pages\/13\/revisions"}],"wp:attachment":[{"href":"https:\/\/afrikatour.nl\/egypte\/wp-json\/wp\/v2\/media?parent=13"}],"curies":[{"name":"wp","href":"https:\/\/api.w.org\/{rel}","templated":true}]}}