{"id":40,"date":"2014-09-19T16:57:42","date_gmt":"2014-09-19T14:57:42","guid":{"rendered":"https:\/\/afrikatour.nl\/ethiopie\/?page_id=40"},"modified":"2026-01-19T19:02:01","modified_gmt":"2026-01-19T18:02:01","slug":"links","status":"publish","type":"page","link":"https:\/\/afrikatour.nl\/ethiopie\/links\/","title":{"rendered":"Links"},"content":{"rendered":"<p><strong>Links van Ethiopi\u00eb<\/strong><\/p>\n<table width=\"770\">\n<tbody>\n<tr>\n<td width=\"204\"><a href=\"http:\/\/www.waltainfo.com\/\" target=\"_blank\" rel=\"noopener\"><strong>Waltainfo.com<\/strong><\/a><\/td>\n<td width=\"557\">Dagelijks nieuws van WALTA Information Center in Ethiopi\u00eb<\/td>\n<\/tr>\n<tr>\n<td width=\"204\"><a href=\"http:\/\/www.ethiopianembassy.org\/\" target=\"_blank\" rel=\"noopener\"><strong>Ethiopianembassy.org<\/strong><\/a><\/td>\n<td width=\"557\">Ambassade van&nbsp; Ethiopi\u00eb in Washington<\/td>\n<\/tr>\n<tr>\n<td width=\"204\"><strong><a href=\"http:\/\/www.landenkompas.nl\/ethiopie\" target=\"_blank\" rel=\"noopener\">Landenkompas.nl\/ethiopie<\/a><\/strong><\/td>\n<td width=\"557\">Veel informatie over Ethiopi\u00eb van Landen Kompas<\/td>\n<\/tr>\n<tr>\n<td width=\"204\"><a href=\"http:\/\/www.ethiopiancrown.org\/\" target=\"_blank\" rel=\"noopener\"><strong>Ethiopiancrown.org<\/strong><\/a><\/td>\n<td width=\"557\">The Crown Council &#8211; de koninklijke raad &#8211; opvolgers van Haile Selassie<\/td>\n<\/tr>\n<tr>\n<td width=\"204\"><a href=\"http:\/\/allafrica.com\/ethiopia\/\" target=\"_blank\" rel=\"noopener\"><strong>Allafrica.com\/ethiopia<\/strong><\/a><\/td>\n<td width=\"557\">Online nieuws uit Ethiopi\u00eb<\/td>\n<\/tr>\n<tr>\n<td width=\"204\"><a href=\"http:\/\/zijn.samenresultaat.nl\/click.asp?ref=547314&amp;site=10757&amp;type=text&amp;tnb=5&amp;diurl=https:\/\/www.visumplus.nl\/Landeninformatie\/111\/Ethiopie\" target=\"_blank\" rel=\"noopener\"><strong>Visum\/Ethiopie<\/strong><\/a><\/td>\n<td width=\"557\">Visum voor Ethiopi\u00eb<\/td>\n<\/tr>\n<tr>\n<td width=\"204\"><a href=\"http:\/\/www.rijksoverheid.nl\/onderwerpen\/reisadviezen\/ethiopie\" target=\"_blank\" rel=\"noopener\"><strong>Rijksoverheid.nl\/Ethiopie<\/strong><\/a><\/td>\n<td width=\"557\">Reisadvies van de Nederlandse ambassade<\/td>\n<\/tr>\n<tr>\n<td width=\"204\"><strong><a href=\"https:\/\/www.amnesty.org\/en\/countries\/africa\/ethiopia\/\" target=\"_blank\" rel=\"noopener\">Amnesty.nl\/Ethiopia<\/a><\/strong><\/td>\n<td width=\"557\">Informatie over mensenrechten van Amnasty International<\/td>\n<\/tr>\n<\/tbody>\n<\/table>\n","protected":false},"excerpt":{"rendered":"<p>Links van Ethiopi\u00eb Waltainfo.com Dagelijks nieuws van WALTA Information Center in Ethiopi\u00eb Ethiopianembassy.org Ambassade van&nbsp; Ethiopi\u00eb in Washington Landenkompas.nl\/ethiopie Veel informatie over Ethiopi\u00eb van Landen Kompas Ethiopiancrown.org The Crown Council &#8211; de koninklijke raad &#8211; opvolgers van Haile Selassie Allafrica.com\/ethiopia Online nieuws uit Ethiopi\u00eb Visum\/Ethiopie Visum voor Ethiopi\u00eb Rijksoverheid.nl\/Ethiopie Reisadvies\u2026 <a class=\"continue-reading-link\" href=\"https:\/\/afrikatour.nl\/ethiopie\/links\/\">Lees verder<\/a><\/p>\n","protected":false},"author":1,"featured_media":0,"parent":0,"menu_order":0,"comment_status":"closed","ping_status":"closed","template":"","meta":{"ngg_post_thumbnail":0,"footnotes":"","_links_to":"","_links_to_target":""},"class_list":["post-40","page","type-page","status-publish","hentry"],"_links":{"self":[{"href":"https:\/\/afrikatour.nl\/ethiopie\/wp-json\/wp\/v2\/pages\/40","targetHints":{"allow":["GET"]}}],"collection":[{"href":"https:\/\/afrikatour.nl\/ethiopie\/wp-json\/wp\/v2\/pages"}],"about":[{"href":"https:\/\/afrikatour.nl\/ethiopie\/wp-json\/wp\/v2\/types\/page"}],"author":[{"embeddable":true,"href":"https:\/\/afrikatour.nl\/ethiopie\/wp-json\/wp\/v2\/users\/1"}],"replies":[{"embeddable":true,"href":"https:\/\/afrikatour.nl\/ethiopie\/wp-json\/wp\/v2\/comments?post=40"}],"version-history":[{"count":1,"href":"https:\/\/afrikatour.nl\/ethiopie\/wp-json\/wp\/v2\/pages\/40\/revisions"}],"predecessor-version":[{"id":90,"href":"https:\/\/afrikatour.nl\/ethiopie\/wp-json\/wp\/v2\/pages\/40\/revisions\/90"}],"wp:attachment":[{"href":"https:\/\/afrikatour.nl\/ethiopie\/wp-json\/wp\/v2\/media?parent=40"}],"curies":[{"name":"wp","href":"https:\/\/api.w.org\/{rel}","templated":true}]}}