{"id":92,"date":"2015-04-08T12:10:16","date_gmt":"2015-04-08T10:10:16","guid":{"rendered":"https:\/\/afrikatour.nl\/guinee-bissau\/?page_id=92"},"modified":"2017-04-26T17:46:11","modified_gmt":"2017-04-26T15:46:11","slug":"gegevens","status":"publish","type":"page","link":"https:\/\/afrikatour.nl\/guinee-bissau\/gegevens\/","title":{"rendered":"Gegevens"},"content":{"rendered":"<h3 style=\"text-align: center;\"><a href=\"https:\/\/afrikatour.nl\/guinee-bissau\/wp-content\/uploads\/sites\/12\/2014\/08\/Guinea-Bissauvlag.gif\"><img loading=\"lazy\" decoding=\"async\" class=\"alignleft size-full wp-image-33\" src=\"https:\/\/afrikatour.nl\/guinee-bissau\/wp-content\/uploads\/sites\/12\/2014\/08\/Guinea-Bissauvlag.gif\" alt=\"Guinea-Bissauvlag\" width=\"240\" height=\"180\"><\/a><strong>Guinee-Bissau gegevens<\/strong><\/h3>\n<blockquote><p><strong>In 1988 bezochten wij Guinee Bissau<\/strong><\/p><\/blockquote>\n<p>De onafhankelijkheidsstrijd in Portugees Bissau (thans Guin\u00e9e-Bissau) begon reeds in de jaren vijftig onder leiding van Am\u00edlcar Cabral met de vorming van de Partido Africano da Independ\u00eancia da Guin\u00e9e e Cabo Verde(PAIGC). Gewapend verzet groeide in de jaren zestig en in 1972 was twee-derde deel van het land onder de controle van de PAIGC. Begin 1973 werd Cabral vermoord door enkele dissidenten. In september van datzelfde jaar werd Guin\u00e9e-Bissau onafhankelijk en werd Cabral&#8217;s broer, Luiz, de eerste president.<\/p>\n<p>Met de economische situatie ging het tijdens het regime van Cabral bergafwaarts, hetgeen niet alleen te wijten was aan de grote droogte maar ook aan het beleid van Cabral. In 1980 maakte een coup een eind aan zijn bewind en werd Jo\u00e3o Bernardo Vieira president. Hij kwam aan het hoofd te staan van een door militairen gedomineerde PAIGC-regering.<\/p>\n<p>In 1984 werden de eerste parlementsverkiezingen gehouden met door de PAIGC &#8220;voorgeselecteerde&#8221; kandidaten. Het aldus gekozen Parlement keurde een nieuwe constitutie goed. Onder druk van de in Portugal verblijvende oppositie hechtte president Vieira in 1990 zijn goedkeuring aan de invoering van een meer-partijen stelsel waarvoor in 1991 de constitutie werd geamendeerd. De eerste meer-partijen verkiezingen voor president en parlement werden gehouden op 3 juli 1994 en werden gewonnen door de PAIGC, voornamelijk te danken aan de verdeeldheid van de oppositie. Vanaf 1995 groeide de kritiek op de regering, die verantwoordelijk gehouden werd voor het slechte economische beleid, corruptie, stijgende prijzen en de achteruitgang van de sociale omstandigheden. De sociale onrust nam hand over hand toe en op 7 juni 1998 brak er een militaire opstand uit, geleid door de ontslagen opperbevelhebber van de strijdkrachten, Asumane Man\u00e9. Deze opstand werd breed door de bevolking gesteund. Na definitieve be\u00ebindiging van het conflict, waarbij Nino Vieira na asiel in de Portugese ambassade in Bissau uitweek naar Portugal, werden in november 1999\/januari 2000 parlements- en presidentsverkiezingen gehouden. Deze leverden een overwinning op voor de Partido da Renovacao Social(PRS) die een coalitie aanging met de RGB\/Bafata partij en enkele onafhankelijken. Kumba Yala (PRS) werd de nieuwe president. In tegenstelling tot hetgeen verwacht werd bleek Ansumane Man\u00e9 zijn functie als Supremo Comandante van de militaire Junta \u00e8n de Junta in stand te houden. Man\u00e9, gesteund door een kleine entourage, trachtte in november 2000 een coup te plegen maar het leger bleef achter de president staan. Man\u00e9 kwam enkele dagen erna om bij, aldus de offici\u00eble versie, een poging de wijk te nemen nadat duidelijk was dat zijn coup was mislukt.<\/p>\n<p>Inmiddels is in december 2001 een nieuwe PRS-regering aangetreden.<\/p>\n<p>Voor de laatste politieke ontwikkelingen zie <a href=\"https:\/\/afrikatour.nl\/guinee-bissau\/reisimpressies\/\">Impressie<\/a>.<\/p>\n<table width=\"805\">\n<tbody>\n<tr>\n<td width=\"153\">Offici\u00eble naam<\/td>\n<td width=\"343\">Republica da Guine-Bissau<\/td>\n<td width=\"287\">&nbsp;<\/td>\n<\/tr>\n<tr>\n<td width=\"153\">Oppervlakte<\/td>\n<td colspan=\"2\" width=\"642\">36.125 km\u00b2 (bijna even groot als Nederland)<\/td>\n<\/tr>\n<tr>\n<td width=\"153\">Onafhankelijk sinds:<\/td>\n<td colspan=\"2\" width=\"642\">24 September 1973 van Portugal<\/td>\n<\/tr>\n<tr>\n<td width=\"153\">Hoofdstad:<\/td>\n<td colspan=\"2\" width=\"642\">Bissau<\/td>\n<\/tr>\n<tr>\n<td width=\"153\">Bevolking:<\/p>\n<p>&nbsp;<\/td>\n<td colspan=\"2\" width=\"642\">1.315.822 &#8211; geschat Juli 2001<\/p>\n<p>Balanta 30%, Fula 20%, Manjaca 14%, Mandinga 13%, Papel 7%, Europeanen minder dan 1%<\/td>\n<\/tr>\n<tr>\n<td width=\"153\">Leeftheidsopbouw<\/td>\n<td colspan=\"2\" width=\"642\">0-14 jaar:&nbsp; 42.09%&nbsp;&nbsp; 15-64 jaar:&nbsp; 55.05%&nbsp;&nbsp; 65 jaar en ouder:&nbsp; 2.86%<\/td>\n<\/tr>\n<tr>\n<td width=\"153\">bevolkingstoename<\/td>\n<td colspan=\"2\" width=\"642\">2.23% geschat 2001<\/td>\n<\/tr>\n<tr>\n<td width=\"153\">Levensverwachting<\/td>\n<td colspan=\"2\" width=\"642\">49.42 jaar<\/td>\n<\/tr>\n<tr>\n<td width=\"153\">Kindersterfte:<\/td>\n<td colspan=\"2\" width=\"642\">110.4 op 1.000 levend geboren (gegevens 2001)<\/td>\n<\/tr>\n<tr>\n<td width=\"153\">Analfabetisme:<\/td>\n<td colspan=\"2\" width=\"642\">46,1 %<\/td>\n<\/tr>\n<tr>\n<td width=\"153\">Religie:<\/td>\n<td colspan=\"2\" width=\"642\">Inheemse geloven 50%, Moslim 45%, Christelijk 5%<\/td>\n<\/tr>\n<tr>\n<td width=\"153\">Staatshoofd<\/p>\n<p>&nbsp;<\/p>\n<p>verkiezingen:<\/td>\n<td colspan=\"2\" width=\"642\">President Koumba Yall\u00e1 &nbsp;&nbsp; (sinds 18 Februari 2000)<\/p>\n<p>De president is gekozen voor een termijn van vijf jaar; De laaste verkiezingen waren op 28 november 1999 en 16 January 2000 de volgende zijn in 2004);<\/td>\n<\/tr>\n<tr>\n<td width=\"153\">Regeringsleider:<\/td>\n<td colspan=\"2\" width=\"642\">Faustino IMBALI sinds 20 maart 2001<\/p>\n<p>De eerste minister wordt aangewezen door de president na het consulteren van de leiders van de politieke partijen<\/td>\n<\/tr>\n<tr>\n<td width=\"153\">Offici\u00eble taal<\/td>\n<td colspan=\"2\" width=\"642\">Portugees<\/td>\n<\/tr>\n<tr>\n<td width=\"153\">Gebied:<\/td>\n<td colspan=\"2\" width=\"642\">totaal:&nbsp; 36.120&nbsp; km\u00b2, waarvan&nbsp; land:&nbsp; 28,000&nbsp; km\u00b2 en water:&nbsp; 8,120&nbsp; km\u00b2<\/td>\n<\/tr>\n<tr>\n<td width=\"153\">Ligging<\/td>\n<td colspan=\"2\" width=\"642\">West Afrika, grenzend aan Noord Atlantisch Oceaan (350 km), tussen Guinee ( 386 km) en Senegal (338 km) -12 00 N, 15 00 W<\/td>\n<\/tr>\n<tr>\n<td width=\"153\">Natuurlijke hulpbronnen<\/td>\n<td colspan=\"2\" width=\"642\">Vis, hout, fosfaat, bauxiet, aanwezigheid van onontgonnen olievelden.<\/td>\n<\/tr>\n<tr>\n<td width=\"153\">&nbsp;Klimaat:<\/td>\n<td colspan=\"2\" width=\"642\">Tropisch; over het algemeen heet en vochtig; regenseizoen (juni tot november) met zuidwesten wind; droge seizoen (december tot mei) met noordoosten stoffige, harmattan wind.<\/td>\n<\/tr>\n<tr>\n<td width=\"153\">Milieuproblemen:<\/td>\n<td colspan=\"2\" width=\"642\">Ontbossing; erosie; overbeweiding; overbevissing.<\/td>\n<\/tr>\n<tr>\n<td width=\"153\">Geld:<\/p>\n<p>&nbsp;<\/td>\n<td colspan=\"2\" width=\"642\">CFA = Communaute Financiere Africaine franc sinds 1 Januari 1999<\/p>\n<p>1 euro =&nbsp; 655.957 CFA frank &#8211;&nbsp;1 Franc CFA = 0,00152 Euro<\/td>\n<\/tr>\n<tr>\n<td width=\"153\">&nbsp;Economie<\/p>\n<p>&nbsp;<\/p>\n<p>&nbsp;<\/p>\n<p>&nbsp;<\/p>\n<p>&nbsp;<\/td>\n<td colspan=\"2\" width=\"642\">Guinee-Bissau&#8217;s economie is afhankelijk van kleinschalige landbouw&nbsp; (78%) en visserij. Cashew noten vormen een nieuw stijgend exportproduct in de laatste jaren en het land staat nu op de zesde plaats in de wereld van de cashewproductie. Guinee-Bissau exporteert verder vis en een kleine hoeveelheid pinda&#8217;s en hout. Rijst is het belangrijkste landbouwproduct. Tijdens de burgeroorlog is veel van de infrastructuur vernield en de economie daalde met 28 %. Met buitenlandse steun trekt deze weer aan sinds 1999.&nbsp; In 2000 was de economische groei 7.6%. Door de hoge kosten is de ontginning van de olievelden, de fosfaat en andere minerale hulpbronnen geen korte termijn perspectief maar mogelijk wel op de lange duur.<\/td>\n<\/tr>\n<tr>\n<td width=\"153\">Inkomen per hoofd:<\/td>\n<td colspan=\"2\" width=\"642\">$ 850 geschat 2000<\/td>\n<\/tr>\n<tr>\n<td width=\"153\">Export:<\/td>\n<td colspan=\"2\" width=\"642\">Cashew noten 70%, garnalen, pinda&#8217;s, hout<\/td>\n<\/tr>\n<tr>\n<td width=\"153\">Import:<\/p>\n<p>Imports &#8211; partners:<\/td>\n<td colspan=\"2\" width=\"642\">Voedsel, machines and transport middelen, olieproducten<\/p>\n<p>Portugal 26%, Frankrijk 8%, Senegal 8%, Nederland 7% (1998)<\/td>\n<\/tr>\n<tr>\n<td width=\"153\">Buitenlandse schuld:<\/td>\n<td colspan=\"2\" width=\"642\">$&nbsp; 964 miljoen in 1998<\/td>\n<\/tr>\n<tr>\n<td width=\"153\">Buitenlandse hulp:<\/td>\n<td colspan=\"2\" width=\"642\">$ 115.4 miljoen in 1995)<\/td>\n<\/tr>\n<tr>\n<td width=\"153\">&nbsp;<\/td>\n<td colspan=\"2\" width=\"642\">&nbsp;<\/td>\n<\/tr>\n<tr>\n<td width=\"153\">Internetcode:<\/td>\n<td width=\"343\">gw<\/td>\n<td width=\"287\">&nbsp;<\/td>\n<\/tr>\n<tr>\n<td width=\"153\"><a href=\"http:\/\/www.amnesty.org\/en\/region\/guinea-bissau\" target=\"_blank\" rel=\"noopener noreferrer\">Mensenrechten<\/a><\/td>\n<td colspan=\"2\" width=\"642\">Gegevens van <a href=\"http:\/\/www.amnesty.org\/en\/region\/guinea-bissau\" target=\"_blank\" rel=\"noopener noreferrer\">Amnesty International<\/a><\/td>\n<\/tr>\n<tr>\n<td width=\"153\">De geschiedenis<\/p>\n<p>&nbsp;<\/p>\n<p>&nbsp;<\/p>\n<p>&nbsp;<\/p>\n<p>&nbsp;<\/p>\n<p>&nbsp;<\/p>\n<p>&nbsp;<\/p>\n<p>&nbsp;<\/p>\n<p>&nbsp;<\/p>\n<p>&nbsp;<\/td>\n<td colspan=\"2\" width=\"642\">De onafhankelijkheidsstrijd in Portugees Bissau (thans Guin\u00e9e-Bissau) begon reeds in de jaren vijftig onder leiding van Am\u00edlcar Cabral met de vorming van de Partido Africano da Independ\u00eancia da Guin\u00e9e e Cabo Verde(PAIGC). Gewapend verzet groeide in de jaren zestig en in 1972 was twee-derde deel van het land onder de controle van de PAIGC. Begin 1973 werd Cabral vermoord door enkele dissidenten. In september van datzelfde jaar werd Guin\u00e9e-Bissau onafhankelijk en werd Cabral&#8217;s broer, Luiz, de eerste president.<\/p>\n<p>Met de economische situatie ging het tijdens het regime van Cabral bergafwaarts, hetgeen niet alleen te wijten was aan de grote droogte maar ook aan het beleid van Cabral. In 1980 maakte een coup een eind aan zijn bewind en werd Jo\u00e3o Bernardo Vieira president. Hij kwam aan het hoofd te staan van een door militairen gedomineerde PAIGC-regering.<\/p>\n<p>In 1984 werden de eerste parlementsverkiezingen gehouden met door de PAIGC &#8220;voorgeselecteerde&#8221; kandidaten. Het aldus gekozen Parlement keurde een nieuwe constitutie goed. Onder druk van de in Portugal verblijvende oppositie hechtte president Vieira in 1990 zijn goedkeuring aan de invoering van een meer-partijen stelsel waarvoor in 1991 de constitutie werd geamendeerd. De eerste meer-partijen verkiezingen voor president en parlement werden gehouden op 3 juli 1994 en werden gewonnen door de PAIGC, voornamelijk te danken aan de verdeeldheid van de oppositie. Vanaf 1995 groeide de kritiek op de regering, die verantwoordelijk gehouden werd voor het slechte economische beleid, corruptie, stijgende prijzen en de achteruitgang van de sociale omstandigheden. De sociale onrust nam hand over hand toe en op 7 juni 1998 brak er een militaire opstand uit, geleid door de ontslagen opperbevelhebber van de strijdkrachten, Asumane Man\u00e9. Deze opstand werd breed door de bevolking gesteund. Na definitieve be\u00ebindiging van het conflict, waarbij Nino Vieira na asiel in de Portugese ambassade in Bissau uitweek naar Portugal, werden in november 1999\/januari 2000 parlements- en presidentsverkiezingen gehouden. Deze leverden een overwinning op voor de Partido da Renovacao Social(PRS) die een coalitie aanging met de RGB\/Bafata partij en enkele onafhankelijken. Kumba Yala (PRS) werd de nieuwe president. In tegenstelling tot hetgeen verwacht werd bleek Ansumane Man\u00e9 zijn functie als Supremo Comandante van de militaire Junta \u00e8n de Junta in stand te houden. Man\u00e9, gesteund door een kleine entourage, trachtte in november 2000 een coup te plegen maar het leger bleef achter de president staan. Man\u00e9 kwam enkele dagen erna om bij, aldus de offici\u00eble versie, een poging de wijk te nemen nadat duidelijk was dat zijn coup was mislukt.<\/td>\n<\/tr>\n<\/tbody>\n<\/table>\n","protected":false},"excerpt":{"rendered":"<p>Guinee-Bissau gegevens In 1988 bezochten wij Guinee Bissau De onafhankelijkheidsstrijd in Portugees Bissau (thans Guin\u00e9e-Bissau) begon reeds in de jaren vijftig onder leiding van Am\u00edlcar Cabral met de vorming van de Partido Africano da Independ\u00eancia da Guin\u00e9e e Cabo Verde(PAIGC). Gewapend verzet groeide in de jaren zestig en in 1972 \u2026 <a class=\"continue-reading-link\" href=\"https:\/\/afrikatour.nl\/guinee-bissau\/gegevens\/\">Lees verder<\/a><\/p>\n","protected":false},"author":1,"featured_media":0,"parent":0,"menu_order":0,"comment_status":"closed","ping_status":"open","template":"","meta":{"ngg_post_thumbnail":0,"footnotes":"","_links_to":"","_links_to_target":""},"class_list":["post-92","page","type-page","status-publish","hentry"],"_links":{"self":[{"href":"https:\/\/afrikatour.nl\/guinee-bissau\/wp-json\/wp\/v2\/pages\/92","targetHints":{"allow":["GET"]}}],"collection":[{"href":"https:\/\/afrikatour.nl\/guinee-bissau\/wp-json\/wp\/v2\/pages"}],"about":[{"href":"https:\/\/afrikatour.nl\/guinee-bissau\/wp-json\/wp\/v2\/types\/page"}],"author":[{"embeddable":true,"href":"https:\/\/afrikatour.nl\/guinee-bissau\/wp-json\/wp\/v2\/users\/1"}],"replies":[{"embeddable":true,"href":"https:\/\/afrikatour.nl\/guinee-bissau\/wp-json\/wp\/v2\/comments?post=92"}],"version-history":[{"count":0,"href":"https:\/\/afrikatour.nl\/guinee-bissau\/wp-json\/wp\/v2\/pages\/92\/revisions"}],"wp:attachment":[{"href":"https:\/\/afrikatour.nl\/guinee-bissau\/wp-json\/wp\/v2\/media?parent=92"}],"curies":[{"name":"wp","href":"https:\/\/api.w.org\/{rel}","templated":true}]}}