{"id":80,"date":"2014-08-26T00:56:04","date_gmt":"2014-08-25T22:56:04","guid":{"rendered":"https:\/\/afrikatour.nl\/guinee\/?page_id=80"},"modified":"2017-09-07T00:42:49","modified_gmt":"2017-09-06T22:42:49","slug":"guineegegevens","status":"publish","type":"page","link":"https:\/\/afrikatour.nl\/guinee\/guineegegevens\/","title":{"rendered":"Gegevens"},"content":{"rendered":"<h3 style=\"text-align: center;\"><a href=\"https:\/\/afrikatour.nl\/guinee\/wp-content\/uploads\/sites\/14\/2014\/08\/Guineevlag.gif\"><img loading=\"lazy\" decoding=\"async\" class=\"alignleft wp-image-30 size-full\" src=\"https:\/\/afrikatour.nl\/guinee\/wp-content\/uploads\/sites\/14\/2014\/08\/Guineevlag.gif\" alt=\"Guineevlag\" height=\"180\" width=\"240\"><\/a><strong>Guinee Gegevens<\/strong><\/h3>\n<p>&nbsp;<\/p>\n<p>&nbsp;<\/p>\n<p>&nbsp;<\/p>\n<p>&nbsp;<\/p>\n<h3><strong>Introductie<\/strong>:<\/h3>\n<p>Guinee werd onafhankelijk van Frankrijk in 2 oktober 1958. De brute dictator Sekou Tour\u00e9, die Guinee vanaf het begin in zijn greep had, stierf aan hartaanval in 1984. Drie dagen daarna namen aan aantal officieren onder leiding van Lasanna Cont\u00e9 de macht over. De eerste democratische verkiezingen werden pas gehouden in 1993 en werd Generaal Lansanna Cont\u00e9 gekozen als president van een burgerregering. Hij werd herkozen voor vijf jaar in 1998. &nbsp;Tijdens diens bewind werden drie maal presidentsverkiezingen gehouden, in 1993, 1998 en 2003, die echter sterk werden bepaald door onregelmatigheden; een effectieve oppositie was er niet. Vanaf 2006 werd de macht van Cont\u00e9 bedreigd door stakingen en opstanden.<\/p>\n<p>Op 23 december 2008, een dag na de dood van president Cont\u00e9, nam het leger de macht door middel van een staatsgreep. Kapitein <a href=\"http:\/\/nl.wikipedia.org\/wiki\/Moussa_Dadis_Camara\">Moussa Dadis Camara<\/a> verklaarde zich de dag erna president. De burgeroorlogen in Si\u00ebrra Leone en Liberia hebben grote invloed op Guinee en de half miljoen vluchtelingen bedreigen nu de stabiliteit en vormen een humanitair drama.<\/p>\n<p>Wij bezochten Guinee eerder in 1988<\/p>\n<h3>&nbsp;De geschiedenis:<\/h3>\n<p>De vroegste aantekening over Guinee is te vinden in Berber documenten waarin een 18<sup>e<\/sup>eeuws koninkrijk, Genni, gelegen aan de oevers van de Niger, wordt genoemd. Noordelijk Guinee werd onder beheer gesteld van elkaar opeenvolgende Afrikaanse rijken (Ghana, Mali, Songhay). Europese handelaren waren sinds de 15<sup>e<\/sup> eeuw actief langs de kust, maar vestigden zich pas in de late 17<sup>e<\/sup> eeuw in dit gebied. De aanspraak van Frankrijk op zuidelijk Guinee en Tumbo eiland (nu Conakry) kwam in respectievelijk 1783 en 1885 tot stand. Het gebied werd bestuurd vanuit Dakar (Senegal) tot 1891 toen het een autonome kolonie werd.<\/p>\n<p>In 1958 werd in Frans Guinee een referendum gehouden over het al dan niet toetreden tot een nieuw op te richten gemeenschap van zelfbesturende Franse overzeese gebieden. Frans Guinee stemde als enige Franse kolonie tegen een dergelijk lidmaatschap. Een prominente rol werd hierbij gespeeld door Ahmed Sekou Tour\u00e9, secretaris-generaal van de Parti D\u00e9mocratique de Guin\u00e9e-Rassemblement D\u00e9mocratique Africain (PDG-RDA), die volledige onafhankelijkheid eiste. Zo werd Frans Guinee in 1958 werd onafhankelijk en werd Sekou Tour\u00e9 de eerste president van de Republiek van Guinee en de PDG-RDA de enige politieke partij. Franse economische represailles waren het gevolg, zodat hulp en investeringen werden opgeschort. Pas in 1976 werden de diplomatiek relaties weer hersteld. Sekou Tour\u00e9 voerde een socialistisch revolutionaire politiek en iedere vorm van oppositie werd onderdrukt. In 1979 werd het land omgedoopt tot de People&#8217;s Revolutionary Republic of Guinea en verklaarde Sekou Tour\u00e9 te willen samenwerken met kapitalistische en socialistische landen.<\/p>\n<p>In 1984 overleed Sekou Tour\u00e9 plotseling. Voordat een opvolger kon worden gekozen vond er een militaire staatsgreep plaats onder leiding van het Comit\u00e9 Militaire de Redressement National (CMRN). De leider van dit Comit\u00e9, Lansana Cont\u00e9, werd de president van de Tweede Republiek. Cont\u00e9 bracht economische en politieke veranderingen teweeg, en een democratiseringsproces werd langzaam in gang gezet. De CRMN werd vervangen door een overgangspartij, het Comit\u00e9 Transitoire de Redressement National (CTRN). De Derde Republiek werd uitgeroepen in 1991. Een nieuwe partij onder leiding van Cont\u00e9 ontstond, de Parti de l&#8217;Unit\u00e9 et du Progr\u00e8s (PUP). Daarnaast werden verschillende oppositiepartijen opgericht zoals de Parti pour le Renouveau et le Progr\u00e8s (PRP), en de Union pour la Nouvelle R\u00e9publique (UNR). Gewelddadige conflicten braken vervolgens uit tussen de aanhangers van de verschillende partijen en het feit dat de verkiezingen steeds opnieuw werden uitgesteld was ook niet bevorderlijk voor de politieke rust. In 1994 werd Cont\u00e9 ge\u00efnaugureerd als president van de Derde Republiek.<\/p>\n<p>De relatie tussen de regering en de oppositiepartijen verbeterde niet. In 1995 vonden parlementsverkiezingen plaats waarbij de PUP de meerderheid van stemmen kreeg. Kort daarna werd een nieuw oppositie front opgericht waarin twaalf oppositiepartijen vertegenwoordigd waren, de Coordination de l&#8217;Opposition D\u00e9mocratique (CODEM). Vier maanden later brak een opstand uit ge\u00efnitieerd door de militairen en gericht tegen Cont\u00e9 welke uitmondde in een, niet succesvolle, staatsgreep. Het militaire apparaat werd daarop ten dele gereorganiseerd.Nieuwe presidentsverkiezings hebben in december 1998 plaatsgevonden onder strenge veiligheidsmaatregelen. E\u00e9n van de kandidaten, Alpha Cond\u00e9, werd gearresteerd. Cont\u00e9 is, van de vijf kandidaten, als winnaar uit de bus gekomen. De oppositie protesteerde tegen de wijze waarop de verkiezingen georganiseerd waren en tegen de uitslag zelf. Onlusten braken uit, voornamelijk uit protest tegen de arrestatie van Alpha Cond\u00e9. Tot op heden (augustus 1999) wordt Alpha Cond\u00e9 gevangen gehouden. De Minister van Justitie heeft in juli 1999 aangekondigd dat een proces tegen Cond\u00e9 in september van dit jaar starten. Internationaal is bij de Guinese autoriteiten tegen deze gevangenneming geprotesteerd.<\/p>\n<table width=\"838\">\n<tbody>\n<tr>\n<td width=\"156\"><strong>Offici\u00eble naam:<\/strong><\/td>\n<td width=\"671\">Republique de Guinee<\/td>\n<\/tr>\n<tr>\n<td width=\"156\"><strong>Staatshoofd<\/strong>:<\/td>\n<td width=\"671\">Lansanna Cont\u00e9<\/td>\n<\/tr>\n<tr>\n<td width=\"156\"><strong>Regeringsleider<\/strong>:<\/td>\n<td width=\"671\">Lamine Sidim\u00e9, sinds 8 maart 1999, aangewezen door de president.<\/td>\n<\/tr>\n<tr>\n<td width=\"156\"><strong>Hoofdstad<\/strong>:<\/td>\n<td width=\"671\">Conakry<\/td>\n<\/tr>\n<tr>\n<td width=\"156\"><strong>Onafhankelijk sinds:<\/strong><\/td>\n<td width=\"671\">2 oktober 1958 van Frankrijk<\/td>\n<\/tr>\n<tr>\n<td width=\"156\"><strong>Nationale feestdag:<\/strong><\/td>\n<td width=\"671\">3 april, ontstaan van de tweede republiek (1984)<\/td>\n<\/tr>\n<tr>\n<td width=\"156\"><strong>Talen<\/strong>:<\/td>\n<td width=\"671\">De offici\u00eble taal is Frans; iedere etnisch groep heeft een eigen taal. De belangrijkste zijn Peul, Mandinka en Sousou<\/td>\n<\/tr>\n<tr>\n<td width=\"156\"><strong>Religie:<\/strong><\/td>\n<td width=\"671\">Moslim 85%, Christelijk 8%, inheemse geloven 7%<\/td>\n<\/tr>\n<tr>\n<td width=\"156\"><strong>Oppervlakte:<\/strong><\/td>\n<td width=\"671\">245,857&nbsp; km\u00b2&nbsp;&nbsp; &#8211;&nbsp; in vergelijk met NL = 41.526 km\u00b2<\/td>\n<\/tr>\n<tr>\n<td width=\"156\"><strong>Klimaat:<\/strong><\/td>\n<td width=\"671\">Tropisch en vochtig aan de kust, savanne in het noord-oosten<\/td>\n<\/tr>\n<tr>\n<td width=\"156\"><strong>Grenzen:<\/strong><\/td>\n<td width=\"671\">Kust: 320 km Cote d&#8217;Ivoire 610 km, Guinee-Bissau 386 km, Liberia 563 km, Mali 858 km, Senegal 330 km, Si\u00ebrra Leone 652 km<\/td>\n<\/tr>\n<tr>\n<td width=\"156\"><strong>Bevolking<\/strong>:<\/td>\n<td width=\"671\">7.613.870 Juli 2001<\/td>\n<\/tr>\n<tr>\n<td width=\"156\"><strong>Levensverwachting:<\/strong><\/td>\n<td width=\"671\">45.91 jaar&nbsp;&nbsp; in vergelijk met NL = 78.43 jaar<\/td>\n<\/tr>\n<tr>\n<td width=\"156\"><strong>Bevolkingsopbouw:<\/strong><\/td>\n<td width=\"671\">0-14 jaar:&nbsp; 43.12%&nbsp; &#8211; 15-64 jaar:&nbsp; 54.19% &#8211; 65 jaar en ouder:&nbsp; 2.69% &#8211; 2001In vergelijk met NL: 0-14 j.= 18,38% &#8211; 15-64 j.= 67,9% &#8211; 65+j. = 13,7 %<\/td>\n<\/tr>\n<tr>\n<td width=\"156\"><strong>Kindersterfte:<\/strong><\/td>\n<td width=\"671\">129 doden op 1.000 levend geborenen &#8211; gegevens 2001In vergelijk met NL: 4,37<\/td>\n<\/tr>\n<tr>\n<td width=\"156\"><strong>Alfabetisme:<\/strong><\/td>\n<td width=\"671\">35.9% gegevens 1995 &#8211; in vergelijk met NL: 99%<\/td>\n<\/tr>\n<tr>\n<td width=\"156\"><strong>Etnische groepen:<\/strong><\/td>\n<td width=\"671\">Peuhl 40%, Malinke 30%, Soussou 20%, kleine etnische groepen 10%<\/td>\n<\/tr>\n<tr>\n<td width=\"156\"><strong>Klimaat:<\/strong><\/td>\n<td width=\"671\">Van juni tot november regenseizoen &#8211; heet en vochtig met zuidwesten wind; Van december tot mei droge seizoen met hete, noordoosten harmattan wind<\/td>\n<\/tr>\n<tr>\n<td width=\"156\"><strong>Milieuproblemen:<\/strong><\/td>\n<td width=\"671\">Ontbossing; bodemvervuiling en erosie; overbevissing; overbevolking in beboste gebieden; slechte drinkwatervoorziening<\/td>\n<\/tr>\n<tr>\n<td width=\"156\"><strong>Economie:<\/strong>&nbsp;<\/p>\n<p>&nbsp;<\/td>\n<td width=\"671\">Guinee bezit belangrijke mineralen, hydro-elektriciteit en landbouw mogelijkheden, toch geldt het als een arm ontwikkelingsland. Het land beschikt over&nbsp; 30% van bauxiet reserves van de wereld en is de tweede grootste bauxiet producent. The mijnbouw was goed voor 75% van de exportinkomsten in 1999. Lange termijn verbeteringen op fiscaal vlak, onderwijs en rechtssysteem is nodig om Guinee uit de armoede te halen. De huidige regering boekte goede vooruitgang in 1997-99 om het budget te beheersen en werd geprezen door de World Bank\/IMF.&nbsp; Helaas verstoorde de burgeroorlogen Si\u00ebrra Leone en Liberia de economische groei. Ook buitenlandse investeerders lieten zich afschrikken door het geweld aan de grenzen en de mijnbouwbedrijven trokken hun experts terug. De economische groei is in 2001 teruggevallen naar 2%.<\/td>\n<\/tr>\n<tr>\n<td width=\"156\"><strong>Natuurlijke hulpbronnen:<\/strong><\/td>\n<td width=\"671\">Bauxiet, ijzer, diamant, goud, uranium, waterkracht, vis<\/td>\n<\/tr>\n<tr>\n<td width=\"156\"><strong>Landbouwproducten:<\/strong><\/td>\n<td width=\"671\">Rijst, koffie, ananas, palmpitten, cassave, bananen, zoete aardappels; hout &#8211; vee: schapen, geiten;<\/td>\n<\/tr>\n<tr>\n<td width=\"156\"><strong>Geld:<\/strong><\/td>\n<td width=\"671\">Guinese frank (GNF) 1 euro = 1817 GNF<\/td>\n<\/tr>\n<tr>\n<td width=\"156\"><strong>Elektriciteitsproductie:<\/strong><\/td>\n<td width=\"671\">fossiele brandstof:&nbsp; 46.67%&nbsp; hydro-elektriciteit:&nbsp; 53.33%<\/td>\n<\/tr>\n<tr>\n<td width=\"156\"><strong>Economische groei:<\/strong><\/td>\n<td width=\"671\">5% in 2000&nbsp;&#8211; 2 % in 2001<\/td>\n<\/tr>\n<tr>\n<td width=\"156\"><strong>Inflatie:<\/strong><\/td>\n<td width=\"671\">6% geschat in 2000<\/td>\n<\/tr>\n<tr>\n<td width=\"156\"><strong>Inkomen:<\/strong><\/td>\n<td width=\"671\">$1.300&nbsp; per hoofd van de bevolking &#8211; geschat in 2000&nbsp;In vergelijk met NL: $ 24.400<\/td>\n<\/tr>\n<tr>\n<td width=\"156\"><strong>Armoedegrens:<\/strong><\/td>\n<td width=\"671\">40 % van de bevolking leeft onder de armoedegrens<\/td>\n<\/tr>\n<tr>\n<td width=\"156\"><strong>Buitenlandse schuld:<\/strong><\/td>\n<td width=\"671\">$3.6 miljard geschat in 1999<\/td>\n<\/tr>\n<tr>\n<td width=\"156\"><strong>Economische hulp:<\/strong><\/td>\n<td width=\"671\">$ 359.2 miljoen in 1998<\/td>\n<\/tr>\n<tr>\n<td width=\"156\"><strong><a href=\"http:\/\/amnesty.org\/en\/region\/guinea\" target=\"_blank\" rel=\"noopener\">Mensenrechten:<\/a><\/strong><\/td>\n<td width=\"671\">Gegevens van Amnesty International<\/td>\n<\/tr>\n<tr>\n<td width=\"156\"><strong>Internet landen code:<\/strong><\/td>\n<td width=\"671\">.gn<\/td>\n<\/tr>\n<\/tbody>\n<\/table>\n<h3 style=\"text-align: center;\"><strong>Speciale plaatsen<\/strong><\/h3>\n<p>&nbsp;<\/p>\n<h3>De hoofdstad Conakry<\/h3>\n<p>Conakry heeft een typische Afrikaanse sfeer. Als je rustig slentert door de straten op een zondagmorgen, heb je grote kans dat je een straatfestiviteit tegen komt, met groepen dansende mensen musicerend met lokale instrumenten. Het kan hier om een begrafenis of huwelijk betreffen. De stad, gelegen op een nauw schiereiland waardoor de zee steeds nabij is, heft geen kans te groeien. De noordkant van de stad breid zich steeds verder uit. De &#8220;autoroute&#8221; die de noord-zuid verbinding is, heet Route du Niger en meer in het hart van het gezellige centrum Ave de la R\u00e9publique. Hier vindt men de banken, luchtvaartmaatschappijen,winkels en vooral veel restaurants.<\/p>\n<p>Het Mus\u00e9e National heeft een representatieve collectie Afrikaanse maskers, beelden, en muziekinstrumenten, tentoongesteld in \u00e9\u00e9n grote ruimte. Het entree is gratis. Het Palais de l&#8217;OUA was ooit bedoeld voor een conferentie van de Organisatie van Afrikaanse Eenheid &#8211; OAU maar de toenmalige president Sekou Tour\u00e9 stierf. Nu doet het dient als het presidentieel paleis. Ga er vooral niet &#8216;s nachts naar toe want de bewakers staan er om bekend dat zij eerst schieten en dan vragen. Tegenover het paleis staan 50 identieke villa&#8217;s in een Moorse stijl die nu gebruikt worden als kantoren van internationale organisaties, zoals UNICEF, het IMF en de Wereld Bank. Het Palais du Peuple is een enorm auditorium door de Chinezen gebouwd, ligt aan de noordkant van de Route du Niger, en is de thuisbasis van de twee nationale balletgezelschappen.<\/p>\n<p>De \u00celes de Los is een groep kleine eilanden op vijf tot tien kilometer zuid-west van Conakry,en is vooral populair als recreatiegebied voor de zon- en feestdagen. Vanaf het strand bij het Novotel kun je met een gemotoriseerde pirogue naar de eilanden gaan. Er is nauwelijks goedkope accommodatie in Conakry; het vangt aan met US$ 25 per persoon. Vandaag de dag heeft Conakry steeds meer last van misdaad, speciaal rond de March\u00e9 du Niger. Helaas, de March\u00e9 is een van de beste plaatsen voor kleine goedkope straatrestaurantjes van het centrum. Als je besluit om Conakry te vermijden, heeft Coyah, ongeveer 50 km ten noorden, wel redelijk betaalbare accommodatie en het is een stuk rustiger dan de hoofdstad.<\/p>\n<h3>Gu\u00e9ck\u00e9dou<\/h3>\n<p>Gu\u00e9ck\u00e9dou ligt bij de grenzen van Si\u00ebrra Leone en Liberia en is een belangrijk smokkelaarcentrum. De woensdagmarkt is enorm, met handelaren vanuit heel Guinee, Si\u00ebrra Leone, Liberia, C\u00f4te d&#8217;Ivoire en Mali. Men kan hier van alles kopen in allerlei valuta, verder is de markt uniek omdat er de enige functionerende openbare toilet is van Guinee . Buiten de markt biedt de stad weinig maar er zijn wel enige betaalbare hotels.<br \/>\nGu\u00e9ck\u00e9dou ligt ongeveer 700km zuid-oost van Conakry. De weg is geheel geasfalteerd.<\/p>\n<p>&nbsp;<\/p>\n<h3>Kankan<\/h3>\n<p>Kankan is de tweede stad van Guinee en is het spiritueel centrum van het eens zo machtig volk van de Malink\u00e9, ook wel Mandinka genoemd. Zelfs de Malink\u00e9 uit Senegal en Gambia zien de stad als een soort van hoofdstad en hebben er veelal familie wonen. Vroeger was het de hoofdstad van het oude rijk Mali; nu is het er rustig. De belangrijkste plekken van de stad zijn de open markt met zijn galerij met bogen, de overdekte markt en de Grande Mosqu\u00e9e. De huismeester van deze Moskee leid je rond tegen een kleine vergoeding. Tegenover de Moskee is een kleine werkplaats waar men beelden maakt. Ook het oude presidentiele paleis, uitkijkend over de rivier Milo, is de moeite waard. Kankan ligt op 500km van Conakry.<\/p>\n<h3>Fouta Djalon<\/h3>\n<p>Dit plateau is oorsprong van de Fula populatie. Het is een prachtig gebied met groene heuvels van 1000m hoog. Het is er een stuk koeler dan de lager gelegen delen van Guinee en daarom een van de beste plaatsen in West-Afrika om te wandelen.<\/p>\n<h3>Mamou<\/h3>\n<p>Ook wel genoemd &#8220;de poort naar de Fouta Djalon&#8221;, is een klein levendig stadje met een openluchtbioscoop. Het is ook een goede plek voor en goedkope maaltijd. Mamou ligt op 220 km van Conakry en is bereikbaar via een asfaltweg.<\/p>\n<h3>Dalaba<\/h3>\n<p>Is aan de hoofdweg van Mamou en een goed uitgangspunt voor wandeltochten in de mooie omgeving. Het was het therapeutisch centrum van de Fransen omdat het er koel is met zijn hoogte van 1000 m. Buiten de stad is het &#8220;Centre d&#8217;Accueil &#8221; waar in vroegere tijden de kolonialen zich kwamen verpozen. Ook nu nog is het de beste plaats voor informatie over de omgeving. Na Dalaba ligt het kleine plaatsje Pita vanwaar men de chutes de Kinkon, de watervallen die zeker de moeite waard zijn om te bezoeken. Onderweg passeert men tal van dorpjes in de heuvels.<\/p>\n<h3>De stad Lab\u00e9<\/h3>\n<p>Aan het einde van de asfaltweg vanuit Conakry is Guinee&#8217;s derde grote stad. Het centrum ligt op een heuvel waar de markt en de meeste winkels zijn..<\/p>\n<h3>Faranah<\/h3>\n<p>Als de avond valt, komt het leven opgang in de verschillende caf\u00e9s en restaurants. Ex-president Sekou Tour\u00e9 kwam uit dit gebied en dat is nadrukkelijk te zien. Men vindt er brede boulevards, een conferentie centrum, een grote moskee en een imponerende villa, wat nu dienst doet als hotel. De grote levendige markt vindt plaats op maandag . Faranah is slechts 150km verwijderd van de bron van de rivier de Niger. De plaats ligt op 420 km ten oosten van Conakry.<\/p>\n<h3>Kindia<\/h3>\n<p>Kindia staat bekend om de wevers die de kenmerkende stroken textiel maken. Achter het spoorwegstation kan men hun ateliers bezichtigen. Hier in de buurt is het centrum waar men indigo vervaardigd. De kledingmarkt is de grootste van Guinee. De Bridal watervallen (La Voile de la Mari\u00e9e) is de belangrijkste attractie van Kindia, 14 km buiten de stad, maar het is alleen gedurende het regenseizoen, wanneer er genoeg water is. Er is in de buurt een klein restaurant waar je voor US$6 een eenvoudige maaltijd krijgt en men kan er een bungalow huren. Kindia ligt op 140km van Conakry en is bereikbaar via een asfaltweg.<\/p>\n","protected":false},"excerpt":{"rendered":"<p>Guinee Gegevens &nbsp; &nbsp; &nbsp; &nbsp; Introductie: Guinee werd onafhankelijk van Frankrijk in 2 oktober 1958. De brute dictator Sekou Tour\u00e9, die Guinee vanaf het begin in zijn greep had, stierf aan hartaanval in 1984. Drie dagen daarna namen aan aantal officieren onder leiding van Lasanna Cont\u00e9 de macht over. \u2026 <a class=\"continue-reading-link\" href=\"https:\/\/afrikatour.nl\/guinee\/guineegegevens\/\">Lees verder<\/a><\/p>\n","protected":false},"author":1,"featured_media":0,"parent":0,"menu_order":0,"comment_status":"closed","ping_status":"open","template":"","meta":{"ngg_post_thumbnail":0,"footnotes":"","_links_to":"","_links_to_target":""},"class_list":["post-80","page","type-page","status-publish","hentry"],"_links":{"self":[{"href":"https:\/\/afrikatour.nl\/guinee\/wp-json\/wp\/v2\/pages\/80","targetHints":{"allow":["GET"]}}],"collection":[{"href":"https:\/\/afrikatour.nl\/guinee\/wp-json\/wp\/v2\/pages"}],"about":[{"href":"https:\/\/afrikatour.nl\/guinee\/wp-json\/wp\/v2\/types\/page"}],"author":[{"embeddable":true,"href":"https:\/\/afrikatour.nl\/guinee\/wp-json\/wp\/v2\/users\/1"}],"replies":[{"embeddable":true,"href":"https:\/\/afrikatour.nl\/guinee\/wp-json\/wp\/v2\/comments?post=80"}],"version-history":[{"count":0,"href":"https:\/\/afrikatour.nl\/guinee\/wp-json\/wp\/v2\/pages\/80\/revisions"}],"wp:attachment":[{"href":"https:\/\/afrikatour.nl\/guinee\/wp-json\/wp\/v2\/media?parent=80"}],"curies":[{"name":"wp","href":"https:\/\/api.w.org\/{rel}","templated":true}]}}