{"id":23,"date":"2015-02-28T13:09:09","date_gmt":"2015-02-28T12:09:09","guid":{"rendered":"https:\/\/afrikatour.nl\/libie\/?page_id=23"},"modified":"2017-09-07T19:39:26","modified_gmt":"2017-09-07T17:39:26","slug":"gegevens","status":"publish","type":"page","link":"https:\/\/afrikatour.nl\/libie\/gegevens\/","title":{"rendered":"Gegevens"},"content":{"rendered":"<h3 style=\"text-align: center;\"><a href=\"https:\/\/afrikatour.nl\/libie\/wp-content\/uploads\/sites\/54\/2015\/02\/Vlag-Libie.gif\"><img loading=\"lazy\" decoding=\"async\" class=\"alignleft size-full wp-image-15\" src=\"https:\/\/afrikatour.nl\/libie\/wp-content\/uploads\/sites\/54\/2015\/02\/Vlag-Libie.gif\" alt=\"Vlag Libie\" height=\"180\" width=\"240\"><\/a><strong>Gegevens van Libi\u00eb<\/strong><\/h3>\n<table width=\"59%\">\n<tbody>\n<tr>\n<td width=\"22%\"><strong>Geschiedenis<\/strong><\/p>\n<p>&nbsp;<\/td>\n<td rowspan=\"4\" width=\"77%\">Libi\u00eb heeft een lange geschiedenis. Phoenici\u00ebrs, Romeinen, Vandalen, Arabieren, Spanjaarden, Ottomanen en Itali\u00eb beheersten het land voor kortere of langere tijd. Blijvend is de voetafdruk van de Arabieren geweest, die in de 7e eeuw het gebied veroverden en zich vermengden met de inheemse Berber bevolking.&nbsp; Vanaf de zestiende eeuw vielen delen van Libi\u00eb in het Ottomaanse Rijk. De \u2018beys\u2019 van Tripoli genoten een grote mate van onafhankelijkheid. Nederland sloot al op 21 juni 1683 een verdrag van vriendschap en handel met de toenmalige bey. In 1911 veroverde Itali\u00eb Libi\u00eb op Turkije. Pas in 1931 kwam er een einde aan gewapende Libische weerstand. De erfopvolgers van de religieuze leider Muhammed Ibn Al-Sanussi,&nbsp; wiens invloed zich in de 19e eeuw over de bevolkingscentra Tripolitana, Cyrenaica en Fezzan verspreidde, gaven leiding aan de strijd tegen de Italianen.&nbsp; Tijdens de Tweede Wereldoorlog koos Emir Sayyid Idris Sanussi de zijde van de Geallieerden. Na de Geallieerde overwinning in Noord Afrika kwam er Brits militair bestuur in Tripolitana en Cyrenaica en Frans militair bestuur in Fezzan.&nbsp;Het vredesverdrag met Itali\u00eb van 1947 bepaalde dat dit land zijn aanspraken op Libi\u00eb verloor. In 1949 kreeg Cyrenaica, dat het stamgebied van de Sanussi\u2019s was, de onafhankelijkheid. Later dat jaar volgde een VN besluit dat een verenigd Libi\u00eb in 1951 onafhankelijk zou worden. Op 24 december 1951 riep Emir Idris Sanussi de onafhankelijkheid uit. Libi\u00eb kreeg als staatsvorm een constitutionele monarchie met Idris I als koning.<\/p>\n<p>Libi\u00eb kampte na de onafhankelijkheid met ernstige politieke, economische en financi\u00eble moeilijkheden. Van de Verenigde Staten en Groot-Brittanni\u00eb ontving Libi\u00eb financi\u00eble steun in ruil voor de vestiging van Amerikaanse en Britse militaire bases op zijn grondgebied. Een grote verandering in de economische situatie voltrok zich toen in 1959 werd ontdekt dat Libi\u00eb de rijkste aardolievoorraden van het Afrikaanse continent herbergde. De Libische overheid kon bij de exploitatie van de olie gunstige concessies bedingen waardoor het land van financi\u00eble zelfstandigheid verzekerd was.<\/p>\n<p>Op 1 september 1969 pleegde een groep legerofficieren een staatsgreep onder leiding van kolonel Muammar al-Kaddafi. De monarchie werd afgeschaft en de Libische Arabische Republiek uitgeroepen. Kaddafi wierp zich op als voorvechter van Arabische eenheid en beloofde in eigen land sociale rechtvaardigheid en gelijke verdeling van de welvaart. In 1970 verloren Engeland en de Verenigde Staten hun militaire steunpunten en werd de oliesector genationaliseerd.<\/p>\n<p>In de tweede helft van de jaren zeventig koos het Libi\u00eb van Kaddafi een steeds activistischer koers. Een breed scala van organisaties ontving Libische steun, vari\u00ebrend van het Zuidafrikaanse ANC tot de Ierse IRA. Kaddafi intervenieerde militair in Tjaad en Libische militairen verschenen ook elders in Afrika als adviseurs. In 1981 verkoos Libi\u00eb open confrontatie met de de Verenigde Staten; de Libische luchtmacht beschoot Amerikaanse jachtvliegtuigen&nbsp; boven de Golf van Sirte, dat Libi\u00eb tot zijn territoir rekent. Hierop volgde een invoerverbod op Libische olie van de Verenigde Staten. In 1984 schortte Engeland alle betrekkingen met Libi\u00eb op nadat een politie agent vanuit de Libische ambassade in Londen was doodgeschoten.<\/p>\n<p>Een serie aanslagen in de tweede helft van de 80-er jaren leidden tot een isolering van Libi\u00eb. De aanslag op PanAm vlucht 103 boven Lockerbie in 1988 is de bekendste. Ook in aanslagen in 1986 op de Berlijnse \u2018La Belle\u2019 discotheek en in 1989 op een vlucht van de Franse luchtvaartmaatschappij UTA boven Mali werd de Libische hand vermoed. In 1999 oordeelde een Franse rechtbank zes Libi\u00ebrs schuldig aan de UTA aanslag en veroordeelde hen tot levenslang (bij verstek). In 2001 oordeelde de Schotse rechtbank in Kamp Zeist \u00e9\u00e9n van twee Libische Lockerbie verdachten schuldig en legde deze levenslang op. Eveneens in 2001 oordeelde een Duitse rechtbank een medewerker van de Libische Ambassade in Oost-Berlijn schuldig aan de \u2018La Belle\u2019 aanslag. Hij kreeg zestien jaar gevangenisstraf.<\/p>\n<p>In 1986 besloten de VS en de EU tot sanctiemaatregelen tegen Libi\u00eb. In 1992 volgden&nbsp; sancties van de Verenigde Naties in verband met de Lockerbie aanslag.&nbsp; In 1999 werden de VN sancties opgeschort nadat Libi\u00eb gehoor had gegeven aan de oproep van de Veiligheidsraad verdachten van de Lockerbie aanslag uit te leveren. Op 12 september 2003 werden alle VN sancties be\u00ebindigd nadat&nbsp; Libi\u00eb zich verantwoordelijk voor het handelen van de veroordeelde Lockerbie aanslagpleger had verklaard, een smartengeldregeling voor nabestaanden van slachtoffers van de Lockerbie aanslag was overeengekomen met de Verenigde Staten en Engeland en terrorisme had afgezworen.<\/p>\n<p>Na de aanslagen in de Verenigde Staten op 11 september 2001 betuigde Kaddafi zijn afschuw over de gebeurtenissen en verklaarde zich bereid te helpen in de strijd tegen al-Qa`ida. Op 19 december 2003 kwam Libi\u00eb, na maanden van geheime onderhandelingen met de Verenigde Staten en het Engeland, openlijk er voor uit aan de ontwikkeling van massavernietigingswapens gewerkt te hebben en verklaarde het zich bereid zich te onderwerpen aan internationale non-proliferatiecontroleregimes.<\/p>\n<p><strong>Door de ontwikkelingen in 2011 kloppen de onderstaande gegevens niet meer.<\/strong><\/td>\n<\/tr>\n<tr>\n<td width=\"22%\">&nbsp;<\/td>\n<\/tr>\n<tr>\n<td width=\"22%\">&nbsp;<\/td>\n<\/tr>\n<tr>\n<td width=\"22%\">&nbsp;<\/td>\n<\/tr>\n<\/tbody>\n<\/table>\n<h3 style=\"text-align: center;\"><strong>Algemene gegevens<\/strong><\/h3>\n<table width=\"1067\">\n<tbody>\n<tr>\n<td width=\"195\">Oppervlakte<\/td>\n<td width=\"872\">1.759.540 km\u00b2 (42 x Nederland)<\/td>\n<\/tr>\n<tr>\n<td width=\"195\">Hoofdstad<\/td>\n<td width=\"872\">Tripoli<\/td>\n<\/tr>\n<tr>\n<td width=\"195\">Inwonertal<\/td>\n<td width=\"872\">5,2 miljoen (2000)<\/td>\n<\/tr>\n<tr>\n<td width=\"195\">Bevolkingsdichtheid<\/td>\n<td width=\"872\">2,9&nbsp; inwoners per km\u00b2 (2000)<\/td>\n<\/tr>\n<tr>\n<td width=\"195\">Godsdienst<\/td>\n<td width=\"872\">De Islam is de offici\u00eble godsdienst die door nagenoeg&nbsp; de gehele bevolking beleden wordt.<\/td>\n<\/tr>\n<tr>\n<td width=\"195\">Taal<\/td>\n<td width=\"872\">Arabisch en enkele Berbertalen.<\/td>\n<\/tr>\n<tr>\n<td width=\"195\">Nationale feestdagen<\/td>\n<td width=\"872\">1 september, 2 maart. Vrijdag is een vrije dag.<\/td>\n<\/tr>\n<tr>\n<td width=\"195\">Klimatologische gesteldheid<\/td>\n<td width=\"872\">Mediterraan aan de kust, woestijnklimaat.<\/td>\n<\/tr>\n<\/tbody>\n<\/table>\n<h3 style=\"text-align: center;\"><strong>Staatkundige gegevens<\/strong><\/h3>\n<table width=\"887\">\n<tbody>\n<tr>\n<td width=\"191\">Staatshoofd<\/td>\n<td width=\"685\">De soevereiniteit berust formeel bij het volk, doch de feitelijke macht is in handen van Kolonel Muammar al-Kaddafi, &#8216;Leider van de Revolutie&#8217;, die in de praktijk alle rechten en privileges van het staatshoofdschap krijgt.<\/td>\n<\/tr>\n<tr>\n<td width=\"191\">Premier (v.h. Algemeen Volkscomit\u00e9)<\/td>\n<td width=\"685\">Shukri Ghanem<\/td>\n<\/tr>\n<tr>\n<td width=\"191\">Minister van Buitenlandse Zaken en Internationale Samenwerking<\/td>\n<td width=\"685\">Abderrahman Mohamed Shalagham<\/td>\n<\/tr>\n<tr>\n<td width=\"191\">Minister van Economie en Handel<\/td>\n<td width=\"685\">Abdelkader Omer Belkheir<\/td>\n<\/tr>\n<tr>\n<td width=\"191\">Staatsvorm<\/td>\n<td width=\"685\">Jamahiriya (Staat van de massa: directe vertegenwoordiging van het volk via het Algemeen Volkscongres)<\/td>\n<\/tr>\n<tr>\n<td width=\"191\">Parlement<\/td>\n<td width=\"685\">Algemeen Volkscongres<\/td>\n<\/tr>\n<\/tbody>\n<\/table>\n<h3 style=\"text-align: center;\"><strong>Demografische gegevens<\/strong><\/h3>\n<table width=\"729\">\n<tbody>\n<tr>\n<td width=\"188\">Natuurlijk bevolkingsgroei<\/td>\n<td width=\"527\">3,1% (1975-1999)<\/td>\n<\/tr>\n<tr>\n<td width=\"188\">Geboorten (per 1000 inwoners)<\/td>\n<td width=\"527\">27,6 (2002, schatting CIA World Factbook)<\/td>\n<\/tr>\n<tr>\n<td width=\"188\">Overlijdens (per 1000 inwoners)<\/td>\n<td width=\"527\">3,5 (2002, schatting CIA World Factbook)<\/td>\n<\/tr>\n<tr>\n<td width=\"188\">Levensverwachting<\/td>\n<td width=\"527\">75,0 jaar (v), 70,4 jaar (m) (2001)<\/td>\n<\/tr>\n<\/tbody>\n<\/table>\n<h3 style=\"text-align: center;\"><strong>Economische gegevens<\/strong><\/h3>\n<table width=\"856\">\n<tbody>\n<tr>\n<td width=\"186\">BBP<\/td>\n<td width=\"659\">US$ 34,0 miljard (2000)<\/td>\n<\/tr>\n<tr>\n<td width=\"186\">Economische groei<\/td>\n<td width=\"659\">2,6% (2000)<\/td>\n<\/tr>\n<tr>\n<td width=\"186\">BBP per capita<\/td>\n<td width=\"659\">US$ 6.539 (2000)<\/td>\n<\/tr>\n<tr>\n<td width=\"186\">Inflatie<\/td>\n<td width=\"659\">1,7% (2000, schatting EIU)<\/td>\n<\/tr>\n<tr>\n<td width=\"186\">Beroepsbevolking per sector<\/td>\n<td width=\"659\">Diensten 57%, industrie 29%, landbouw 17% (1997, schatting CIA World Factbook)<\/td>\n<\/tr>\n<tr>\n<td width=\"186\">Werkloosheid<\/td>\n<td width=\"659\">30% (2000, schatting CIA World Factbook)<\/td>\n<\/tr>\n<tr>\n<td width=\"186\">Uitvoer<\/td>\n<td width=\"659\">US$ 13,9 miljard (2003, schatting EIU)<\/td>\n<\/tr>\n<tr>\n<td width=\"186\">&#8211; belangrijke producten<\/td>\n<td width=\"659\">Olie en gas<\/td>\n<\/tr>\n<tr>\n<td width=\"186\">&#8211; belangrijkste partners<\/td>\n<td width=\"659\">Itali\u00eb, Duitsland, Spanje, Turkije<\/td>\n<\/tr>\n<tr>\n<td width=\"186\">Invoer<\/td>\n<td width=\"659\">US$ 3,9 miljard (2003, schatting EIU)<\/td>\n<\/tr>\n<tr>\n<td width=\"186\">&#8211; belangrijke producten<\/td>\n<td width=\"659\">Machines, transportmateriaal, ijzer- en staalprodukten<\/td>\n<\/tr>\n<tr>\n<td width=\"186\">&#8211; belangrijkste partners<\/td>\n<td width=\"659\">Itali\u00eb, Duitsland, Zuid-Korea, Verenigd Koninkrijk<\/td>\n<\/tr>\n<tr>\n<td width=\"186\">Valuta<\/td>\n<td width=\"659\">Libische Dinar<\/td>\n<\/tr>\n<tr>\n<td width=\"186\">Buitenlandse schuld<\/td>\n<td width=\"659\">US$ 4,6 miljard (2000)<\/td>\n<\/tr>\n<tr>\n<td width=\"186\">Debt-service ratio<\/td>\n<td width=\"659\">5,3 % (2003, schatting EIU)<\/td>\n<\/tr>\n<tr>\n<td width=\"186\">Saldo handelsbalans<\/td>\n<td width=\"659\">US$ 10 miljard (2003)<\/td>\n<\/tr>\n<tr>\n<td width=\"186\">Lopende rekening betalingsbalans<\/td>\n<td width=\"659\">US$ 8.8 miljoen (2003, schatting EIU)<\/td>\n<\/tr>\n<tr>\n<td width=\"186\"><strong>Economische situatie<\/strong><\/p>\n<p>&nbsp;<\/p>\n<p>&nbsp;<\/p>\n<p>&nbsp;<\/p>\n<p>&nbsp;<\/p>\n<p>&nbsp;<\/p>\n<p>&nbsp;<\/td>\n<td width=\"659\">De Libische economie is in 2003, met de stijging van&nbsp; olieprijzen, weer enigszins uit de malaise. Deze olie-inkomenseconomie kampt met structurele zwaktes.&nbsp; De bedrijvigheid buiten de olie sector is vrijwel statisch en er is een hoge werkloosheid onder de autochtone bevolking. Het economische leven wordt door de staat beheerst.<\/p>\n<p>Sinds 2000 is het Libisch beleid gericht op liberalisering van het economisch leven. Particuliere nering wordt weer toegestaan, het streven is naar privatisering van de grote staatssector en buitenlandse investeringen worden aangemoedigd.<\/p>\n<p>Er is sprake van een relatief hoge inflatie (in 2000 12%, over 1996-2000 gem. 23,6%). Subsidies op basisvoedingsmiddelen en de kosten van onderwijs en volksgezondheid leggen een aanzienlijk beslag op de staatsbegroting.<\/td>\n<\/tr>\n<\/tbody>\n<\/table>\n<h3 style=\"text-align: center;\"><strong>Ontwikkelingsrelevante indicatoren<\/strong><\/h3>\n<table width=\"858\">\n<tbody>\n<tr>\n<td width=\"186\">Groeisectoren<\/td>\n<td width=\"661\">Olie- en gasindustrie, transportsector, toerisme.<\/td>\n<\/tr>\n<tr>\n<td width=\"186\">Human development index<\/td>\n<td width=\"661\">0,783 (61e plaats, 2001)<\/td>\n<\/tr>\n<tr>\n<td width=\"186\">Human poverty index<\/td>\n<td width=\"661\">15,7 % (29e plaats, 2001)<\/td>\n<\/tr>\n<tr>\n<td width=\"186\">Gender-related development index<\/td>\n<td width=\"661\">0,748 (59e plaats, 1999)<\/td>\n<\/tr>\n<tr>\n<td width=\"186\">% inwoners die de leeftijd van 40 niet haalt<\/td>\n<td width=\"661\">4,5 % (2000-2005)<\/td>\n<\/tr>\n<tr>\n<td width=\"186\">Alfabetisering (% 15 jr. en ouder)<\/td>\n<td width=\"661\">69,3 (v), 91,3 (m) (2001)<\/td>\n<\/tr>\n<tr>\n<td width=\"186\">% mensen met toegang tot veilig drinkwater<\/td>\n<td width=\"661\">72 % (2000)<\/td>\n<\/tr>\n<tr>\n<td width=\"186\">% mensen met toegang tot betaalbare essenti\u00eble medicijnen<\/td>\n<td width=\"661\">95 % &#8211; 100 % (1999)<\/td>\n<\/tr>\n<tr>\n<td width=\"186\">% kinderen tot 5 jaar met ondergewicht<\/td>\n<td width=\"661\">5 % (1995-2001)<\/td>\n<\/tr>\n<\/tbody>\n<\/table>\n<h3 style=\"text-align: center;\">&nbsp;<strong>Binnenlandse politiek<\/strong><\/h3>\n<table width=\"48%\">\n<tbody>\n<tr>\n<td width=\"66%\">In de nieuwe orde van na de militaire coup van 1969 is sindsdien in feite weinig veranderd. Oppositie wordt niet geduld. Burgerlijke vrijheden zijn zeer beperkt. Heel ingrijpend was de beperking in 1978 van het eigendomsrecht en de vrije nering. Bijzonder in de Arabische context is dat Kaddafi een eigen interpretatie van de Islam ontwikkelde. Hierin paste het bezittingen te nationaliseren Islamitische charitatieve stichtingen die van vanouds invloedrijk waren.<\/p>\n<p>In de meer dan dertig jaar van Kaddafi\u2019s bewind is zijn gezag alleen vanuit zijn eigen militaire apparaat bedreigd geweest. Een couppoging van dissidente legerofficieren in 1975 eindigde met de executie van 22 militairen. In 1980 vielen bij een muiterij in Cyrenaica honderden doden. In de diaspora opereren verschillende oppositionele groepering. Hun rijen werden in de 80-er jaren uitgedund door een golf van moorden. Meer recent zijn aanslagen op militairen installaties door militante islamistische groeperingen opge\u00ebist.<\/p>\n<p>Tijdens het Algemeen Volkscongres van juni 2003 kwam er een wisseling in de samenstelling van de regering. De in de VS opgeleide econoom Shukri Ghanem werd premier. Als minister van Economische Zaken gaf hij voorheen leiding aan de liberalisering van de economie.<\/td>\n<\/tr>\n<\/tbody>\n<\/table>\n<h3 style=\"text-align: center;\">&nbsp;<strong>Mensenrechten<\/strong><\/h3>\n<table width=\"48%\">\n<tbody>\n<tr>\n<td width=\"66%\">De naleving van de mensenrechten in Libi\u00eb laat ernstig te wensen over. De elementaire voorwaarden voor een rechtsstaat ontbreken. Er bestaat geen vrijheid van pers, vereniging of vergadering en er is een verbod op de partijvorming. Er zijn aanhoudende berichten over willekeurige detenties en foltering van gedetineerden. Honderden personen zouden meer dan tien jaar vast zitten wegens hun overtuiging. Het zicht op de mensenrechtensituatie is zeer moeilijk aangezien onafhankelijke waarnemers of (VN-) rapporteurs niet tot het land worden toegelaten. Thans trekt de aandacht de rechtzaak tegen een zestal Bulgaarse medici die meer dan vier jaar in voorarrest hebben gezeten op verdenking van het met opzet verspreiden van HIV.<\/p>\n<h3 style=\"text-align: center;\"><strong>Sociale situatie<\/strong><\/h3>\n<p>De verzorgingsstaat die Kaddafi voor ogen stond is tot zekere hoogte gerealiseerd.&nbsp; Onderwijs is gratis en verplicht voor jongens en meisjes tussen de 6 en 15 jaar. De alfabetiseringsgraad ligt met een percentage van rond de 75 op een relatief hoog niveau. De toegang tot sanitaire voorzieningen en gezondheidszorg is in vergelijking met omringende landen goed.<\/p>\n<p>Het zeer hoge aantal buitenlanders in Libi\u00eb is een bron van sociale spanning. Hun aantal wordt op twee miljoen geschat. Het gaat voor het merendeel om personen uit sub-Sahara Afrika. In 2000 kwam het tot ernstige rassenrellen. Tientallen buitenlanders vonden hierbij de dood. Er volgden strenge maatregelen die duizenden buitenlanders in interneringskampen deden belanden. Meer dan honderd buitenlanders werden veroordeeld voor \u2018ondermijning\u2019 van de staat.<\/td>\n<\/tr>\n<\/tbody>\n<\/table>\n<h3 style=\"text-align: center;\"><strong>Buitenlands beleid en veiligheidsbeleid<\/strong><\/h3>\n<table width=\"49%\">\n<tbody>\n<tr>\n<td width=\"69%\">Het Libi\u00eb van Kaddafi stond aanvankelijk op de bres voor de pan-arabische gedachte. Afzonderlijke (politieke) uniepogingen werden ondernomen met Egypte, Marokko, Algerije, Tunesi\u00eb en Soedan.&nbsp; Kaddafi&#8217;s uiteindelijke streven was destijds \u00e9\u00e9n Arabische Natie, van de Oceaan tot de Golf. In de 80-er jaren keerde Kaddafi dit visioen de rug toe. Een pan-afrikaanse missie kwam hiervoor in de plaats. Deze Afrika-missie&nbsp; heeft verschillende kanten. Zo is Libi\u00eb de gangmaker geweest van de omvorming van de Organisatie van Afrikaanse Eenheid naar de Afrikaanse Unie. Op 2 maart 2001 werd de deze Unie uitgeroepen, die na ratificatie van meer dan tweederde van de 53 lidstaten in mei 2001 van start ging. In 1998 was Libi\u00eb gangmaker bij de oprichting van Communaut\u00e9 des Pays du Sahel et du Sahara (CEN-SAD) die de regionale samenwerking moet bevorderen. Leden zijn Libi\u00eb, Soedan, Eritrea, Tsjaad, Mali, Burkina Faso, Centraal Afrikaanse Republiek en Niger. Ook heeft Libi\u00eb een bemiddelaarrol gezocht bij diverse conflicten. In 1998 en 1999 belegde Kadaffi diverse topontmoetingen om een einde te maken aan het conflict in het Grote Meren gebied. In 1999 leidde Libische bemiddeling tot een staakt-het-vuren tussen Oeganda en Kongo. Libi\u00eb heeft voorts met Egypte gewerkt aan een vredesplan voor Soedan. Na de herori\u00ebntatie op Afrika bleef Libi\u00eb wel lid van de Arabische Liga.<\/td>\n<\/tr>\n<\/tbody>\n<\/table>\n","protected":false},"excerpt":{"rendered":"<p>Gegevens van Libi\u00eb Geschiedenis &nbsp; Libi\u00eb heeft een lange geschiedenis. Phoenici\u00ebrs, Romeinen, Vandalen, Arabieren, Spanjaarden, Ottomanen en Itali\u00eb beheersten het land voor kortere of langere tijd. Blijvend is de voetafdruk van de Arabieren geweest, die in de 7e eeuw het gebied veroverden en zich vermengden met de inheemse Berber bevolking.&nbsp; \u2026 <a class=\"continue-reading-link\" href=\"https:\/\/afrikatour.nl\/libie\/gegevens\/\">Lees verder<\/a><\/p>\n","protected":false},"author":1,"featured_media":0,"parent":0,"menu_order":0,"comment_status":"closed","ping_status":"closed","template":"","meta":{"ngg_post_thumbnail":0,"footnotes":"","_links_to":"","_links_to_target":""},"class_list":["post-23","page","type-page","status-publish","hentry"],"_links":{"self":[{"href":"https:\/\/afrikatour.nl\/libie\/wp-json\/wp\/v2\/pages\/23","targetHints":{"allow":["GET"]}}],"collection":[{"href":"https:\/\/afrikatour.nl\/libie\/wp-json\/wp\/v2\/pages"}],"about":[{"href":"https:\/\/afrikatour.nl\/libie\/wp-json\/wp\/v2\/types\/page"}],"author":[{"embeddable":true,"href":"https:\/\/afrikatour.nl\/libie\/wp-json\/wp\/v2\/users\/1"}],"replies":[{"embeddable":true,"href":"https:\/\/afrikatour.nl\/libie\/wp-json\/wp\/v2\/comments?post=23"}],"version-history":[{"count":0,"href":"https:\/\/afrikatour.nl\/libie\/wp-json\/wp\/v2\/pages\/23\/revisions"}],"wp:attachment":[{"href":"https:\/\/afrikatour.nl\/libie\/wp-json\/wp\/v2\/media?parent=23"}],"curies":[{"name":"wp","href":"https:\/\/api.w.org\/{rel}","templated":true}]}}