{"id":28,"date":"2015-02-28T13:37:35","date_gmt":"2015-02-28T12:37:35","guid":{"rendered":"https:\/\/afrikatour.nl\/libie\/?page_id=28"},"modified":"2026-01-14T23:26:55","modified_gmt":"2026-01-14T22:26:55","slug":"links","status":"publish","type":"page","link":"https:\/\/afrikatour.nl\/libie\/links\/","title":{"rendered":"Links"},"content":{"rendered":"<h3 style=\"text-align: center;\"><a href=\"https:\/\/afrikatour.nl\/libie\/wp-content\/uploads\/sites\/54\/2015\/02\/Vlag-Libie.gif\"><img loading=\"lazy\" decoding=\"async\" class=\"alignleft size-full wp-image-15\" src=\"https:\/\/afrikatour.nl\/libie\/wp-content\/uploads\/sites\/54\/2015\/02\/Vlag-Libie.gif\" alt=\"Vlag Libie\" width=\"240\" height=\"180\"><\/a><strong>Links van Libi\u00eb<\/strong><\/h3>\n<table width=\"69%\">\n<tbody>\n<tr>\n<td width=\"26%\"><strong><a href=\"http:\/\/www.bbc.com\/news\/world-africa-13754897\" target=\"_blank\" rel=\"noopener\">BBC country profiles<\/a><\/strong><\/td>\n<td width=\"67%\">BBC country profiles Libya<\/td>\n<\/tr>\n<tr>\n<td width=\"26%\"><strong><a href=\"http:\/\/www.rijksoverheid.nl\/onderwerpen\/reisadviezen\/libie\" target=\"_blank\" rel=\"external noopener\">Reisadvies Libie<\/a><\/strong><\/td>\n<td width=\"67%\">Reisadvies Libie van het Ministerie van Buitenlandse Zaken<\/td>\n<\/tr>\n<tr>\n<td width=\"26%\"><a href=\"https:\/\/www.amnesty.org\/en\/countries\/middle-east-and-north-africa\/libya\/\" target=\"_blank\" rel=\"noopener\"><strong>Amnesty International<\/strong><\/a><\/td>\n<td width=\"67%\">Libi\u00eb van Amnesty International<\/td>\n<\/tr>\n<tr>\n<td width=\"26%\"><strong><a href=\"http:\/\/www.landenkompas.nl\/libie\" target=\"_blank\" rel=\"noopener\">Landenkompas.nl\/libie<\/a><\/strong><\/td>\n<td width=\"67%\">Veel informatie over Libi\u00eb van Landenkompas<\/td>\n<\/tr>\n<tr>\n<td width=\"26%\"><a href=\"http:\/\/www.yellowpages.ly\/\" target=\"_blank\" rel=\"noopener\"><strong>Yellow pages Libi\u00eb<\/strong><\/a><\/td>\n<td width=\"67%\">Belangrijke adressen in Libi\u00eb gerubriceerd naar onderwerp<\/td>\n<\/tr>\n<tr>\n<td width=\"26%\"><a href=\"http:\/\/www.albawaba.com\/Libya\" target=\"_blank\" rel=\"noopener\"><strong>Albawaba\/Libya<\/strong><\/a><\/td>\n<td width=\"67%\">Daily news from Al Bawaba<\/td>\n<\/tr>\n<tr>\n<td width=\"26%\"><a href=\"https:\/\/www.cia.gov\/library\/publications\/the-world-factbook\/geos\/ly.html\" target=\"_blank\" rel=\"noopener\"><strong>CIA\/factbook<\/strong><\/a><\/td>\n<td width=\"67%\">Libya from the CIA factbook<\/td>\n<\/tr>\n<tr>\n<td width=\"26%\"><a href=\"http:\/\/www.libyana.org\/\" target=\"_blank\" rel=\"noopener\"><strong>Libyana.org<\/strong><\/a><\/td>\n<td width=\"67%\">Libyana is a volunteer effort of Libyan women and men who love their culture and heritage<\/td>\n<\/tr>\n<\/tbody>\n<\/table>\n","protected":false},"excerpt":{"rendered":"<p>Links van Libi\u00eb BBC country profiles BBC country profiles Libya Reisadvies Libie Reisadvies Libie van het Ministerie van Buitenlandse Zaken Amnesty International Libi\u00eb van Amnesty International Landenkompas.nl\/libie Veel informatie over Libi\u00eb van Landenkompas Yellow pages Libi\u00eb Belangrijke adressen in Libi\u00eb gerubriceerd naar onderwerp Albawaba\/Libya Daily news from Al Bawaba CIA\/factbook \u2026 <a class=\"continue-reading-link\" href=\"https:\/\/afrikatour.nl\/libie\/links\/\">Lees verder<\/a><\/p>\n","protected":false},"author":1,"featured_media":0,"parent":0,"menu_order":0,"comment_status":"closed","ping_status":"closed","template":"","meta":{"ngg_post_thumbnail":0,"footnotes":"","_links_to":"","_links_to_target":""},"class_list":["post-28","page","type-page","status-publish","hentry"],"_links":{"self":[{"href":"https:\/\/afrikatour.nl\/libie\/wp-json\/wp\/v2\/pages\/28","targetHints":{"allow":["GET"]}}],"collection":[{"href":"https:\/\/afrikatour.nl\/libie\/wp-json\/wp\/v2\/pages"}],"about":[{"href":"https:\/\/afrikatour.nl\/libie\/wp-json\/wp\/v2\/types\/page"}],"author":[{"embeddable":true,"href":"https:\/\/afrikatour.nl\/libie\/wp-json\/wp\/v2\/users\/1"}],"replies":[{"embeddable":true,"href":"https:\/\/afrikatour.nl\/libie\/wp-json\/wp\/v2\/comments?post=28"}],"version-history":[{"count":1,"href":"https:\/\/afrikatour.nl\/libie\/wp-json\/wp\/v2\/pages\/28\/revisions"}],"predecessor-version":[{"id":54,"href":"https:\/\/afrikatour.nl\/libie\/wp-json\/wp\/v2\/pages\/28\/revisions\/54"}],"wp:attachment":[{"href":"https:\/\/afrikatour.nl\/libie\/wp-json\/wp\/v2\/media?parent=28"}],"curies":[{"name":"wp","href":"https:\/\/api.w.org\/{rel}","templated":true}]}}