{"id":89,"date":"2014-08-16T19:11:53","date_gmt":"2014-08-16T17:11:53","guid":{"rendered":"https:\/\/afrikatour.nl\/marokko\/?page_id=89"},"modified":"2016-12-21T02:47:46","modified_gmt":"2016-12-21T01:47:46","slug":"reistips-marokko","status":"publish","type":"page","link":"https:\/\/afrikatour.nl\/marokko\/reistips-marokko\/","title":{"rendered":"Reistips Marokko"},"content":{"rendered":"<p><a href=\"https:\/\/afrikatour.nl\/marokko\/wp-content\/uploads\/sites\/5\/2014\/08\/Vlag-Marokko.gif\"><img loading=\"lazy\" decoding=\"async\" class=\"alignleft size-full wp-image-229\" src=\"https:\/\/afrikatour.nl\/marokko\/wp-content\/uploads\/sites\/5\/2014\/08\/Vlag-Marokko.gif\" alt=\"Vlag Marokko\" width=\"240\" height=\"180\" \/><\/a><\/p>\n<h3 style=\"text-align: center;\"><strong>Reistips van Marokko<\/strong><\/h3>\n<table border=\"0\" width=\"758\">\n<tbody>\n<tr>\n<td width=\"55\">Tip 1<\/td>\n<td width=\"693\">De ramadan; de heilige vastenmaand eindigt met het\u00a0 Id-al-Fitr (Suikerfeest). Er worden cadeautjes uitgewisseld, er wordt gesnoept van zoet gebak. Vrienden en familie komen bijeen voor grote maaltijden.<\/td>\n<\/tr>\n<tr>\n<td width=\"55\">Tip 2<\/td>\n<td width=\"693\">Reisadvies van Ministerie van Buitenlandse zaken: De grensovergang tussen Marokko en Mauritani\u00eb bij Nouadhibou is officieel open, en kan zonder problemen in beide richtingen worden gebruikt.In grote delen van het grensgebied tussen Mauritani\u00eb en Westelijke Sahara, ook in de omgeving van de grensovergang bij Nouadhibou, liggen mijnenvelden. Het is daarom sterk te ontraden in dat gebied de aangegeven weg te verlaten.<\/td>\n<\/tr>\n<tr>\n<td width=\"55\">Tip 3<\/td>\n<td width=\"693\">Visa for Mauritania\u00a0 &#8211; Visa f\u00fcr Mauritani\u00ebn &#8211; The Embassy of Mauritania is moved from Rabat to CasablancaDe Ambassade van Mauritani\u00eb is verhuisd van Rabat naar Casablanca. You can apply from 9 till11 am and receive ad 3pm your Mauritanian visa in Casablanca for about 10 Euro \/100dh. The embassy is in the southern suburbs of Casablanca: Beausejour, Route d&#8217; El Jadida 382.\u00a0 Tel: 022 25 73 73.\u00a0 &#8211; Waypoint: N 33\u00b0 33. 715 &#8211; 07\u00b0 38. 684. Open, Monday to Thursday and Friday from 9 till 10,30 . Fill out the form, hand in your documents, have a fotocopy of your passport and two foto&#8217;s and the 100 Dh fee.\u00a0Das visa f\u00fcr Mauritani\u00ebn bekommt man nicht mehr in Rabat sondern in Casablanca. Route d&#8217; El Jadida 382.\u00a0 Tel: 022 25 73 73<\/p>\n<p style=\"margin: 0in 0in .0001pt 0in;\">Camping Oasis in Casa Blanca is gesloten sinds 1 januari 2008<\/p>\n<\/td>\n<\/tr>\n<tr>\n<td width=\"55\">Tip 4<\/td>\n<td width=\"693\">Het visum van Mali is in Rabat eenvoudig te verkrijgen:\u00a0To get there: go up Mohammed V, past the mosque crossroads, along Jakub Mansour (with a long low wall on the right) to a three-arched gate (Bab Zaer). Go trough the gate and continue at right at &#8216;2 o&#8217;clock&#8217;, (not sharp right) which the start of Avenue John Kennedy.<br \/>\nIt&#8217;s at Rue Zamkat Thami Lemdaour and you can get there by taking bus number 4 from the bus station in Rabat and getting off near Supermarche Suisse (ask the conductor). It&#8217;s near the Portuguese embassy for which there&#8217;s a road sign. The GPS waypoint is N 33 58.7- W 06 50.0. We could wait for the visa.<\/td>\n<\/tr>\n<tr>\n<td width=\"55\">Tip 5<\/td>\n<td width=\"693\">Een goedkope, veilige en\u00a0 rustige overnachtingsplaats is &#8216;Centre d&#8217; accueil et de repos pour les Immigr\u00e9s Marocains&#8217;, ten zuiden van Larache aan de P2 richting Ksar el Kebir &#8211; 3 \u20ac per auto.\u00a0Er zijn gratis warme douches en een restaurant en een moskee.<\/td>\n<\/tr>\n<tr>\n<td width=\"55\">Tip 6<\/td>\n<td width=\"693\">Timnay, Inter-Cultures is niet alleen een rustige camping, maar ook een plaats waar men kennis kan maken met de mensen en de cultuur van de Hoge Atlas. Er is een restaurant, winkeltje en men organiseert excursies naar de Berberdorpen in de omgeving.\u00a0Timnay ligt ongeveer 22 kilometer ten noorden van Midelt.<\/td>\n<\/tr>\n<tr>\n<td width=\"55\">Tip 7<\/td>\n<td>Gasflessen kunnen gevuld in de volgende gasfabrieken: Tanger, Larache, Mohammedia, El Jadida, Safi, Agadir, Tiznit, Marrakech, Ouarzazate, Errachidia, Beni-Mellal, Qoud-Zem, Meknes, Fes en Souk-elArba-du-Rharb<\/td>\n<\/tr>\n<tr>\n<td width=\"55\">Tip 8<\/td>\n<td width=\"693\">De route door de Gorges de Todra is bijna geheel geasfalteerd en met iedere auto te berijden. In de winter van 2007 heeft de regen de wegen van de Gorges totaal vernield. De vraag is of deze weer hersteld zullen worden.<\/td>\n<\/tr>\n<\/tbody>\n<\/table>\n<table border=\"0\" width=\"758\">\n<tbody>\n<tr>\n<td width=\"53\">Tip 9<\/td>\n<td width=\"656\">De camping Ferdaous bij Marrakech is te vinden op 13 kilometer in de richting van Casablanca in de nabijheid van een donkergroen\/geel tankstation, kosten 5 \u20ac. De taxi naar de medina van Marrakech kost 6 \u20ac. Op 8 kilometer van Marrakech is er een nieuwe camping <a href=\"http:\/\/www.lerelaisdemarrakech.com\/\" target=\"blank\"> Le Relais de Marrakech<\/a>\u00a0 in de richting van Casa Blanca, tegenover het nieuwe stadion. Waypoint: 31\u00b042&#8217;47&#8221; N &#8211; 07\u00b059&#8217;29&#8243;W\u00a0 tel: GSM 064.71.73.28<\/td>\n<\/tr>\n<\/tbody>\n<\/table>\n","protected":false},"excerpt":{"rendered":"<p>Reistips van Marokko Tip 1 De ramadan; de heilige vastenmaand eindigt met het\u00a0 Id-al-Fitr (Suikerfeest). Er worden cadeautjes uitgewisseld, er wordt gesnoept van zoet gebak. Vrienden en familie komen bijeen voor grote maaltijden. Tip 2 Reisadvies van Ministerie van Buitenlandse zaken: De grensovergang tussen Marokko en Mauritani\u00eb bij Nouadhibou is &hellip;<\/p>\n","protected":false},"author":1,"featured_media":0,"parent":0,"menu_order":0,"comment_status":"closed","ping_status":"open","template":"","meta":{"ngg_post_thumbnail":0,"footnotes":"","_links_to":"","_links_to_target":""},"class_list":["post-89","page","type-page","status-publish","hentry"],"_links":{"self":[{"href":"https:\/\/afrikatour.nl\/marokko\/wp-json\/wp\/v2\/pages\/89","targetHints":{"allow":["GET"]}}],"collection":[{"href":"https:\/\/afrikatour.nl\/marokko\/wp-json\/wp\/v2\/pages"}],"about":[{"href":"https:\/\/afrikatour.nl\/marokko\/wp-json\/wp\/v2\/types\/page"}],"author":[{"embeddable":true,"href":"https:\/\/afrikatour.nl\/marokko\/wp-json\/wp\/v2\/users\/1"}],"replies":[{"embeddable":true,"href":"https:\/\/afrikatour.nl\/marokko\/wp-json\/wp\/v2\/comments?post=89"}],"version-history":[{"count":0,"href":"https:\/\/afrikatour.nl\/marokko\/wp-json\/wp\/v2\/pages\/89\/revisions"}],"wp:attachment":[{"href":"https:\/\/afrikatour.nl\/marokko\/wp-json\/wp\/v2\/media?parent=89"}],"curies":[{"name":"wp","href":"https:\/\/api.w.org\/{rel}","templated":true}]}}