{"id":40,"date":"2014-08-20T00:22:36","date_gmt":"2014-08-19T22:22:36","guid":{"rendered":"https:\/\/afrikatour.nl\/mauritanie\/?page_id=40"},"modified":"2017-09-07T00:24:47","modified_gmt":"2017-09-06T22:24:47","slug":"gegevensmauritanie","status":"publish","type":"page","link":"https:\/\/afrikatour.nl\/mauritanie\/gegevensmauritanie\/","title":{"rendered":"Gegevens"},"content":{"rendered":"<p><a href=\"https:\/\/afrikatour.nl\/mauritanie\/wp-content\/uploads\/sites\/9\/2014\/08\/mauritanie.gif\"><img loading=\"lazy\" decoding=\"async\" class=\"alignleft wp-image-30 size-full\" src=\"https:\/\/afrikatour.nl\/mauritanie\/wp-content\/uploads\/sites\/9\/2014\/08\/mauritanie.gif\" alt=\"Vlag Mauritanie\" height=\"148\" width=\"205\"><\/a><\/p>\n<h3 style=\"text-align: center;\">Gegevens over Mauritani\u00eb<\/h3>\n<table width=\"952\">\n<tbody>\n<tr>\n<td width=\"225\"><strong>Geschiedenis:<\/strong><\/td>\n<td colspan=\"2\" rowspan=\"3\" width=\"720\">In 1960 werd de Islamitische Republiek Mauritani\u00eb onafhankelijk van Frankrijk. De hoofdstad Nouakchott werd gesticht in die periode. De eerste president van Mauritani\u00eb, Mokhtar Ould Daddah, verklaarde het land tot een eenpartijstaat en bleef 18 jaar aan de macht met zijn Parti du Peuple Mauritanien (PPM). Hij streefde naar integratie van alle Mauritaanse gemeenschappen en verbood om die reden een aantal politieke partijen die te nadrukkelijk Moorse dan wel negro-Afrikaanse belangen vertegenwoordigden.<\/p>\n<p>De PPM bleef tot 1978 de enige politieke partij en trachtte door middel van verkiezingen en partijcongressen de Mauritaanse eenheid te handhaven. In 1978 maakte een geweldloze militaire staatsgreep een einde aan het bewind van Ould Daddah.De aanleiding van deze coupe was de uitzichtloze situatie waarin het land sinds de oorlog om de Spaanse Sahara verzeild was geraakt.<\/p>\n<p>Mauritani\u00eb raakte in 1975 in deze oorlog betrokken toen Spanje zich terugtrok uit de Spaanse Sahara en het gebied verdeeld werd tussen Marokko en Mauritani\u00eb. De bevolking van de Westelijke Sahara accepteerde dat niet en de bevrijdingsbeweging Polisario begon een guerrillaoorlog tegen beide landen.De strijd had grote negatieve economische en sociale gevolgen voor Mauritani\u00eb. Aan de vooravond van de staatsgreep van 1978 stond het land aan de rand van een financi\u00eble instorting en dreigde er een burgeroorlog.<\/p>\n<p>De nieuwe regering kwam zeer snel een staakt-het-vuren met Polisario overeen en trok zich in 1979 geheel uit het conflict om de Westelijke Sahara terug. De periode hierna had Mauritani\u00eb een reeks militaire leiders (Moustapha Ould Salek, Ould Bouseif en Mohamed Khouna Ould Haidallah). Een belangrijke politieke beslissing in 1980 betrof het afschaffen van de slavernij.De huidige president kolonel Maaouya Ould Sid\u2019 Ahmed Taya kwam in december 1984 na een staatsgreep aan de macht. De eerste jaren bestuurde hij het sociaal en politiek verdeelde Mauritani\u00eb door middel van een mengsel van concessies en oppressie, waarbij georganiseerde oppositie tegen de overheid zo min mogelijk werd toegestaan.<\/p>\n<p>Toch vonden regelmatig onrusten plaats tussen de zwarte Mauritaanse bevolking en de overwegend blanke Moorse Mauritani\u00ebrs, die in de meerderheid zijn en het economische en politieke leven domineren. Vanaf begin jaren \u201990 koos de regering voor een meer pragmatische aanpak, waarbij jongere parlementari\u00ebrs werden aangesteld en burgers meer inspraakmogelijkheden kregen.In juli 1991 werd een nieuwe grondwet goedgekeurd, waarna politieke partijen werden gelegaliseerd en registratie van kiezers plaatsvond.<\/p>\n<p>In 1992 vonden de eerste vrije presidents- en parlementsverkiezingen plaats. De president werd herkozen met circa 60% van de stemmen. De voormalig minister van Buitenlandse Zaken El Avia Ould Mohamed Khouna heeft Mohamed Lemine Ould Guig in november 1998 als premier opgevolgd.Tijdens de parlementsverkiezingen in oktober 2001 behaalde de oppositie 11 van de 81 parlementszetels.<\/p>\n<p>De volgende presidentsverkiezingen hebben plaatsgevonden in november 2003.Ook deze werden gewonnen door Taya. Op 3 augustus 2005 kwam er door een staatsgreep een eind aan het bewind van Taya, die zelf ter gelegenheid van de begrafenis van Koning Fahd van Saudi Arabi\u00eb afwezig was.<\/p>\n<p>Sinds 3 augustus 2005 wordt het land geregeerd door de &#8216;Conseil Militaire pour la Justice et la Democratie&#8217; (CMJD). De CMJD heeft in een amendement op de grondwet het functioneren van de uitvoerende macht toegelicht. Het militair comit\u00e9 benoemde een civiele premier en een kabinet van 24 ministers. De regering is verantwoording verschuldigd aan de militaire raad; het parlement is ontbonden. De CMJD heeft aangegeven om zo snel mogelijk (binnen twee jaar) de parlementaire democratie terug in te voeren.<\/p>\n<p>De situatie in Mauritani\u00eb bleef na deze staatsgreep relatief rustig. De situatie in het noordoosten van het land &#8211; in het grensgebied met Mali en Algerije &#8211; is gespannen, nadat daar op 5 juni 2005 een aanval op een legerbasis plaatsvond waarbij 15 militairen omkwamen. De coupplegers, genaamd de <em>Militaire Raad voor Gerechtigheid en Democratie<\/em> benoemden hun leider kolonel Ely Ould Mohamed Vall tot nieuwe president. Hij beloofde binnen twee jaar met democratische verkiezingen te komen. 7 augustus 2005 werd Sidi Hohamed Ould Boubacar benoemd tot overgangspremier. Ould Boubacar was voorheen ook eerste minister onder de verdreven president.<\/p>\n<p>Op 26 maart 2007 werd Sidi Ould Sjeikh Abdallahi tot president verkozen bij vrij verlopen democratische verkiezingen.<\/p>\n<p><strong>Militaire coup 2008<\/strong><\/p>\n<p>Op 6 augustus 2008 berichtten de Arabische nieuwszenders al-Jazeera<sup><a href=\"http:\/\/www.afrikatour.nl\/landengegevens\/mauretanie\/gegevensmauritanie.htm#cite_note-3\">[ <\/a><\/sup>en al-Arabiya dat een staatsgreep plaatsvond in Mauritani\u00eb. Het leger heeft de macht gegrepen en de president, de premier en de minister van Binnenlandse Zaken gevangengenomen. Het voormalige hoofd van de presidenti\u00eble garde in Mauritani\u00eb, Mohamed Ould Abdel Aziz, is benoemd tot leider van een staatsraad, die het land voorlopig moet leiden.<\/p>\n<p><a href=\"http:\/\/allafrica.com\/mauritania\/\" target=\"_blank\" rel=\"noopener\">Klik hier<\/a> voor het laatste nieuws over Mauritani\u00eb.<\/p>\n<p>Sinds de staatsgreep van 2008, waarmee de huidige president de macht veroverde, is de toestand in Mauritani\u00eb kwetsbaar, met veel etnische spanningen onderhuids. De regering en oppositiepartijen hebben afgelopen maand gewerkt aan een voorstel tot verbetering van het politieke bestel. De veranderingen gaan over de macht van de premier, de verkiezingswet, de toegang van vrouwen tot de politiek, de onafhankelijke rechtspraak en goed bestuur. Een paar oppositiepartijen heeft niet meegedaan omdat er geen garantie was dat de hervormingen daadwerkelijk werden doorgevoerd.<\/p>\n<p>Toch lijken de meeste burgers te denken dat het plan goed is voor de stabiliteit en de sociale cohesie. Het staatshoofd, Mohamed Ould Abdel Aziz, vindt het een &#8216;beslissende etappe in het versterken van de democratie en de ontwikkeling&#8217;. De secretaris van de regeringspartij UPR, Medina Oumar Dia, laat weten dat ze de resultaten in het bijzonder een succes vindt voor vrouwen. Die krijgen meer kansen om politieke functies te bemachtigen.<\/p>\n<p><strong>Mager <\/strong><\/p>\n<p>Niet iedereen is echter tevreden. De deken van de orde van advocaten, Ahmed Salem Bouhoubeini, vindt de resultaten &#8216;mager&#8217;. Voorstellen als het strafbaar stellen van staatsgrepen hebben volgens hem geen zin. &#8216;Als een coup slaagt, zijn de plegers toch aan de macht, en als hij niet slaagt, vallen ze natuurlijk onder het strafrecht.&#8217; Ook zegt Bouhoubeini dat het uitbreiden van de macht van de premier, die verantwoording moet afleggen aan het parlement, de regering kan destabiliseren in een land waar de politiek vaak verziekt wordt door cli\u00ebntelisme.<\/p>\n<p>Namens de partijen die het proces hebben geboycot verklaarde Mamadou Ba, voorzitter van de Partij voor de vrijheid, dat de hervormingen geen effect hebben op de bevoegdheden die de president in handen heeft. Een serieuze dialoog zou volgens haar moeten leiden tot veranderingen die Mauritani\u00eb uit de vicieuze cirkel van autocratische regimes halen.<\/p>\n<p>Wij waren 2 maal eerder in Mauritani\u00eb, in 1985 en 1987 en nu in 2002<\/td>\n<\/tr>\n<tr>\n<td width=\"225\">&nbsp;<\/td>\n<\/tr>\n<tr>\n<td width=\"225\">&nbsp;<\/td>\n<\/tr>\n<tr>\n<td width=\"225\"><strong>Offici\u00eble naam:<\/strong><\/td>\n<td colspan=\"2\" width=\"720\">Al Jumhuriyah al Islamiyah al Muritaniyah =&nbsp;Islamitische republiek Mauritani\u00eb<\/td>\n<\/tr>\n<tr>\n<td width=\"225\"><strong>Staatshoofd:<\/strong><\/td>\n<td colspan=\"2\" width=\"720\">Sidi Ould Cheikh Abdallahi<\/td>\n<\/tr>\n<tr>\n<td width=\"225\"><strong>Regeringsleider<\/strong><\/td>\n<td colspan=\"2\" width=\"720\">Eerste Minister: premier Yahia Ould Ahmed el-Ouakef<\/td>\n<\/tr>\n<tr>\n<td width=\"225\"><strong>Staatsvorm:<\/strong><\/td>\n<td colspan=\"2\" width=\"720\">Republiek<\/td>\n<\/tr>\n<tr>\n<td width=\"225\"><strong>Hoofdstad<\/strong><\/td>\n<td colspan=\"2\" width=\"720\">Nouakchott<\/td>\n<\/tr>\n<tr>\n<td width=\"225\"><strong>Juridisch systeem:<\/strong><\/td>\n<td colspan=\"2\" width=\"720\">Een combinatie van de Shari&#8217;a (islamitische wetgeving) en het Frans burgerrecht<\/td>\n<\/tr>\n<tr>\n<td width=\"225\"><strong>Oppervlakte:<\/strong><\/td>\n<td colspan=\"2\" width=\"720\">1.030.700 km\u00b2 (circa 24x Nederland)<\/td>\n<\/tr>\n<tr>\n<td width=\"225\"><strong>Onafhankelijk:<\/strong><\/td>\n<td colspan=\"2\" width=\"720\">28 November 1960 (van Frankrijk)<\/td>\n<\/tr>\n<tr>\n<td width=\"225\"><strong>Klimatologische gesteldheid:<\/strong><\/td>\n<td colspan=\"2\" width=\"720\">80% woestijngebied (minder dan 200 mm regenval per jaar)<\/td>\n<\/tr>\n<tr>\n<td width=\"225\"><strong>Etniciteiten:&nbsp;<\/strong><\/td>\n<td colspan=\"2\" width=\"720\">Gemengd Maure\/zwart 40%, Maure 30%, zwart 30% (o.a. Wolof, Toucoulor )<\/td>\n<\/tr>\n<tr>\n<td width=\"225\"><strong>Talen:<\/strong><\/td>\n<td colspan=\"2\" width=\"720\">Offici\u00eble taal: Arabisch. Nationale talen in de grondwet naast Arabisch: Poulaar, Sonink\u00e9 en Wolof. Daarnaast wordt nog Bambara en Frans gesproken.<\/td>\n<\/tr>\n<tr>\n<td width=\"225\"><strong>&nbsp;<\/strong><strong>Religie:<\/strong><strong>&nbsp;<\/strong><\/td>\n<td colspan=\"2\" width=\"720\">Soennitische Islam 100%<\/td>\n<\/tr>\n<tr>\n<td width=\"225\"><strong>Bevolkingsaantal:<\/strong><\/td>\n<td colspan=\"2\" width=\"720\">2.747.312 inwoners &#8211; 2,7 inwoners per km\u00b2 in 2000<\/td>\n<\/tr>\n<tr>\n<td width=\"225\"><strong>Bevolkingsopbouw<\/strong><\/td>\n<td colspan=\"2\" width=\"720\">0-14 jaar:&nbsp;46.14%&nbsp; &#8211; 15-64 jaar:&nbsp;51.59%&nbsp; &#8211;&nbsp; 65 jaar en ouder:&nbsp;2.27%<\/td>\n<\/tr>\n<tr>\n<td width=\"225\"><strong>Bevolkingsgroei<\/strong><\/td>\n<td width=\"400\">2.93% 2001 geschat in Juli 2001<\/td>\n<\/tr>\n<tr>\n<td width=\"225\"><strong>Levensverwachting<\/strong><\/td>\n<td width=\"400\">&nbsp;51.14 jaar<\/td>\n<\/tr>\n<tr>\n<td width=\"225\"><strong>Kindersterfte:<\/strong><\/td>\n<td width=\"400\">76.7 op 1.000 levend geboren&nbsp;in NL = 4.37<\/td>\n<\/tr>\n<tr>\n<td width=\"225\"><strong>Ge\u00efrrigeerd Land<\/strong><\/td>\n<td width=\"400\">490 vierkante km (geschat in 1993)<\/td>\n<\/tr>\n<tr>\n<td rowspan=\"2\" width=\"225\"><strong>Grenzen<\/strong><\/td>\n<td>&nbsp;<\/td>\n<td>&nbsp;<\/td>\n<\/tr>\n<tr>\n<td width=\"360\">Algerije 463 km, Mali 2.237 km, Senegal 813km,West-Sahara 1.561 km, kust 754 km<\/td>\n<td width=\"360\">&nbsp;<\/td>\n<\/tr>\n<tr>\n<td width=\"225\"><strong>Wegen:<\/strong><\/td>\n<td colspan=\"2\" width=\"720\">totaal:<em>&nbsp;<\/em> 7.660 km &#8211; geasfalteerd<em>:&nbsp;<\/em> 866 km&nbsp; &#8211;&nbsp; pistes<em>:&nbsp;<\/em> 6.794 km (1996)<\/td>\n<\/tr>\n<tr>\n<td width=\"225\"><strong>Spoorweg:<\/strong><\/td>\n<td colspan=\"2\" width=\"720\">750 km (in eigendom van het staats mijnbedrijf)<\/td>\n<\/tr>\n<tr>\n<td width=\"225\"><strong>Havens:<\/strong><\/td>\n<td colspan=\"2\" width=\"720\">Kaedi, Nouadhibou, Nouakchott, Rosso<\/td>\n<\/tr>\n<tr>\n<td width=\"225\"><strong>Natuurlijke bronnen<\/strong><\/td>\n<td colspan=\"2\" width=\"720\">IJzer, goud, gips, vis, koper, fosfaat, diamant,<\/td>\n<\/tr>\n<tr>\n<td width=\"225\"><strong>Oppervlakte<\/strong><\/td>\n<td colspan=\"2\" width=\"720\">1.030.700&nbsp; vierkante km<\/td>\n<\/tr>\n<tr>\n<td width=\"225\"><strong>Buitenlandse schuld:<\/strong><\/td>\n<td colspan=\"2\" width=\"720\">$ 2.1 miljard (1999)<\/td>\n<\/tr>\n<tr>\n<td width=\"225\"><strong>Armoedegrens:<\/strong><\/td>\n<td colspan=\"2\" width=\"720\">Bevolking onder de armoedegrens50% (geschat in 1996)<\/td>\n<\/tr>\n<tr>\n<td width=\"225\"><strong>Werkloosheid<\/strong><\/td>\n<td colspan=\"2\" width=\"720\">23% (geschat in 1995)<\/td>\n<\/tr>\n<tr>\n<td width=\"225\"><strong>Internet gebruikers:<\/strong><\/td>\n<td colspan=\"2\" width=\"720\">3.500 (2000) Internet landencode: mr<\/td>\n<\/tr>\n<tr>\n<td width=\"225\"><strong>Valuta<\/strong><\/td>\n<td colspan=\"2\" width=\"720\">Ouguiya &#8211; Een euro is 357.003 MRO &#8211;&nbsp; 1 MRO = 0,00280110 EUR&nbsp;per 8 juli &#8217;07<\/td>\n<\/tr>\n<\/tbody>\n<\/table>\n<p>Mauretania was an Area of NW Africa, West of Numidia, including modern Morocco &amp; part of Algeria; was part of Carthaginian empire; was divided into provinces by Rome; was invaded by Vandals in 5th cen. AD; later was taken by Muslim Arabs.<\/p>\n","protected":false},"excerpt":{"rendered":"<p>Gegevens over Mauritani\u00eb Geschiedenis: In 1960 werd de Islamitische Republiek Mauritani\u00eb onafhankelijk van Frankrijk. De hoofdstad Nouakchott werd gesticht in die periode. De eerste president van Mauritani\u00eb, Mokhtar Ould Daddah, verklaarde het land tot een eenpartijstaat en bleef 18 jaar aan de macht met zijn Parti du Peuple Mauritanien (PPM).\u2026 <a class=\"continue-reading-link\" href=\"https:\/\/afrikatour.nl\/mauritanie\/gegevensmauritanie\/\">Lees verder<\/a><\/p>\n","protected":false},"author":1,"featured_media":0,"parent":0,"menu_order":0,"comment_status":"closed","ping_status":"open","template":"","meta":{"ngg_post_thumbnail":0,"footnotes":"","_links_to":"","_links_to_target":""},"class_list":["post-40","page","type-page","status-publish","hentry"],"_links":{"self":[{"href":"https:\/\/afrikatour.nl\/mauritanie\/wp-json\/wp\/v2\/pages\/40","targetHints":{"allow":["GET"]}}],"collection":[{"href":"https:\/\/afrikatour.nl\/mauritanie\/wp-json\/wp\/v2\/pages"}],"about":[{"href":"https:\/\/afrikatour.nl\/mauritanie\/wp-json\/wp\/v2\/types\/page"}],"author":[{"embeddable":true,"href":"https:\/\/afrikatour.nl\/mauritanie\/wp-json\/wp\/v2\/users\/1"}],"replies":[{"embeddable":true,"href":"https:\/\/afrikatour.nl\/mauritanie\/wp-json\/wp\/v2\/comments?post=40"}],"version-history":[{"count":0,"href":"https:\/\/afrikatour.nl\/mauritanie\/wp-json\/wp\/v2\/pages\/40\/revisions"}],"wp:attachment":[{"href":"https:\/\/afrikatour.nl\/mauritanie\/wp-json\/wp\/v2\/media?parent=40"}],"curies":[{"name":"wp","href":"https:\/\/api.w.org\/{rel}","templated":true}]}}