{"id":55,"date":"2015-01-21T15:11:01","date_gmt":"2015-01-21T14:11:01","guid":{"rendered":"https:\/\/afrikatour.nl\/mozambique\/?page_id=55"},"modified":"2017-09-07T09:59:42","modified_gmt":"2017-09-07T07:59:42","slug":"gegevens","status":"publish","type":"page","link":"https:\/\/afrikatour.nl\/mozambique\/gegevens\/","title":{"rendered":"Gegevens"},"content":{"rendered":"<h3 style=\"text-align: center;\"><a href=\"https:\/\/afrikatour.nl\/mozambique\/wp-content\/uploads\/sites\/39\/2015\/01\/Vlag-Mozambique.gif\"><img loading=\"lazy\" decoding=\"async\" class=\"alignleft size-full wp-image-32\" src=\"https:\/\/afrikatour.nl\/mozambique\/wp-content\/uploads\/sites\/39\/2015\/01\/Vlag-Mozambique.gif\" alt=\"Vlag Mozambique\" height=\"180\" width=\"240\"><\/a><strong>Gegevens van Mozambique<\/strong><\/h3>\n<table width=\"770\">\n<tbody>\n<tr>\n<td width=\"182\"><strong>Achtergrond en geschiedenis<\/strong><\/td>\n<td rowspan=\"2\" width=\"580\">Mozambique, voorheen een Portugese kolonie, werd in 1975 onafhankelijk en wordt sindsdien geregeerd door de voormalige bevrijdingsbeweging &#8220;Frente de Liberta\u00e7\u00e3o de Mo\u00e7ambique&#8221; (Frelimo). Het Frelimo opteerde vanaf de onafhankelijkheid voor een marxistisch-leninistisch beleid. De gewapende strijd met de guerillabeweging &#8220;Resist\u00eancia Nacional de Mo\u00e7ambique&#8221; (Renamo), die in 1980 uitbrak, heeft de ontwikkelingen in het land sindsdien beheerst. Ruim 1,5 miljoen mensen kwamen hierbij om en ongeveer 5 miljoen vluchtelingen bevonden zich binnen en buiten de grenzen van Mozambique.<\/p>\n<p>In 1992 werd te Rome een vredesakkoord getekend. Een VN-vredesmacht, genaamd UNOMOZ, werd belast met het toezicht op de uitvoering van het akkoord en had ondermeer een belangrijke taak in de demobilisatie, mijnopruiming en begeleiding van het electorale proces. Deze vredesoperatie, aanvankelijk voorzien voor de duur van een jaar, werd uiteindelijk pas in oktober 1994 afgerond met de eerste parlementaire en presidenti\u00eble verkiezingen.<\/p>\n<p>Een verdere stap in de&nbsp; democratische ontwikkeling van Mozambique is gezet in december 2004, toen voor de derde maal sinds de vredesakkoorden van Rome (1992), presidents- en parlementsverkiezingen plaatsvonden. De belangrijkste deelnemende partijen waren regeringspartij Frelimo en oppositiepartij Renamo. Frelimo-kandidaat Armando Guebuza werd, bij de verkiezingen verkozen als opvolger van president Joaquim Chissano en is daarmee het eerste nieuwe staatshoofd voor Mozambique in 18 jaar. Voor het eerst treedt in Mozambique een nieuwe president aan in een tijd van vrede en op basis van de uitslag van verkiezingen (de eerste Frelimo president Mondlane werd vermoord, president Machel kwam om bij een vliegtuigongeluk, vrijwel zeker door sabotage).<\/p>\n<p>Terugtredend President Joachim Chissano was sinds 1986 aan de macht, als eerst president ten tijde van de \u00e9\u00e9npartijstaat en later twee maal als gekozen president. Hoewel president Chissano wettelijk de mogelijkheid had om voor de derde termijn als president te gaan, heeft hij hiervan afgezien, mede onder druk van zijn Frelimo partij. Dit kan in een Afrikaanse context bijzonder worden genoemd.<\/td>\n<\/tr>\n<tr>\n<td>&nbsp;<\/td>\n<\/tr>\n<\/tbody>\n<\/table>\n<h3 style=\"text-align: center;\"><strong>Geografie<\/strong><\/h3>\n<table width=\"770\">\n<tbody>\n<tr>\n<td width=\"182\"><strong>Oppervlakte:<\/strong><\/td>\n<td width=\"580\">799.380&nbsp; km\u00b2&nbsp; is 22 x Nederland<\/td>\n<\/tr>\n<tr>\n<td width=\"182\"><strong>Landsgrenzen:<\/strong><\/p>\n<p>&nbsp;<\/td>\n<td width=\"580\">Totaal:&nbsp; 4.571 km&nbsp; grenslanden:&nbsp; Malawi 1.569 km,&nbsp;&nbsp; Zuid Afrika 491 km, Zimbabwe 1.231 km,&nbsp; Zambia 419 km, Swaziland 105 km, Tanzania 756 km<\/p>\n<p>kust: 2.470 km<\/td>\n<\/tr>\n<tr>\n<td width=\"182\"><strong>Klimaat:<\/strong><\/td>\n<td width=\"580\">Tropisch in het noorden en subtropisch in het zuiden<\/td>\n<\/tr>\n<tr>\n<td width=\"182\"><strong>Hoogste punt:<\/strong><\/td>\n<td width=\"580\">Monte Binga 2.436 meter<\/td>\n<\/tr>\n<tr>\n<td width=\"182\"><strong>Natuurlijke hulpbronnen:<\/strong><\/td>\n<td width=\"580\">kolen, titanium, waterkracht, grafiet, gas, mogelijke oliereserves.<\/td>\n<\/tr>\n<tr>\n<td width=\"182\"><strong>Ge\u00efrrigeerd land:<\/strong><\/td>\n<td width=\"580\">1.200&nbsp; km\u00b2&nbsp; in 2000<\/td>\n<\/tr>\n<tr>\n<td width=\"182\"><strong>Landgebruik:<\/strong><\/td>\n<td width=\"580\">Landbouw grond:4%&nbsp; weidegrond: 56% bossen<em>:&nbsp;<\/em> 18% anders<em>:<\/em> 22%&nbsp; in 1993<\/td>\n<\/tr>\n<tr>\n<td width=\"182\"><strong>Milieurampen:<\/strong><\/p>\n<p>&nbsp;<\/td>\n<td width=\"580\">Bodemerosie; land verarming; ontbossing voor energiegebruik, voor het openen van landbouwgronden en beperkte commerci\u00eble houtkap vormt de grootste bedreiging voor het milieu. Ook de kwetsbare ecosystemen aan de kust zijn lokaal aangetast, door kap van koraal en mangrovebossen<\/td>\n<\/tr>\n<tr>\n<td width=\"182\"><strong>Milieuproblemen:<\/strong><\/td>\n<td width=\"580\">Terugkerende droogtes en overstromingen<\/td>\n<\/tr>\n<\/tbody>\n<\/table>\n<h3 style=\"text-align: center;\"><strong>De bevolking<\/strong><\/h3>\n<p>&nbsp;<\/p>\n<table width=\"770\">\n<tbody>\n<tr>\n<td width=\"182\"><strong>Bevolkingsaantal:<\/strong><\/td>\n<td colspan=\"2\" width=\"580\">20,9 miljoen in 2007; dit getal kan ernstig worden be\u00efnvloed als gevolg van de ziekte aids.<\/td>\n<\/tr>\n<tr>\n<td width=\"182\"><strong>Bevolkingsdichtheid:<\/strong><\/td>\n<td colspan=\"2\" width=\"580\">21 inwoners per km\u00b2&nbsp; in 2000<\/td>\n<\/tr>\n<tr>\n<td width=\"182\"><strong>Leeftijdsopbouw:<\/strong><\/td>\n<td colspan=\"2\" width=\"580\">&nbsp;0-14 jaar: 42,72 % &#8211; 15-64 jaar: 54,53%&nbsp; &#8211; 65 jaar en ouder:&nbsp;2,75 %&nbsp; in 2001<\/td>\n<\/tr>\n<tr>\n<td width=\"182\"><strong>Bevolkingsgroei:<\/strong><\/td>\n<td colspan=\"2\" width=\"580\">1,7 % (2004 &#8211; 2015 Dit getal is be\u00efnvloed ten gevolgen van&nbsp; de ziekte aids.<\/td>\n<\/tr>\n<tr>\n<td width=\"182\"><strong>Kindersterfte:<\/strong><\/td>\n<td colspan=\"2\" width=\"580\">139,2 doden op 1000 levend geborenen gegevens van 2001&nbsp;&#8211; In vergelijk met NL: 4,37<\/td>\n<\/tr>\n<tr>\n<td width=\"182\"><strong>Kinderen tot 5 jaar met ondergewicht:<\/strong><\/td>\n<td>41% in 1999<\/td>\n<td>&nbsp;<\/td>\n<\/tr>\n<tr>\n<td width=\"182\"><strong>Drinkwater:<\/strong><\/td>\n<td colspan=\"2\" width=\"580\">60% van de mensen hebben toegang tot veilig drinkwater in 2000<\/td>\n<\/tr>\n<tr>\n<td width=\"182\"><strong>Levensverwachting:<\/strong><\/td>\n<td colspan=\"2\" width=\"580\">In 2003 totaal van de bevolking: 42 jaar&nbsp;&#8211; mannen:&nbsp;41,1 jaar; vrouwen:&nbsp;42,7 jaar<\/p>\n<p>Er is een terugloop in de levensverwachting als gevolg van de ziekte AIDS<\/td>\n<\/tr>\n<tr>\n<td width=\"182\"><strong>Vruchtbaarheidcijfer:<\/strong><\/td>\n<td width=\"509\">&nbsp;4.82 kinderen gemiddeld&nbsp; per vrouw in 2001<\/td>\n<td>&nbsp;<\/td>\n<\/tr>\n<tr>\n<td width=\"182\"><strong>Verspreiding van AIDS bij volwassenen:<\/strong><\/td>\n<td colspan=\"2\" width=\"580\">16,2% schatting 2004 &#8211; In 1999 13,2%; aantal mensen met AIDS in 1999 1.2 miljoen; aantal AIDS doden: 98.000&nbsp; &nbsp;gegevens van 1999<\/td>\n<\/tr>\n<tr>\n<td width=\"182\"><strong>Etnische groepen:<\/strong><\/td>\n<td colspan=\"2\" width=\"580\">Diverse Afrikaanse stammen, o.a. Shangaan, Chokwe, Manyika, Sena, Makua en anderen 99,6%, Europeanen 0.06%,&nbsp; Indi\u00ebrs 0.08%<\/td>\n<\/tr>\n<tr>\n<td width=\"182\"><strong>Religies:<\/strong><\/td>\n<td colspan=\"2\" width=\"580\">Inheemse godsdiensten, Christendom (circa 30%), Islam (circa 25%), kleine Hindoe gemeenschap<\/td>\n<\/tr>\n<tr>\n<td width=\"182\"><strong>Talen:<\/strong><\/td>\n<td colspan=\"2\" width=\"580\">Portugees is de offici\u00eble taal, diverse inheemse talen<\/td>\n<\/tr>\n<tr>\n<td width=\"182\"><strong>Alfabetisme:<\/strong><\/td>\n<td colspan=\"2\" width=\"580\">Definitie:&nbsp; Lezen en schrijven boven de leeftijd van 15 jaar<br \/>\ntotaal van de bevolking: 42,3%&nbsp; &#8211;&nbsp; mannen: 58,4 % &#8211;&nbsp; vrouwen: 27 %&nbsp;in 1998<\/td>\n<\/tr>\n<\/tbody>\n<\/table>\n<h3 style=\"text-align: center;\"><strong>De overheid<\/strong><\/h3>\n<table width=\"770\">\n<tbody>\n<tr>\n<td width=\"182\"><strong>Naam van het land:<\/strong><\/td>\n<td width=\"580\">Republica de Mocambique, korte vorm: Mozambique<\/td>\n<\/tr>\n<tr>\n<td width=\"182\"><strong>Type overheid:<\/strong><\/td>\n<td width=\"580\">Republiek; parlementaire democratie; presidentieel stelsel<\/td>\n<\/tr>\n<tr>\n<td width=\"182\"><strong>Hoofdstad:<\/strong><\/td>\n<td width=\"580\">Maputo<\/td>\n<\/tr>\n<tr>\n<td width=\"182\"><strong>Administratieve indeling:<\/strong><\/td>\n<td width=\"580\">10 provincies (provincias, enkelvoud &#8211; provincia); Cabo Delgado, Gaza, Inhambane, Manica, Maputo, Nampula, Niassa, Sofala, Tete, Zambezia<\/td>\n<\/tr>\n<tr>\n<td width=\"182\"><strong>Onafhankelijk sinds:<\/strong><\/td>\n<td width=\"580\">25 Juni 1975 van Portugal<\/td>\n<\/tr>\n<tr>\n<td width=\"182\"><strong>Nationale feestdag:<\/strong><\/td>\n<td width=\"580\">25 juni Onafhankelijkheidsdag<\/td>\n<\/tr>\n<tr>\n<td width=\"182\"><strong>Grondwet:<\/strong><\/td>\n<td width=\"580\">30 November 1990<\/td>\n<\/tr>\n<tr>\n<td width=\"182\"><strong>Rechtelijk systeem:<\/strong><\/td>\n<td width=\"580\">Gebaseerd op het Portugees burgerrechtssysteem en het gewoonterecht<\/td>\n<\/tr>\n<tr>\n<td width=\"182\"><strong>Stemrecht:<\/strong><\/td>\n<td width=\"580\">Vanaf 18 jaar<\/td>\n<\/tr>\n<tr>\n<td width=\"182\"><strong>Uitvoerende macht:<\/strong><\/td>\n<td width=\"580\">President Armando Em\u00edlio Guebuza (sinds februari 2005)<\/td>\n<\/tr>\n<tr>\n<td width=\"182\"><strong>Wetgevende macht:<\/strong><\/p>\n<p>&nbsp;<\/p>\n<p>&nbsp;<\/td>\n<td width=\"580\">De grondwet van 2004 voorziet in een meerpartijenstelsel, bescherming van de fundamentele rechten van de mens en een vrije markteconomie. Zowel het 250 leden tellende parlement als de president worden iedere 5 jaar direct gekozen. De laatste presidents- en parlementsverkiezingen vonden plaats in december 2004. Voor het parlement geldt een kiesdrempel van 5%. De president, die grondwettelijk gezien eenmaal herkiesbaar is, benoemt de premier en de Raad van Ministers.<\/td>\n<\/tr>\n<tr>\n<td width=\"182\"><strong>Binnenlandse situatie:<\/strong><\/td>\n<td rowspan=\"2\" width=\"580\">De in 1986 (na het dodelijke ongeval van Samora Machel) benoemde President Chissano deed afstand van het marxisme-leninisme en sloeg een nieuwe politieke en economische koers in. Eind 2004 werd bij de derde democratische verkiezingen van Mozambique, Armando Guebuza gekozen als opvolger van President Chissano.<\/td>\n<\/tr>\n<tr>\n<td width=\"182\">&nbsp;<\/td>\n<\/tr>\n<tr>\n<td width=\"182\"><strong>Sociale situatie:<\/strong><\/p>\n<p>&nbsp;<\/p>\n<p>&nbsp;<\/p>\n<p>&nbsp;<\/p>\n<p>&nbsp;<\/p>\n<p>&nbsp;<\/p>\n<p>&nbsp;<\/p>\n<p>&nbsp;<\/p>\n<p>&nbsp;<\/p>\n<p>&nbsp;<\/p>\n<p>&nbsp;<\/p>\n<p>&nbsp;<\/p>\n<p>&nbsp;<\/td>\n<td rowspan=\"2\" width=\"580\">De sociale situatie is zorgelijk. Mozambique staat in 2005 op plaats 168 van de Human Development Index, waarin 177 landen zijn opgenomen maar haar positie stijgt geleidelijk. Dat blijkt onder andere uit de aanzienlijke daling in het percentage mensen dat leeft onder de armoedegrens. Deze is de afgelopen vijftien jaar gedaald van 69 naar 54 procent wat een aanzienlijke prestatie kan worden genoemd, maar daarmee is het land er nog niet. De kinder- en moedersterfte zijn hoog, maar dalend. Kindersterfte daalde van 207 naar 153 per 1000 tussen 1997 en 2003. Moedersterfte daalde in 2003 tot 657 per 100.000 in ziekenhuis geassisteerde geboorten. De faciliteiten voor de basisgezondheidszorg schieten nog tekort, slechts ca. 40% van de bevolking heeft toegang tot basisvoorzieningen.<\/p>\n<p>Ongebalanceerde voeding en ziekten zoals malaria en tuberculose, zijn verantwoordelijk voor een lage levensverwachting van gemiddeld 40 jaar. Het AIDS-probleem draagt de laatste jaren eveneens bij aan de lage levensverwachting. In 2004 was zo&#8217;n 16,2% van de bevolking besmet met het HIV\/AIDS-virus, al is dit percentage lager dan in de omringende landen. De beperkte toegang tot medische voorzieningen en het onvermogen om voor de medicijnen te betalen verergeren deze situatie. De Mozambikaanse overheid werkt samen met donoren intensief aan de opzet van een strategisch plan voor de gezondheidssector, hetgeen een sectorbrede aanpak vergt. Daarnaast zijn de drinkwater- en sanitaire voorzieningen in de stedelijke en rurale gebieden nog gebrekkig. Slechts 38% van de bevolking heeft toegang tot veilig drinkwater en 32% tot sanitaire voorzieningen. Ook in deze sector wordt gewerkt aan een sectorbrede aanpak van de problematiek die moet leiden tot verbetering van de voorzieningen.<\/p>\n<p>In de afgelopen jaren is er enorme vooruitgang geboekt op het gebied van onderwijs. Sinds 1992 is het aantal kinderen dat naar school gaat verdubbeld en in 2004&nbsp; ging 76% van de 6-10 jarigen naar school terwijl dit in 2003 nog maar 68% was. Echter, deze enorme toename van kinderen in de school legt grote druk op de kwaliteit van het onderwijs. Laag opgeleide leraren, uitval van leraren door HIV\/AIDS en een algemeen gebrek aan infrastructuur en materiaal vormen de grootse problemen. De Mozambikaanse overheid ziet deze sector als een sleutel voor de verdere ontwikkeling van het land en is met een aantal maatregelen begonnen die vooral gericht zijn op het verbeteren van de onderwijs kwaliteit, zoals de invoering van een nieuw curriculum en hervorming van de leerkrachten opleiding.<\/td>\n<\/tr>\n<tr>\n<td width=\"182\">&nbsp;<\/td>\n<\/tr>\n<tr>\n<td width=\"182\">&nbsp;<\/td>\n<td rowspan=\"2\" width=\"580\">&nbsp;<\/td>\n<\/tr>\n<tr>\n<td width=\"182\">&nbsp;<\/td>\n<\/tr>\n<tr>\n<td width=\"182\"><strong>Mensenrechten:<\/strong><\/td>\n<td rowspan=\"2\" width=\"580\">Sinds het einde van burgeroorlog is de mensenrechtensituatie verbeterd. Het parlement functioneert geleidelijk beter. Er is sprake van een redelijke mediavrijheid. De vrijheid van godsdienst en van organisatie worden gerespecteerd. Punt van zorg is het politieoptreden; marteling en moord door de politie komt voor, maar is niet van bovenaf georkestreerd. Het justiti\u00eble systeem werkt zeer gebrekkig. De omstandigheden in de gevangenis zijn slecht. Geweld tegen vrouwen komt veelvuldig voor, met name op het platteland.<\/td>\n<\/tr>\n<tr>\n<td width=\"182\"><strong>Zie ook: <a href=\"http:\/\/www.amnesty.org\/en\/region\/mozambique\" target=\"_blank\" rel=\"noopener\">Amnesty International<\/a><\/strong><\/td>\n<\/tr>\n<\/tbody>\n<\/table>\n<h3 style=\"text-align: center;\"><strong>Economie<\/strong><\/h3>\n<table width=\"770\">\n<tbody>\n<tr>\n<td width=\"182\"><strong>Economie:<\/strong><\/td>\n<td rowspan=\"2\" width=\"580\">Sinds 1995 groeit de economie in Mozambique spectaculair. Het per capita inkomen van US$ 250,- behoort weliswaar nog tot de laagste ter wereld, maar is toch zo&#8217;n 50% hoger dan in het midden van de jaren negentig. Ook andere economische indicatoren lijken er op te wijzen dat er duidelijk sprake is van een duurzaam economisch herstel. Zo is de inflatie de laatste jaren, substantieel teruggedrongen. Naast de economische groei nam ook het vertrouwen van buitenlandse particuliere investeerders in Mozambique toe. Recente ontwikkelingen ten aanzien van grote investeringsprojecten zoals de ontwikkeling van de transportcorridors Maputo, Beira en Nacala; de bouw van een aluminiumsmelter (MOZAL), de ontwikkeling van gasvelden door Sassol en de onderhandelingen over een tweetal grote staalfabrieken (in Maputo en Beira) zijn bemoedigende tekenen in dit verband. Mozambique beschikt voorts over een voorraad natuurlijke hulpbronnen, waaronder kolen, hydro-energie en gas waarvoor bij buitenlandse investeerders grote belangstelling bestaat.<\/p>\n<p>De landbouw is en blijft voorlopig echter verreweg de belangrijkste bron van inkomsten en werkgelegenheid. Ruim een kwart van de Mozambikaanse binnenlandse productie is afkomstig uit de landbouw; circa 80% van de bevolking leeft van de landbouw. Deze vormt tezamen met de visserij tevens de belangrijkste bron voor exportinkomsten.<\/p>\n<p>In gestaag tempo zijn\/worden staatsbedrijven en -banken geprivatiseerd en prijzen geliberaliseerd. Het land is dan ook recentelijk een &#8220;success story&#8221; van het IMF genoemd, alhoewel in de huidige fase van gecompliceerde financi\u00eble hervormingen ook problemen worden ontmoet. Er worden de nodige inspanningen verricht om de capaciteit tot het innen van belastingen te verhogen; het ontbreken daarvan vormde tot op heden een obstakel voor het verwerven van overheidsinkomsten. Een ander knelpunt is de gebrekkige infrastructuur, die de afzet van landbouwproducten en exploitatie van grondstoffen hindert. Ontwikkeling van transportroutes is tevens onmisbaar voor Mozambique als distributieland in de regio.<\/p>\n<p>In het kader van de economische liberalisering en herstructurering werd een belangrijk deel van de staatsbedrijven en -banken geprivatiseerd en de prijzen geliberaliseerd. De resultaten bleven niet uit en het land werd dan ook als \u201csuccess story\u201d van het IMF genoemd, alhoewel men in de huidige fase van gecompliceerde financi\u00eble hervormingen ook problemen ontmoet. De nationale begroting wordt voor de helft gefinancierd door buitenlandse donoren. Er worden de nodige inspanningen verricht om de capaciteit tot het innen van belastingen te verhogen. Een ander knelpunt is de gebrekkige infrastructuur die de marktgerichte exploitatie en afzet van landbouwproducten hindert. Verdere ontwikkeling van de transportroutes is onmisbaar voor Mozambique als distributieland in de regio. De huidige negatieve ontwikkelingen in Zimbabwe vormen daarbij een belemmering.<\/p>\n<p>Handel en economie<br \/>\nDe handelssector maakt een snelle groei door in Mozambique, waarbij de autoriteiten prioriteit geven aan verdere verbeteringen van het handelsklimaat om buitenlandse investeerders aan te trekken. Veelbelovende sectoren zijn onder andere de natuurlijke grondstoffen (olie, gas, kolen, titanium en zand), industrie (aluminium), energie, transport (doorvoer naar Zuid-Afrika, Zimbabwe, Malawi en Zambia), infrastructuurontwikkeling waaronder water en sanitatie, toerisme, telecommunicatie, landbouw en bewerking landbouwproducten.<\/td>\n<\/tr>\n<tr>\n<td width=\"182\">&nbsp;<\/td>\n<\/tr>\n<tr>\n<td width=\"182\"><strong>Bruto Nationaal Product:<\/strong><\/td>\n<td width=\"580\">US$ 5,4 miljard (2004, schatting EIU)<\/td>\n<\/tr>\n<tr>\n<td width=\"182\"><strong>Economische Groei:<\/strong><\/td>\n<td width=\"580\">7,9% in 2006<\/td>\n<\/tr>\n<tr>\n<td width=\"182\"><strong>BNP per hoofd van de bevolking:<\/strong><\/td>\n<td width=\"580\">US$ 276 in 2004, volgens de Wereldbank<\/td>\n<\/tr>\n<tr>\n<td width=\"182\"><strong>Bevolking onder de armoedegrens:<\/strong><\/td>\n<td width=\"580\">% gegevens 2002<\/td>\n<\/tr>\n<tr>\n<td width=\"182\"><strong>Groeisectoren:&nbsp;<\/strong><\/td>\n<td width=\"580\">Landbouw, transport\/communicatie, energie, toerisme, textiel- en voedsel industrie, visserij, bouw.<\/td>\n<\/tr>\n<tr>\n<td width=\"182\"><strong>Arbeidskrachten per sector:<\/strong><\/td>\n<td width=\"580\">Landbouw en visserij %, industrie %, handel en diensten % in 2000<\/td>\n<\/tr>\n<tr>\n<td width=\"182\"><strong>Budget:<\/strong><\/td>\n<td width=\"580\">Inkomsten: US $&nbsp; miljard&nbsp;&nbsp;&nbsp;&nbsp; uitgaven:&nbsp;US $&nbsp; miljard,<\/p>\n<p>Inclusief kapitaal uitgaven van US $ miljoen in 1997<\/td>\n<\/tr>\n<tr>\n<td width=\"182\"><strong>Economische groei:<\/strong><\/td>\n<td width=\"580\">8,2% (2004, schatting EIU), 7,5% (1999-2003, EIU)<\/td>\n<\/tr>\n<tr>\n<td width=\"182\"><strong>Elektriciteitsproductie:<\/strong><\/td>\n<td width=\"580\">&nbsp;Miljard kWh in 1999<\/td>\n<\/tr>\n<tr>\n<td width=\"182\"><strong>Bron van de elektriciteitsproductie:<\/strong><\/td>\n<td width=\"580\">Energie van Cahora Bassa dam (capaciteit 2.075 mw\/jr) en reserves natuurlijk gas en kolen. Energie wordt voornamelijk ge\u00ebxporteerd naar Zuid Afrika en Zimbabwe. Gasvelden in Inhambane provincie (Pande, Temane) zijn in ontwikkeling en er zijn mogelijk ook oliereserves.<\/td>\n<\/tr>\n<tr>\n<td width=\"182\"><strong>Elektriciteitsconsumptie:<\/strong><\/td>\n<td width=\"580\">&nbsp;Miljard kWh in 1999<\/td>\n<\/tr>\n<tr>\n<td width=\"182\"><strong>Landbouw producten:<\/strong><\/td>\n<td width=\"580\">&nbsp;<\/td>\n<\/tr>\n<tr>\n<td width=\"182\"><strong>Export:<\/strong><\/td>\n<td width=\"580\">US $&nbsp; miljard in 2001<\/td>\n<\/tr>\n<tr>\n<td width=\"182\"><strong>Export producten:<\/strong><\/td>\n<td width=\"580\">&nbsp;Aluminium, garnalen, elektriciteit, cashewnoten, katoen, suiker.<\/td>\n<\/tr>\n<tr>\n<td width=\"182\"><strong>Export &#8211; partners:<\/strong><\/td>\n<td width=\"580\">Nederland, Belgi\u00eb, Zuid-Afrika, Spanje, Zimbabwe, Portugal<\/td>\n<\/tr>\n<tr>\n<td width=\"182\"><strong>Import:<\/strong><\/td>\n<td width=\"580\">US $ miljard in 2001<\/td>\n<\/tr>\n<tr>\n<td width=\"182\"><strong>Importgoederen:<\/strong><\/td>\n<td width=\"580\">Machines en transportmaterieel, fabrikaten, chemicali\u00ebn, petroleum producten en elektriciteit<\/td>\n<\/tr>\n<tr>\n<td width=\"182\"><strong>Import &#8211; partners:<\/strong><\/td>\n<td width=\"580\">Zuid-Afrika, Nederland, Australi\u00eb, Verenigde Staten, Portugal, Japan<\/td>\n<\/tr>\n<tr>\n<td width=\"182\"><strong>Buitenlandse schuld:<\/strong><\/td>\n<td width=\"580\">US $ miljard (2001)<\/td>\n<\/tr>\n<tr>\n<td width=\"182\"><strong>Geld:<\/strong><\/td>\n<td width=\"580\">Metical MZM&nbsp; 1 Euro = 29.980 Meticais &#8211; 1 Metical = 0,000033 Euro per febr. &#8217;06<\/td>\n<\/tr>\n<\/tbody>\n<\/table>\n<h3 style=\"text-align: center;\">&nbsp;<strong>Diversen<\/strong><\/h3>\n<table width=\"770\">\n<tbody>\n<tr>\n<td width=\"182\"><strong>Internet landen code:<\/strong><\/td>\n<td width=\"580\">co.mz<\/td>\n<\/tr>\n<tr>\n<td width=\"182\"><strong>Internet Providers:<\/strong><\/td>\n<td width=\"580\">&nbsp;In 2001<\/td>\n<\/tr>\n<tr>\n<td width=\"182\"><strong>Internet gebruikers:<\/strong><\/td>\n<td width=\"580\">&nbsp;In 1999<\/td>\n<\/tr>\n<tr>\n<td width=\"182\"><strong>Wegen:<\/strong><\/td>\n<td width=\"580\">Totaal: km geasfalteerd: km niet geasfalteerd:&nbsp; km in<\/td>\n<\/tr>\n<tr>\n<td width=\"182\"><strong>Waterwegen:<\/strong><\/td>\n<td width=\"580\">De Zambezi rivier is op sommige plaatsen bevaarbaar.<\/td>\n<\/tr>\n<tr>\n<td width=\"182\"><strong>Havens:<\/strong><\/td>\n<td width=\"580\">Maputo, Beira<\/td>\n<\/tr>\n<\/tbody>\n<\/table>\n","protected":false},"excerpt":{"rendered":"<p>Gegevens van Mozambique Achtergrond en geschiedenis Mozambique, voorheen een Portugese kolonie, werd in 1975 onafhankelijk en wordt sindsdien geregeerd door de voormalige bevrijdingsbeweging &#8220;Frente de Liberta\u00e7\u00e3o de Mo\u00e7ambique&#8221; (Frelimo). Het Frelimo opteerde vanaf de onafhankelijkheid voor een marxistisch-leninistisch beleid. De gewapende strijd met de guerillabeweging &#8220;Resist\u00eancia Nacional de Mo\u00e7ambique&#8221; (Renamo), \u2026 <a class=\"continue-reading-link\" href=\"https:\/\/afrikatour.nl\/mozambique\/gegevens\/\">Lees verder<\/a><\/p>\n","protected":false},"author":1,"featured_media":0,"parent":0,"menu_order":0,"comment_status":"closed","ping_status":"closed","template":"","meta":{"ngg_post_thumbnail":0,"footnotes":"","_links_to":"","_links_to_target":""},"class_list":["post-55","page","type-page","status-publish","hentry"],"_links":{"self":[{"href":"https:\/\/afrikatour.nl\/mozambique\/wp-json\/wp\/v2\/pages\/55","targetHints":{"allow":["GET"]}}],"collection":[{"href":"https:\/\/afrikatour.nl\/mozambique\/wp-json\/wp\/v2\/pages"}],"about":[{"href":"https:\/\/afrikatour.nl\/mozambique\/wp-json\/wp\/v2\/types\/page"}],"author":[{"embeddable":true,"href":"https:\/\/afrikatour.nl\/mozambique\/wp-json\/wp\/v2\/users\/1"}],"replies":[{"embeddable":true,"href":"https:\/\/afrikatour.nl\/mozambique\/wp-json\/wp\/v2\/comments?post=55"}],"version-history":[{"count":0,"href":"https:\/\/afrikatour.nl\/mozambique\/wp-json\/wp\/v2\/pages\/55\/revisions"}],"wp:attachment":[{"href":"https:\/\/afrikatour.nl\/mozambique\/wp-json\/wp\/v2\/media?parent=55"}],"curies":[{"name":"wp","href":"https:\/\/api.w.org\/{rel}","templated":true}]}}