{"id":98,"date":"2014-09-02T20:43:40","date_gmt":"2014-09-02T18:43:40","guid":{"rendered":"https:\/\/afrikatour.nl\/niger\/?page_id=98"},"modified":"2017-09-07T01:14:20","modified_gmt":"2017-09-06T23:14:20","slug":"kaart-en-waypoints","status":"publish","type":"page","link":"https:\/\/afrikatour.nl\/niger\/kaart-en-waypoints\/","title":{"rendered":"Waypoints"},"content":{"rendered":"<h3 style=\"text-align: center;\"><a href=\"https:\/\/afrikatour.nl\/niger\/wp-content\/uploads\/sites\/27\/2014\/09\/Vlag-Niger.gif\"><img loading=\"lazy\" decoding=\"async\" class=\"alignleft size-full wp-image-26\" src=\"https:\/\/afrikatour.nl\/niger\/wp-content\/uploads\/sites\/27\/2014\/09\/Vlag-Niger.gif\" alt=\"Vlag Niger\" height=\"180\" width=\"240\"><\/a><strong>Waypoints Niger<\/strong><\/h3>\n<p>&nbsp;<\/p>\n<table>\n<tbody>\n<tr>\n<td width=\"217\"><strong>Datum van aankomst: <\/strong>5 febr. \u201803<\/td>\n<td width=\"200\"><strong>Datum van vertrek: <\/strong>8 febr. \u201803<\/td>\n<td width=\"212\"><strong>km stand sinds vertrek:<\/strong> 18.200<\/td>\n<\/tr>\n<tr>\n<td colspan=\"3\" width=\"645\"><strong>De route: <\/strong>Kandi \u2013 Benin, Dosso, Niamey, Kantchari \u2013-&gt; Burkina Faso<\/td>\n<\/tr>\n<\/tbody>\n<\/table>\n<p>&nbsp;<\/p>\n<table width=\"620\">\n<tbody>\n<tr>\n<td width=\"132\"><strong>Niamey<\/strong><\/td>\n<td width=\"155\">13\u00ba 31&#8242; N &#8211; 02\u00ba 07&#8242; O<\/td>\n<td width=\"311\">Hoofdstad<\/td>\n<\/tr>\n<tr>\n<td width=\"132\"><strong>Dogondoutchi<\/strong><\/td>\n<td width=\"155\">13\u00ba 38&#8242; N &#8211; 04\u00ba 02&#8242; O<\/td>\n<td width=\"311\">Zuiden &#8211; grens Nigeria<\/td>\n<\/tr>\n<tr>\n<td width=\"132\"><strong>Biri Nkonni<\/strong><\/td>\n<td width=\"155\">13\u00ba 47&#8242; N &#8211; 05\u00ba 15&#8242; O<\/td>\n<td width=\"311\">Zuiden &#8211; grens Nigeria, richting Sokoto<\/td>\n<\/tr>\n<tr>\n<td width=\"132\"><strong>Maradi<\/strong><\/td>\n<td width=\"155\">13\u00ba 29&#8242; N &#8211; 07\u00ba 06&#8242; O<\/td>\n<td width=\"311\">Zuiden &#8211; grens Nigeria, richting Katsina<\/td>\n<\/tr>\n<tr>\n<td width=\"132\"><strong>Zinder<\/strong><\/td>\n<td width=\"155\">13\u00ba 48&#8242; N &#8211; 09\u00ba 00&#8242; O<\/td>\n<td width=\"311\">Zuiden &#8211; grens Nigeria<\/td>\n<\/tr>\n<tr>\n<td width=\"132\"><strong>Nguigmi<\/strong><\/td>\n<td width=\"155\">14\u00ba 15&#8242; N &#8211; 13\u00ba 07&#8242; O<\/td>\n<td width=\"311\">Zuiden &#8211; grens Tsjaad &#8211; Tsjaadmeer<\/td>\n<\/tr>\n<tr>\n<td width=\"132\"><strong>Tera<\/strong><\/td>\n<td width=\"155\">14\u00ba 00&#8242; N &#8211; 00\u00ba 45&#8242; O<\/td>\n<td width=\"311\">Westen &#8211; richting Dori, Burkina Faso<\/td>\n<\/tr>\n<tr>\n<td width=\"132\"><strong>Tillab\u00e9ri<\/strong><\/td>\n<td width=\"155\">14\u00ba 13&#8242; N &#8211; 01\u00ba 27&#8242; O<\/td>\n<td width=\"311\">Westen, aan de Niger, richting Mali &#8211; Gao<\/td>\n<\/tr>\n<tr>\n<td width=\"132\"><strong>Tahoua<\/strong><\/td>\n<td width=\"155\">14\u00ba 53&#8242; N &#8211; 05\u00ba 16&#8242; O<\/td>\n<td width=\"311\">&nbsp;<\/td>\n<\/tr>\n<tr>\n<td width=\"132\"><strong>Abalak<\/strong><\/td>\n<td width=\"155\">15\u00ba 27&#8242; N &#8211; 06\u00ba 17&#8242; O<\/td>\n<td width=\"311\">Richting Agadez<\/td>\n<\/tr>\n<tr>\n<td width=\"132\"><strong>Agadez<\/strong><\/td>\n<td width=\"155\">17\u00ba 00&#8242; N &#8211; 07\u00ba 59&#8242; O<\/td>\n<td width=\"311\">&nbsp;<\/td>\n<\/tr>\n<tr>\n<td width=\"132\"><strong>Arlit<\/strong><\/td>\n<td width=\"155\">18\u00ba 49&#8242; N &#8211; 07\u00ba 20&#8242; O<\/td>\n<td width=\"311\">Noorden, richting Algerije<\/td>\n<\/tr>\n<tr>\n<td width=\"132\"><strong>Assamaka<\/strong><\/td>\n<td width=\"155\">19\u00ba 26&#8242; N &#8211; 05\u00ba 49&#8242; O<\/td>\n<td width=\"311\">Noorden, grens Algerije<\/td>\n<\/tr>\n<tr>\n<td width=\"132\"><strong>Iferou\u00e2ne<\/strong><\/td>\n<td width=\"155\">18\u00ba 57&#8242; N &#8211; 08\u00ba 15&#8242; O<\/td>\n<td width=\"311\">Noorden, A\u00efr gebergte<\/td>\n<\/tr>\n<tr>\n<td width=\"132\"><strong>Timia<\/strong><\/td>\n<td width=\"155\">18\u00ba 03&#8242; N &#8211; 08\u00ba 39&#8242; O<\/td>\n<td width=\"311\">Noorden, A\u00efr gebergte<\/td>\n<\/tr>\n<tr>\n<td width=\"132\"><strong>Bilma<\/strong><\/td>\n<td width=\"155\">18\u00ba 40&#8242; N &#8211; 12\u00ba 55&#8242; O<\/td>\n<td width=\"311\">Noorden, T\u00e9n\u00e9r\u00e9<\/td>\n<\/tr>\n<tr>\n<td width=\"132\"><strong>S\u00e9gu\u00e9dine<\/strong><\/td>\n<td width=\"155\">20\u00ba 12&#8242; N &#8211; 12\u00ba 59&#8242; O<\/td>\n<td width=\"311\">Noorden, route naar Djanet, Algerije<\/td>\n<\/tr>\n<tr>\n<td width=\"132\"><strong>Mount Gr\u00e9boun<\/strong><\/td>\n<td width=\"155\">20\u00ba 01&#8242; N &#8211; 08\u00ba 36&#8242; O<\/td>\n<td width=\"311\">Noorden, hoogste berg van Niger<\/td>\n<\/tr>\n<\/tbody>\n<\/table>\n","protected":false},"excerpt":{"rendered":"<p>Waypoints Niger &nbsp; Datum van aankomst: 5 febr. \u201803 Datum van vertrek: 8 febr. \u201803 km stand sinds vertrek: 18.200 De route: Kandi \u2013 Benin, Dosso, Niamey, Kantchari \u2013-&gt; Burkina Faso &nbsp; Niamey 13\u00ba 31&#8242; N &#8211; 02\u00ba 07&#8242; O Hoofdstad Dogondoutchi 13\u00ba 38&#8242; N &#8211; 04\u00ba 02&#8242; O Zuiden \u2026 <a class=\"continue-reading-link\" href=\"https:\/\/afrikatour.nl\/niger\/kaart-en-waypoints\/\">Lees verder<\/a><\/p>\n","protected":false},"author":1,"featured_media":0,"parent":0,"menu_order":0,"comment_status":"closed","ping_status":"open","template":"","meta":{"ngg_post_thumbnail":0,"footnotes":"","_links_to":"","_links_to_target":""},"class_list":["post-98","page","type-page","status-publish","hentry"],"_links":{"self":[{"href":"https:\/\/afrikatour.nl\/niger\/wp-json\/wp\/v2\/pages\/98","targetHints":{"allow":["GET"]}}],"collection":[{"href":"https:\/\/afrikatour.nl\/niger\/wp-json\/wp\/v2\/pages"}],"about":[{"href":"https:\/\/afrikatour.nl\/niger\/wp-json\/wp\/v2\/types\/page"}],"author":[{"embeddable":true,"href":"https:\/\/afrikatour.nl\/niger\/wp-json\/wp\/v2\/users\/1"}],"replies":[{"embeddable":true,"href":"https:\/\/afrikatour.nl\/niger\/wp-json\/wp\/v2\/comments?post=98"}],"version-history":[{"count":0,"href":"https:\/\/afrikatour.nl\/niger\/wp-json\/wp\/v2\/pages\/98\/revisions"}],"wp:attachment":[{"href":"https:\/\/afrikatour.nl\/niger\/wp-json\/wp\/v2\/media?parent=98"}],"curies":[{"name":"wp","href":"https:\/\/api.w.org\/{rel}","templated":true}]}}