{"id":88,"date":"2014-08-21T02:12:47","date_gmt":"2014-08-21T00:12:47","guid":{"rendered":"https:\/\/afrikatour.nl\/senegal\/?page_id=88"},"modified":"2017-09-07T00:33:26","modified_gmt":"2017-09-06T22:33:26","slug":"reisimpressies-4","status":"publish","type":"page","link":"https:\/\/afrikatour.nl\/senegal\/reisimpressies-4\/","title":{"rendered":"Reisimpressies 4"},"content":{"rendered":"<h3 style=\"text-align: center;\"><a href=\"https:\/\/afrikatour.nl\/senegal\/wp-content\/uploads\/sites\/10\/2014\/08\/senegal-flag.gif\"><img loading=\"lazy\" decoding=\"async\" class=\"alignleft size-full wp-image-42\" src=\"https:\/\/afrikatour.nl\/senegal\/wp-content\/uploads\/sites\/10\/2014\/08\/senegal-flag.gif\" alt=\"Senegal vlag\" height=\"180\" width=\"240\"><\/a><strong>Naar de Casamance<\/strong><\/h3>\n<p>&nbsp;<\/p>\n<p>&nbsp;<\/p>\n<p>&nbsp;<\/p>\n<p>&nbsp;<\/p>\n<table width=\"753\">\n<tbody>\n<tr>\n<td width=\"201\"><em>Aankomst: 8 dec. 2002<\/em><\/td>\n<td width=\"199\"><em>Vertrek: 14 dec. 2002<\/em><\/td>\n<td width=\"335\"><em>Gereden km: 12.000<\/em><\/td>\n<\/tr>\n<tr>\n<td colspan=\"3\" width=\"747\"><em>Kafountine Casamance &#8211; Senegal 10 december 2002<\/em><\/td>\n<\/tr>\n<\/tbody>\n<\/table>\n<h3>Naar de Casamance<\/h3>\n<p>Omdat wij toch onze Sahara reisgenoten George en Danielle in Kafountine wilden bezoeken en gestimuleerd door verhalen zoals eerder verteld, besloten wij naar de Casamance te rijden. Een beetje gespannen, aangewakkerd door de verhalen over rebellen en bandieten en het dringend advies van de Nederlandse ambassade in Dakar om vooral de Casamance te mijden, lieten wij onze vrienden van de Baobab Lodge in Gambia achter, met de belofte dat wij over een week elkaar weer zouden treffen.<\/p>\n<p>Het weerzien met George en Danielle was hartelijk en wij begrepen al snel dat wij via hen veel contacten zouden kunnen leggen. Reeds enkele jaren ontvluchten zij de Franse winters om die door te brengen in Afrika en vooral in hun huis in Kafountine. George, geboren in Algerije en opgegroeid in Marokko bouwt daar nu een nieuw onderkomen, geheel in Afrikaanse stijl. In tegenstelling tot vele andere Toubabs (blanken) zijn zij ge\u00efntegreerd in de kleine, dorpse samenleving van Kafountine.<\/p>\n<p>Naast het heerlijke eten en de vele aperitiefjes zijn wij op zoek gegaan naar de beelden en geluiden achter de verhalen. De beelden werden de bomen, de heilige bossen en de beesten. De geluiden, vooral &#8216;s nachts de tam tam en het gekrijs van de apen, en &#8216;s ochtends de grote diversiteit aan vogels en het geritsel van de tien meter lange bamboestengels. Overdag werden er onbegrijpelijke verhalen verteld in vele talen en weer vertaald in een voor ons begrijpelijke taal. De geheimen stapelden zich op en werden daardoor rituelen waarbij wij slechts de toeschouwers waren.<\/p>\n<p>&#8216;De KANKURANG&#8217; komt altijd onverwachts, zwaaiend met zijn twee zwaarden gaat hij door het dorp. Hij heeft een masker op en niemand kent hem. Iedereen vlucht het huis in en wacht af of hij langs komt om te straffen voor slechte daden en onrechtvaardigheden. Als de FAMBONDIY verschijnt is dat erger. Hij kent de goede en slechte gedachten van de mensen, oordeelt en straft meedogenloos. Een ieder die rechtschapen is, heeft niets te vrezen.<br \/>\nNiemand ziet of hoort hem maar de geest van de FAMBONDIY is er altijd.<\/p>\n<div id=\"attachment_93\" style=\"width: 160px\" class=\"wp-caption alignleft\"><a href=\"https:\/\/afrikatour.nl\/senegal\/wp-content\/uploads\/sites\/10\/2014\/08\/kinderboom.jpg\"><img loading=\"lazy\" decoding=\"async\" aria-describedby=\"caption-attachment-93\" class=\"size-thumbnail wp-image-93\" src=\"https:\/\/afrikatour.nl\/senegal\/wp-content\/uploads\/sites\/10\/2014\/08\/kinderboom-150x150.jpg\" alt=\"Kinderboom\" height=\"150\" width=\"150\"><\/a><p id=\"caption-attachment-93\" class=\"wp-caption-text\">Uit dankbaarheid nemen zij ons mee naar hun heilige boom<\/p><\/div>\n<div id=\"attachment_94\" style=\"width: 160px\" class=\"wp-caption alignleft\"><a href=\"https:\/\/afrikatour.nl\/senegal\/wp-content\/uploads\/sites\/10\/2014\/08\/voetballers.jpg\"><img loading=\"lazy\" decoding=\"async\" aria-describedby=\"caption-attachment-94\" class=\"size-thumbnail wp-image-94\" src=\"https:\/\/afrikatour.nl\/senegal\/wp-content\/uploads\/sites\/10\/2014\/08\/voetballers-150x150.jpg\" alt=\"Voetballers\" height=\"150\" width=\"150\"><\/a><p id=\"caption-attachment-94\" class=\"wp-caption-text\">Het voetbalelftal heeft een bal en de volgende keer wordt Senegal kampioen.<\/p><\/div>\n<div id=\"attachment_95\" style=\"width: 160px\" class=\"wp-caption alignleft\"><a href=\"https:\/\/afrikatour.nl\/senegal\/wp-content\/uploads\/sites\/10\/2014\/08\/zoekpieter.jpg\"><img loading=\"lazy\" decoding=\"async\" aria-describedby=\"caption-attachment-95\" class=\"size-thumbnail wp-image-95\" src=\"https:\/\/afrikatour.nl\/senegal\/wp-content\/uploads\/sites\/10\/2014\/08\/zoekpieter-150x150.jpg\" alt=\"Zoek Pieter\" height=\"150\" width=\"150\"><\/a><p id=\"caption-attachment-95\" class=\"wp-caption-text\">Soms zijn wij deelnemer<br \/>aan het spel van de kinderen<\/p><\/div>\n<h3>&nbsp;<strong>De voetbal<\/strong><\/h3>\n<p>Soms zijn wij deelnemer, door kinderen worden wij opgenomen in hun spel dat nooit agressief is.<br \/>\n&#8216;Hoe heet u&#8217;?<br \/>\n&#8216;Mijn naam is Pieter&#8217;.<br \/>\n&#8216;Houdt u van voetbal&#8217;? &#8216;Ja, jullie ook&#8217;?<br \/>\nWij zijn allemaal voetballers. Wij zijn nu aan het trainen voor ons elftal maar wij hebben geen bal.<br \/>\n&#8216;Hebt u papier en een doek zodat wij een bal kunnen maken&#8217;?<br \/>\n&#8216;Nee, dat heb ik niet maar wat kost een bal en kun je die hier kopen&#8217;?<br \/>\n&#8216;Die kost wel 1000 CFA ( 1,5 euro) maar in de winkel in het dorp verkopen ze ballen.&#8217;<br \/>\n&#8216;Dat is duur, maar ik zal wel eens gaan praten met Ida&#8217;.<br \/>\n&#8216;Ida, wij zijn aan het trainen voor ons elftal maar wij hebben geen bal en die kun je hier kopen in de winkel in het dorp&#8217;?<br \/>\n&#8216;Ga maar mee en wijs mij de weg naar de winkel&#8217;.<\/p>\n<p>Twintig jongens lopen met Ida mee.<\/p>\n<p>Onderweg spreken ze af dat twee van hen ook de winkel in gaan om te kijken of alles wel goed gaat.<br \/>\n&#8216;Wat kost een bal&#8217;? vraagt Ida aan de verkoper.<br \/>\n&#8216;2000 CFA&#8217;<br \/>\n&#8216;Oh, kan dat niet voor 1000&#8217;?<br \/>\n&#8216;Nee, het kost 2000&#8217;.<br \/>\nDe jongens kijken elkaar zenuwachtig aan en houden angstvallig Ida in de gaten: haakt ze af of zet ze door?<br \/>\n&#8216;Is 1500 CFA ook mogelijk&#8217;?<br \/>\n&#8216;Nee, het kost 2000.&#8217;<br \/>\n&#8216;Goed, geef die bal maar aan die jongens&#8217;.<br \/>\nDe twee jongens rennen naar buiten waar een gejuich op gaat.<\/p>\n<p>\u00c9\u00e9n voor \u00e9\u00e9n komen ze Ida een handje geven en bedanken.<\/p>\n<p><a href=\"https:\/\/afrikatour.nl\/senegal\/reisimpressies-5\/\"><strong>Naar Senegal reisimpressies 5<\/strong><\/a><\/p>\n","protected":false},"excerpt":{"rendered":"<p>Naar de Casamance &nbsp; &nbsp; &nbsp; &nbsp; Aankomst: 8 dec. 2002 Vertrek: 14 dec. 2002 Gereden km: 12.000 Kafountine Casamance &#8211; Senegal 10 december 2002 Naar de Casamance Omdat wij toch onze Sahara reisgenoten George en Danielle in Kafountine wilden bezoeken en gestimuleerd door verhalen zoals eerder verteld, besloten wij\u2026 <a class=\"continue-reading-link\" href=\"https:\/\/afrikatour.nl\/senegal\/reisimpressies-4\/\">Lees verder<\/a><\/p>\n","protected":false},"author":1,"featured_media":0,"parent":0,"menu_order":0,"comment_status":"closed","ping_status":"open","template":"","meta":{"ngg_post_thumbnail":0,"footnotes":"","_links_to":"","_links_to_target":""},"class_list":["post-88","page","type-page","status-publish","hentry"],"_links":{"self":[{"href":"https:\/\/afrikatour.nl\/senegal\/wp-json\/wp\/v2\/pages\/88","targetHints":{"allow":["GET"]}}],"collection":[{"href":"https:\/\/afrikatour.nl\/senegal\/wp-json\/wp\/v2\/pages"}],"about":[{"href":"https:\/\/afrikatour.nl\/senegal\/wp-json\/wp\/v2\/types\/page"}],"author":[{"embeddable":true,"href":"https:\/\/afrikatour.nl\/senegal\/wp-json\/wp\/v2\/users\/1"}],"replies":[{"embeddable":true,"href":"https:\/\/afrikatour.nl\/senegal\/wp-json\/wp\/v2\/comments?post=88"}],"version-history":[{"count":0,"href":"https:\/\/afrikatour.nl\/senegal\/wp-json\/wp\/v2\/pages\/88\/revisions"}],"wp:attachment":[{"href":"https:\/\/afrikatour.nl\/senegal\/wp-json\/wp\/v2\/media?parent=88"}],"curies":[{"name":"wp","href":"https:\/\/api.w.org\/{rel}","templated":true}]}}