{"id":24,"date":"2015-02-28T18:07:41","date_gmt":"2015-02-28T17:07:41","guid":{"rendered":"https:\/\/afrikatour.nl\/somalie\/?page_id=24"},"modified":"2017-09-07T20:01:09","modified_gmt":"2017-09-07T18:01:09","slug":"gegevens","status":"publish","type":"page","link":"https:\/\/afrikatour.nl\/somalie\/gegevens\/","title":{"rendered":"Gegevens"},"content":{"rendered":"<h3 style=\"text-align: center;\"><a href=\"https:\/\/afrikatour.nl\/somalie\/wp-content\/uploads\/sites\/56\/2015\/02\/Vlag-Somalie.gif\"><img loading=\"lazy\" decoding=\"async\" class=\"alignleft size-full wp-image-14\" src=\"https:\/\/afrikatour.nl\/somalie\/wp-content\/uploads\/sites\/56\/2015\/02\/Vlag-Somalie.gif\" alt=\"Vlag Somalie\" height=\"180\" width=\"240\"><\/a><strong>Gegevens van Somali\u00eb, <\/strong><\/h3>\n<h3 style=\"text-align: center;\"><strong>Somaliland en Puntland<\/strong><\/h3>\n<h3 style=\"text-align: center;\"><strong>Geschiedenis<\/strong><\/h3>\n<p>De inwoners van Somali\u00eb, die het land sinds \u00b1 1000 na Christus bewonen, kwamen oorspronkelijk waarschijnlijk uit het zuiden van Ethiopi\u00eb. Het waren voornamelijk veehouders en de veehouderij vormt tot op heden nog steeds de basis van de economie<\/p>\n<p>van Somali\u00eb. Vanaf de 13<sup>e<\/sup> eeuw werd met de komst van Perzen en Arabieren de islam ge\u00efntroduceerd. Er waren periodes van Portugese en Omani overheersing langs de kust voordat eind 19<sup>e<\/sup> eeuw Italianen en Engelsen het land koloniseerden.<\/p>\n<p>In 1960 werd de Somalische Republiek uitgeroepen, een samenvoeging van Italiaans Somaliland (het zuidelijke deel) en Brits Somaliland (het noordelijke deel). Ondanks de vorming van een coalitieregering, met een evenredige representatie van de verschillende etnische groeperingen, was het land spoedig verwikkeld in een gewelddadige etnische strijd.<\/p>\n<p>In oktober 1969 werd de macht overgenomen door generaal Mohamed Said Barre, die een beleid van \u2018wetenschappelijk socialisme\u2019 invoerde. Tijdens zijn bewind kende Somali\u00eb een centrale gezagsstructuur waarin (formeel) geen ruimte werd gelaten aan het clansysteem.<\/p>\n<p>Gedurende de jaren zeventig en tachtig groeide het verzet tegen het autocratisch bewind van Barre. Al snel groeide de onvrede onder de bevolking met het toenemend autoritaire en economisch niet succesvolle bewind van Barre. De Ogaden oorlog (1977-1978),&nbsp; waarin Somali\u00eb een verpletterende nederlaag leed, leidde tot grote vluchtelingenstromen. Na deze oorlog raakte de Somalische politiek in een neerwaartse spiraal. In 1988 kwam in het noordwesten de Somali National Movement (SNM) in opstand. Dit leidde tot een meedogenloze burgeroorlog. Grote aantallen vluchtelingen trokken naar Ethiopi\u00eb. Begin 1991 leidde dit tot de vlucht van Barre.<\/p>\n<p>Het twintigjarige bewind van Barre liet zijn sporen na in het huidige Somali\u00eb. Zo liet de wijze waarop hij de clans tegen elkaar had uitgespeeld, een diepe vijandschap en wantrouwen tussen de clans na. Na de val van Barre brak een periode aan van gewapende conflicten tussen op clanbasis georganiseerde milities.<\/p>\n<p>In 1991 riep de SNM de onafhankelijkheid uit in de zelf gevormde staat Somaliland, waarvan de grenzen overeenkwamen met die van het vroegere Brits Somaliland. Gevechten in het zuiden van Somali\u00eb tussen de verschillende fracties binnen het United Somalie Congress (USC), inzet Mogadishu, hadden een enorm voedseltekort in het achterland tot gevolg. De hongersnood leidde tot een VN interventie eind 1992 (UNOSOM). In 1993 raakte UNOSOM in Mogadishu in gewapend conflict met de milities van Generaal Aideed. De dood van Amerikaanse soldaten leidde tot voortijdige be\u00ebindiging van de operatie vanwege de grote druk vanuit de VS. De beelden van de Amerikaanse soldaat die door de straten van Mogadishu werd voortgesleept, gingen de hele wereld over en hebben er mede toe geleid dat er een internationale roep om hulp op gang kwam.. Het VN-mandaat liep af in 1995.<\/p>\n<p>De gevechten tussen clans werden hervat, facties versplinterden steeds verder en banditisme was wijdverspreid. Een van de belangrijkste actoren was Generaal Aideed, die door een afsplitsing van de USC werd gekozen tot interim \u2018president\u2019. Na zijn gewelddadige dood in 1996 werd hij opgevolgd door zijn zoon, Hussein Aideed.<\/p>\n<p>De drie noordoostelijke provincies riepen in 1998 regionaal bestuur uit voor hun gebied &#8220;Puntland&#8221; .<\/p>\n<p>Na verscheidene mislukte pogingen om de strijdende partijen tot een vredesakkoord te bewegen, organiseerde buurland Djibouti, in Arta, in mei 2000 vredesbesprekingen, waaraan deelgenomen werd door zo\u2019n 2000 clanoudsten, religieuze leiders en andere vertegenwoordigers van de civil society. Het succes van dit proces lag voor een belangrijk deel besloten in het gebruik van de traditionele wijze van overleg in Somali\u00eb en in het feit dat dit de eerste conferentie was waar de \u2018warlords\u2019 geen grip op de agenda hadden.<\/p>\n<p>In augustus werd een akkoord bereikt over machtsdeling en een grondwet die geldig is voor een periode van 3 jaar. Een parlement werd ingesteld, de Transitional National Assembly (TNA), waarna Abdulkassim Salat Hassan tot interim President gekozen werd. In oktober 2000 benoemde hij een Transitional Government, onder leiding van Ali Khalif Galaydh als premier. Sindsdien heeft deze TG getracht om weer een vorm van centraal gezag in Somali\u00eb te herstellen.<\/p>\n<p>Op 15 oktober 2002 zijn verzoeningsonderhandelingen begonnen in de Keniaanse stad Eldoret. Deze onderhandelingen stonden reeds voor april 2002 gepland, maar zijn herhaaldelijk uitgesteld. Op 31 oktober is een declaratie tot het be\u00ebindigen van de vijandelijkheden\u2019 getekend, evenals een declaratie waarin de organisatiestructuur en principes van het door de IGAD gesponsorde vredes- en verzoeningsproces&nbsp; zijn opgetekend.. In de declaratie wordt een oproep gedaan tot een staakt-het-vuren en een vernieuwd regeringssysteem. De toekomst zal uitwijzen of deze declaratie een constructieve mijlpaal naar vrede in Somali\u00eb zal worden.<\/p>\n<h3 style=\"text-align: center;\"><strong>Staatsinrichting<\/strong><\/h3>\n<table width=\"100%\">\n<tbody>\n<tr>\n<td width=\"28%\">&nbsp;<\/td>\n<td width=\"72%\">Somali\u00eb: de in augustus 2000 ingestelde Transitional National Assembly (TNA) telt 245 leden. Hiervan kregen de 4 voornaamste clanfamilies ieder 49 zetels toegewezen (waarvan een aantal specifiek voor vrouwen), minderheden 29 zetels; de overige 20 leden zijn te benoemen door de president. Gedurende de transitieperiode zal gewerkt worden aan de formulering van een nieuwe grondwet.<\/p>\n<p>De Transitional Government (TG) heeft zich inmiddels in Mogadishu gezeteld. De tegenstand van zowel interne (Somaliland, Puntland en een aantal warlords) als externe actoren (Ethiopi\u00eb) blijft evenwel aanzienlijk en het gezag van de TG buiten Mogadishu is beperkt.<\/p>\n<p>De TG staat voor een moeilijke opdracht. Het omvormen van een samenleving&nbsp; die tien jaar geen enkele vorm van centraal gezag heeft gekend in een \u2018 normaal land\u2019 is geen eenvoudige opgave.<\/td>\n<\/tr>\n<\/tbody>\n<\/table>\n<p>\u201cSomaliland&#8221; riep zichzelf in 1991 uit tot onafhankelijke staat, heeft inmiddels een grondwet en wordt geregeerd door president Mohamed Ibrahim Egal, een parlement en een &#8220;house of elders\u201d. Puntland streeft niet naar onafhankelijkheid, maar naar het herstel van een centrale (al dan niet federale) regering in Somali\u00eb. Puntland kent momenteel een overgangsgrondwet en wordt geregeerd door president Abdullah Yussuf Ahmed. Geen van beide landen wordt internationaal als staat erkend.<\/p>\n<h3 style=\"text-align: center;\"><strong>Binnenlandse politiek<\/strong><\/h3>\n<p>Zowel Somaliland als Puntland hebben reeds een zekere mate van rust en stabiliteit bereikt, en zullen zich niet zonder meer voegen naar de plannen van een regering in Mogadishu die zich nog moet bewijzen. Beiden hebben aangegeven in principe bereid te zijn, weliswaar onder voorwaarden, een dialoog met de TG aan te gaan.<\/p>\n<p>De oprichting van &#8220;Puntland&#8221; veroorzaakte spanningen tussen deze nieuwe administratie en &#8220;Somaliland&#8221;, vanwege de dubbele claim op de grensgebieden Sool en Sanaag. Hoewel de kwestie op de achtergrond is geraakt is dit nog niet opgelost.<\/p>\n<h3 style=\"text-align: center;\"><strong>Mensenrechten<\/strong><\/h3>\n<p>Schendingen van de mensenrechten komen in Somali\u00eb nog steeds regelmatig voor, met name door de gewapende milities in het zuiden, die door&nbsp; het ontbreken van een functionerend rechtspraaksysteem jarenlang ongestraft hun gang konden gaan. Daarnaast wordt in grote delen van het land de Sharia (islamitische wetgeving) gevolgd, die straffen als amputaties en steniging voorschrijft. De omstandigheden in gevangenissen zijn slecht, vrouwen worden op maatschappelijk gebied achtergesteld en ook mishandeling van vrouwen en kinderen komt veelvuldig voor. Vrouwenbesnijdenis is zeer wijdverspreid in Somali\u00eb (wordt uitgevoerd bij 90% van de vrouwen).<\/p>\n<p>In Somaliland en Puntland is het bestuur inmiddels dermate ontwikkeld dat de autoriteiten bescherming kunnen bieden tegen schendingen van mensenrechten.<\/p>\n<h3 style=\"text-align: center;\"><strong>Sociale situatie<\/strong><\/h3>\n<p>Met de val van de regering van Siad Barre in 1991 was de ineenstorting van het totale onderwijssysteem een feit. Dit is deels opgevangen door de Koranscholen die sedertdien zijn gesticht en deels door de lagere scholen die weer zijn opgebouwd met behulp van NGO&#8217;s en verschillende internationale hulporganisaties.<\/p>\n<p>De situatie wat betreft de gezondheidszorg is zorgwekkend en is daarbij verslechterd door de reeks hongersnoden die het land trof. Volgens UNICEF heeft 73% van de bevolking toegang tot gezondheidszorg en wordt slechts 2% van het totale aantal geboortes begeleid door medisch geschoold personeel.<\/p>\n<h3 style=\"text-align: center;\"><strong>Economische situatie<\/strong><\/h3>\n<p>De economie van Somali\u00eb is altijd al afhankelijk geweest van landbouw en veehouderij. Deze afhankelijkheid is nog versterkt doordat de burgeroorlog de toch al kleine industri\u00eble sector plat legde. De landbouwsector voorziet in ongeveer 40% van het BNP en bedraagt zo&#8217;n 65% van de totale exportinkomsten. De financi\u00eble overdrachten door de Somalische gemeenschappen in het buitenland zijn aanzienlijk.<\/p>\n<p>Sinds het wegvallen van centraal gezag in Somali\u00eb, zijn er weinig of geen economische cijfers gepubliceerd. Ondanks alle conflicten zijn de commerci\u00eble netwerken tussen het platteland en de steden blijven functioneren. Wel heeft de internationale voedselhulp de goederenmarkt van Mogadishu en andere delen van het land volledig veranderd.<\/p>\n<p>Er is zo goed als geen formeel economisch beleid in Somali\u00eb. In Somaliland wordt belasting ge\u00efnd en worden bij de havenplaats Berbera in- en uitvoerrechten betaald. In de rest van het land wordt aan lokale administraties belasting betaald.<\/p>\n<p>Hoewel in 1994 de economie even stabiel leek te zijn, en in 1995 zelfs economische groei waargenomen kon worden, belemmerde de aanhoudende burgeroorlog een substantieel herstel.<\/p>\n<p>Bovendien werd met name het noorden van Somali\u00eb in 1997 en ook recent weer getroffen door een verbod op export van vee naar Saoedi-Arabi\u00eb en de Golfstaten, vanwege Rift Valley Fever, hetgeen een ontwrichting van de lokale economie\u00ebn tot gevolg heeft.<\/p>\n<h3 style=\"text-align: center;\"><strong>Milieubeleid<\/strong><\/h3>\n<p>Het grootste gedeelte van Somali\u00eb is woestijn of semi-woestijn en het gevaar van droogte is altijd aanwezig. Verbouwing van het land is slechts mogelijk op ongeveer 13% van het totale oppervlakte. In praktijk wordt hiervan 2% regelmatig bebouwd. De kustlijn van Somali\u00eb is de langste van Afrika en biedt een groot potentieel voor de visserij. Er vindt evenwel door gebrek aan controle overbevissing plaats.<\/p>\n<p>Milieuproblemen waar het land mee kampt zijn ontbossing, bodemerosie en woestijnvorming. Gebrek aan schoon drinkwater vormt eveneens een probleem.<\/p>\n<p>Somali\u00eb was voorheen partij bij verschillende internationale milieuovereenkomsten als de Conventie internationale handel in bedreigde diersoorten.<\/p>\n<h3 style=\"text-align: center;\"><strong>Buitenlands beleid en veiligheidsbeleid<\/strong><\/h3>\n<p>De TG heeft nog weinig kans gehad om haar buitenlands beleid te profileren. Wel heeft het een oproep gedaan aan de internationale gemeenschap om het nieuwe bewind, financieel, te ondersteunen.<\/p>\n<p>De betrekkingen van de TG met buurland Ethiopie zijn gespannen.<\/p>\n<p>Somalie is lid van het IGAD, Inter Governmental Authority on Development, een regionale organisatie ter bevordering van economische samenwerking, regionale integratie en conflictbeheersing- en oplossing. Binnen IGAD hebben Djibouti, Ethiopi\u00eb en Kenia de rol van front-line staten t.a.v. het vredesproces in Somali\u00eb op zich genomen.<\/p>\n<h3 style=\"text-align: center;\"><strong>Betrekkingen met de EU<\/strong><\/h3>\n<p>Elementen van EU-samenwerkingsprogramma met Somali\u00eb zijn: bevordering van vrede en stabiliteit, uitvoering van een ge\u00efntegreerde regionale benadering, meer aandacht voor rehabilitatie, meer betrokkenheid van de Somali\u00ebrs bij de activiteiten en meer co\u00f6rdinatie tussen de internationale actoren. De EU heeft een voorzichtig positieve houding ingenomen ten opzichte van de Transitional Government, en heeft andere partijen (Somaliland, Puntland en de facties uit Mogadishu die wegbleven bij de Arta besprekingen) opgeroepen zich bij het vredesproces aan te sluiten en daartoe een constructieve dialoog met de TG aan te gaan<\/p>\n","protected":false},"excerpt":{"rendered":"<p>Gegevens van Somali\u00eb, Somaliland en Puntland Geschiedenis De inwoners van Somali\u00eb, die het land sinds \u00b1 1000 na Christus bewonen, kwamen oorspronkelijk waarschijnlijk uit het zuiden van Ethiopi\u00eb. Het waren voornamelijk veehouders en de veehouderij vormt tot op heden nog steeds de basis van de economie van Somali\u00eb. Vanaf de \u2026 <a class=\"continue-reading-link\" href=\"https:\/\/afrikatour.nl\/somalie\/gegevens\/\">Lees verder<\/a><\/p>\n","protected":false},"author":1,"featured_media":0,"parent":0,"menu_order":0,"comment_status":"closed","ping_status":"closed","template":"","meta":{"ngg_post_thumbnail":0,"footnotes":"","_links_to":"","_links_to_target":""},"class_list":["post-24","page","type-page","status-publish","hentry"],"_links":{"self":[{"href":"https:\/\/afrikatour.nl\/somalie\/wp-json\/wp\/v2\/pages\/24","targetHints":{"allow":["GET"]}}],"collection":[{"href":"https:\/\/afrikatour.nl\/somalie\/wp-json\/wp\/v2\/pages"}],"about":[{"href":"https:\/\/afrikatour.nl\/somalie\/wp-json\/wp\/v2\/types\/page"}],"author":[{"embeddable":true,"href":"https:\/\/afrikatour.nl\/somalie\/wp-json\/wp\/v2\/users\/1"}],"replies":[{"embeddable":true,"href":"https:\/\/afrikatour.nl\/somalie\/wp-json\/wp\/v2\/comments?post=24"}],"version-history":[{"count":0,"href":"https:\/\/afrikatour.nl\/somalie\/wp-json\/wp\/v2\/pages\/24\/revisions"}],"wp:attachment":[{"href":"https:\/\/afrikatour.nl\/somalie\/wp-json\/wp\/v2\/media?parent=24"}],"curies":[{"name":"wp","href":"https:\/\/api.w.org\/{rel}","templated":true}]}}