{"id":67,"date":"2014-09-16T09:05:08","date_gmt":"2014-09-16T07:05:08","guid":{"rendered":"https:\/\/afrikatour.nl\/tsjaad\/?page_id=67"},"modified":"2026-01-18T23:49:57","modified_gmt":"2026-01-18T22:49:57","slug":"links","status":"publish","type":"page","link":"https:\/\/afrikatour.nl\/tsjaad\/links\/","title":{"rendered":"Links"},"content":{"rendered":"<h3 style=\"text-align: center;\"><a href=\"https:\/\/afrikatour.nl\/tsjaad\/wp-content\/uploads\/sites\/31\/2014\/09\/Vlag-Tsjaad.gif\"><img loading=\"lazy\" decoding=\"async\" class=\"alignleft size-full wp-image-27\" src=\"https:\/\/afrikatour.nl\/tsjaad\/wp-content\/uploads\/sites\/31\/2014\/09\/Vlag-Tsjaad.gif\" alt=\"Vlag Tsjaad\" width=\"240\" height=\"180\"><\/a><strong>Links Tsjaad<\/strong><\/h3>\n<table width=\"66%\">\n<tbody>\n<tr>\n<td width=\"238\"><a href=\"http:\/\/www.rijksoverheid.nl\/onderwerpen\/reisadviezen\/tsjaad\" target=\"_blank\" rel=\"noopener\"><strong>Rijksoverheid.nl\/tsjaad<\/strong><\/a><\/td>\n<td width=\"72%\">&nbsp;Reisadvies Ministerie van Buitenlandse Zaken<\/td>\n<\/tr>\n<tr>\n<td width=\"238\"><a href=\"http:\/\/en.africatime.com\/tchad\/tchad\" target=\"_blank\" rel=\"noopener\"><strong>Tchad Africatime<\/strong><\/a><\/td>\n<td width=\"72%\">Nieuws over Tsjaad<\/td>\n<\/tr>\n<tr>\n<td width=\"238\"><a href=\"http:\/\/www.bbc.com\/news\/world-africa-13164686\" target=\"_blank\" rel=\"noopener\"><strong>News.bbc.co.uk<\/strong><\/a><\/td>\n<td width=\"72%\">&nbsp;BBC News country profiles Chad<\/td>\n<\/tr>\n<tr>\n<td width=\"238\"><strong><a href=\"http:\/\/www.landenkompas.nl\/tsjaad\" target=\"_blank\" rel=\"noopener\">Landenkompas.nl\/tsjaad<\/a><\/strong><\/td>\n<td width=\"72%\">Informatie over Tsjaad van Landenkompas<\/td>\n<\/tr>\n<tr>\n<td width=\"238\"><a href=\"http:\/\/www.worldtravelguide.net\/chad\" target=\"_blank\" rel=\"noopener\"><strong>Chad travel guide<\/strong><\/a><\/td>\n<td width=\"72%\">Info over Tsjaad van <a href=\"http:\/\/www.worldtravelguide.net\/chad\" target=\"_blank\" rel=\"noopener\">World Travel Guide<\/a><\/td>\n<\/tr>\n<tr>\n<td width=\"238\"><strong><a href=\"http:\/\/zime.free.fr\/\" target=\"_blank\" rel=\"noopener\">Zime.free.fr<\/a><\/strong><\/td>\n<td width=\"72%\">Site enti\u00e8rement consacr\u00e9 \u00e0 la langue Zim\u00e9, langue tchadienne, plus particuli\u00e8rement au dialecte.<\/td>\n<\/tr>\n<tr>\n<td width=\"238\"><a href=\"https:\/\/www.amnesty.org\/en\/countries\/africa\/chad\/\" target=\"_blank\" rel=\"noopener\"><strong>Amnesty.org\/chad<\/strong><\/a><\/td>\n<td width=\"72%\">Amnesty international over Tsjaad<\/td>\n<\/tr>\n<tr>\n<td width=\"238\"><a href=\"http:\/\/www.hrw.org\/africa\/chad\" target=\"_blank\" rel=\"noopener\"><strong>Hrw.org\/chad<\/strong><\/a><\/td>\n<td width=\"72%\">Human Rights Watch over Tsjaad<\/td>\n<\/tr>\n<\/tbody>\n<\/table>\n","protected":false},"excerpt":{"rendered":"<p>Links Tsjaad Rijksoverheid.nl\/tsjaad &nbsp;Reisadvies Ministerie van Buitenlandse Zaken Tchad Africatime Nieuws over Tsjaad News.bbc.co.uk &nbsp;BBC News country profiles Chad Landenkompas.nl\/tsjaad Informatie over Tsjaad van Landenkompas Chad travel guide Info over Tsjaad van World Travel Guide Zime.free.fr Site enti\u00e8rement consacr\u00e9 \u00e0 la langue Zim\u00e9, langue tchadienne, plus particuli\u00e8rement au dialecte. Amnesty.org\/chad \u2026 <a class=\"continue-reading-link\" href=\"https:\/\/afrikatour.nl\/tsjaad\/links\/\">Lees verder<\/a><\/p>\n","protected":false},"author":1,"featured_media":0,"parent":0,"menu_order":0,"comment_status":"closed","ping_status":"open","template":"","meta":{"ngg_post_thumbnail":0,"footnotes":"","_links_to":"","_links_to_target":""},"class_list":["post-67","page","type-page","status-publish","hentry"],"_links":{"self":[{"href":"https:\/\/afrikatour.nl\/tsjaad\/wp-json\/wp\/v2\/pages\/67","targetHints":{"allow":["GET"]}}],"collection":[{"href":"https:\/\/afrikatour.nl\/tsjaad\/wp-json\/wp\/v2\/pages"}],"about":[{"href":"https:\/\/afrikatour.nl\/tsjaad\/wp-json\/wp\/v2\/types\/page"}],"author":[{"embeddable":true,"href":"https:\/\/afrikatour.nl\/tsjaad\/wp-json\/wp\/v2\/users\/1"}],"replies":[{"embeddable":true,"href":"https:\/\/afrikatour.nl\/tsjaad\/wp-json\/wp\/v2\/comments?post=67"}],"version-history":[{"count":1,"href":"https:\/\/afrikatour.nl\/tsjaad\/wp-json\/wp\/v2\/pages\/67\/revisions"}],"predecessor-version":[{"id":82,"href":"https:\/\/afrikatour.nl\/tsjaad\/wp-json\/wp\/v2\/pages\/67\/revisions\/82"}],"wp:attachment":[{"href":"https:\/\/afrikatour.nl\/tsjaad\/wp-json\/wp\/v2\/media?parent=67"}],"curies":[{"name":"wp","href":"https:\/\/api.w.org\/{rel}","templated":true}]}}