{"id":31,"date":"2015-03-04T22:02:02","date_gmt":"2015-03-04T21:02:02","guid":{"rendered":"https:\/\/afrikatour.nl\/tunesie\/?page_id=31"},"modified":"2026-01-14T23:41:29","modified_gmt":"2026-01-14T22:41:29","slug":"links","status":"publish","type":"page","link":"https:\/\/afrikatour.nl\/tunesie\/links\/","title":{"rendered":"Links"},"content":{"rendered":"<h3 style=\"text-align: center;\"><a href=\"https:\/\/afrikatour.nl\/tunesie\/wp-content\/uploads\/sites\/63\/2015\/03\/Vlag-Tunesi\u00eb.gif\"><img loading=\"lazy\" decoding=\"async\" class=\"alignleft size-full wp-image-14\" src=\"https:\/\/afrikatour.nl\/tunesie\/wp-content\/uploads\/sites\/63\/2015\/03\/Vlag-Tunesi\u00eb.gif\" alt=\"Vlag Tunesi\u00eb\" width=\"240\" height=\"180\"><\/a><strong>Links van Tunesi\u00eb<\/strong><\/h3>\n<table width=\"59%\">\n<tbody>\n<tr>\n<td width=\"30%\"><a href=\"http:\/\/www.ministeres.tn\/\" target=\"_blank\" rel=\"noopener\"><strong>Ministeres.tn<\/strong><\/a><\/td>\n<td width=\"62%\">De offici\u00eble site van de regering van Tunesi\u00eb<\/td>\n<\/tr>\n<tr>\n<td width=\"30%\"><strong><a href=\"http:\/\/www.rijksoverheid.nl\/onderwerpen\/reisadviezen\/tunesie\" target=\"_blank\" rel=\"external noopener\">Reisadvies Tunesie<\/a><\/strong><\/td>\n<td width=\"62%\">Reisadvies Tunesi\u00eb van het Ministerie van Binnenlandse Zaken<\/td>\n<\/tr>\n<tr>\n<td width=\"30%\"><strong><a href=\"http:\/\/www.landenkompas.nl\/tunesie\" target=\"_blank\" rel=\"noopener\">Landenkompas.nl\/tunesie<\/a><\/strong><\/td>\n<td width=\"62%\">Informatie over Tunesi\u00eb van Landenkompas<\/td>\n<\/tr>\n<tr>\n<td width=\"30%\"><a href=\"https:\/\/www.cia.gov\/library\/publications\/the-world-factbook\/geos\/ts.html\" target=\"_blank\" rel=\"noopener\"><strong>CIA\/factbook<\/strong><\/a><\/td>\n<td width=\"62%\">Tunesia of the factbook of the CIA<\/td>\n<\/tr>\n<tr>\n<td width=\"30%\"><a href=\"http:\/\/www.ontdektunesie.nl\/\" target=\"_blank\" rel=\"noopener\"><strong>Ontdektunesie.nl<\/strong><\/a><\/td>\n<td width=\"62%\">Toeristische informatie van het Tunesisch Verkeerbureau<\/td>\n<\/tr>\n<\/tbody>\n<\/table>\n","protected":false},"excerpt":{"rendered":"<p>Links van Tunesi\u00eb Ministeres.tn De offici\u00eble site van de regering van Tunesi\u00eb Reisadvies Tunesie Reisadvies Tunesi\u00eb van het Ministerie van Binnenlandse Zaken Landenkompas.nl\/tunesie Informatie over Tunesi\u00eb van Landenkompas CIA\/factbook Tunesia of the factbook of the CIA Ontdektunesie.nl Toeristische informatie van het Tunesisch Verkeerbureau <a class=\"continue-reading-link\" href=\"https:\/\/afrikatour.nl\/tunesie\/links\/\">Lees verder<\/a><\/p>\n","protected":false},"author":1,"featured_media":0,"parent":0,"menu_order":0,"comment_status":"closed","ping_status":"closed","template":"","meta":{"ngg_post_thumbnail":0,"footnotes":"","_links_to":"","_links_to_target":""},"class_list":["post-31","page","type-page","status-publish","hentry"],"_links":{"self":[{"href":"https:\/\/afrikatour.nl\/tunesie\/wp-json\/wp\/v2\/pages\/31","targetHints":{"allow":["GET"]}}],"collection":[{"href":"https:\/\/afrikatour.nl\/tunesie\/wp-json\/wp\/v2\/pages"}],"about":[{"href":"https:\/\/afrikatour.nl\/tunesie\/wp-json\/wp\/v2\/types\/page"}],"author":[{"embeddable":true,"href":"https:\/\/afrikatour.nl\/tunesie\/wp-json\/wp\/v2\/users\/1"}],"replies":[{"embeddable":true,"href":"https:\/\/afrikatour.nl\/tunesie\/wp-json\/wp\/v2\/comments?post=31"}],"version-history":[{"count":1,"href":"https:\/\/afrikatour.nl\/tunesie\/wp-json\/wp\/v2\/pages\/31\/revisions"}],"predecessor-version":[{"id":42,"href":"https:\/\/afrikatour.nl\/tunesie\/wp-json\/wp\/v2\/pages\/31\/revisions\/42"}],"wp:attachment":[{"href":"https:\/\/afrikatour.nl\/tunesie\/wp-json\/wp\/v2\/media?parent=31"}],"curies":[{"name":"wp","href":"https:\/\/api.w.org\/{rel}","templated":true}]}}