{"id":32,"date":"2014-08-18T23:54:01","date_gmt":"2014-08-18T21:54:01","guid":{"rendered":"https:\/\/afrikatour.nl\/west-sahara\/?page_id=32"},"modified":"2017-01-02T12:50:52","modified_gmt":"2017-01-02T11:50:52","slug":"reisimpressies","status":"publish","type":"page","link":"https:\/\/afrikatour.nl\/west-sahara\/reisimpressies\/","title":{"rendered":"Reisimpressies"},"content":{"rendered":"<p><a href=\"https:\/\/afrikatour.nl\/west-sahara\/wp-content\/uploads\/sites\/7\/2014\/08\/saharavlag.gif\"><img loading=\"lazy\" decoding=\"async\" class=\"alignleft size-full wp-image-28\" src=\"https:\/\/afrikatour.nl\/west-sahara\/wp-content\/uploads\/sites\/7\/2014\/08\/saharavlag.gif\" alt=\"West Sahara vlag\" height=\"100\" width=\"200\"><\/a><\/p>\n<table width=\"786\">\n<tbody>\n<tr>\n<td width=\"235\">Datum van aankomst: 31 &#8211; 10 &#8211; &#8217;02<\/td>\n<td width=\"236\">Datum van vertrek: 4- 11 &#8211; &#8217;02<\/td>\n<td width=\"309\">gereden km: 7500<\/td>\n<\/tr>\n<tr>\n<td colspan=\"3\" width=\"780\">De route: Tan Tan &#8211; L\u00e2ayoune &#8211; Boujdour &#8211; Dakhla &#8211; grens Mauritani\u00eb<\/td>\n<\/tr>\n<\/tbody>\n<\/table>\n<blockquote><p><em> Geschreven in St Louis, Senegal op 12 november &#8217;02<\/em><br \/>\n&#8216;Je moet moed hebben om hier een camping te beginnen&#8217; zei Ida .<br \/>\nLuc antwoordde: &#8216;je moet gewoon gek zijn om zoiets te doen&#8217;.<\/p><\/blockquote>\n<p>Wij spreken over de plaats waar wij op 31 oktober overnachten op misschien wel de meest vreemde maar daarom niet mindere &#8216;camping&#8217; die we tot nu toe hebben gezien. Dertig kilometer voor L\u00e2ayoune vanuit het noorden staat aan de weg een bord met daarop &#8216;le B\u00e9douin, Luc en Martine R\u00e9quil\u00e9&#8217;. Er volgt een piste van 4,5 kilometer. In the middle of nowhere zie je in een dal enkele kleine gebouwtjes en tenten staan.<\/p>\n<p>Martine komt naar buiten en heet ons welkom. Als snel voelen wij ons thuis. Er lopen wat geiten rond die, zoals later blijkt, de heerlijkste geitenkaas opleveren. Een hond bijt Ida speels in haar kuiten en wij kijken verwonderd rond naar het zand en het zoutmeer dat gelegen is op enkele honderden meters van de plek. Het oorspronkelijk uit het Belgische Luik afkomstige echtpaar heeft hun hele leven in Afrika gewoond.<\/p>\n<p>&#8216;Hebben jullie water&#8217; Ja, dat komt van 500 meter van ons vandaan maar het is zout.Bij het binnengaan van het simpele toiletgebouw valt ons op hoe schoon en stijlvol alles is. Op een bord staat het menu en tot onze grote verbazing de wijnkaart. Wij besluiten al gauw dat er vanavond kip \u00e1 l&#8217;orange gegeten wordt.<\/p>\n<p>&#8216;Halen jullie dat uit L\u00e2ayoune? Nee, wij gaan regelmatig naar Agadir, twee dagen rijden, om ons te bevoorraden&#8217; is het antwoord van Luc die ondertussen is aangekomen. Die avond waait het hard in de verder verlaten woestijn. Wij zitten met andere reizigers beschut in de grote nomadentent te genieten van de kip, de wijn en de geitenkaas die Martine heeft klaargemaakt. Weer \u00e9\u00e9n van die ontmoetingen die het reizen in Afrika zo boeiend maakt. Van harte aanbevolen!<\/p>\n<div id=\"attachment_33\" style=\"width: 160px\" class=\"wp-caption alignleft\"><a href=\"https:\/\/afrikatour.nl\/west-sahara\/wp-content\/uploads\/sites\/7\/2014\/08\/bord.jpg\"><img loading=\"lazy\" decoding=\"async\" aria-describedby=\"caption-attachment-33\" class=\"wp-image-33 size-thumbnail\" src=\"https:\/\/afrikatour.nl\/west-sahara\/wp-content\/uploads\/sites\/7\/2014\/08\/bord-150x150.jpg\" alt=\"woestijnparadijs\" height=\"150\" width=\"150\"><\/a><p id=\"caption-attachment-33\" class=\"wp-caption-text\">Nog 4,5 km naar het woestijnparadijs<\/p><\/div>\n<div id=\"attachment_34\" style=\"width: 160px\" class=\"wp-caption alignleft\"><a href=\"https:\/\/afrikatour.nl\/west-sahara\/wp-content\/uploads\/sites\/7\/2014\/08\/Camping-bedouin.jpg\"><img loading=\"lazy\" decoding=\"async\" aria-describedby=\"caption-attachment-34\" class=\"wp-image-34 size-thumbnail\" src=\"https:\/\/afrikatour.nl\/west-sahara\/wp-content\/uploads\/sites\/7\/2014\/08\/Camping-bedouin-150x150.jpg\" alt=\"Camping 'le B\u00e9douin\" height=\"150\" width=\"150\"><\/a><p id=\"caption-attachment-34\" class=\"wp-caption-text\">Camping &#8216;le B\u00e9douin<\/p><\/div>\n<div id=\"attachment_35\" style=\"width: 160px\" class=\"wp-caption alignleft\"><a href=\"https:\/\/afrikatour.nl\/west-sahara\/wp-content\/uploads\/sites\/7\/2014\/08\/eten.jpg\"><img loading=\"lazy\" decoding=\"async\" aria-describedby=\"caption-attachment-35\" class=\"wp-image-35 size-thumbnail\" src=\"https:\/\/afrikatour.nl\/west-sahara\/wp-content\/uploads\/sites\/7\/2014\/08\/eten-150x150.jpg\" alt=\"eten in een goede sfeer\" height=\"150\" width=\"150\"><\/a><p id=\"caption-attachment-35\" class=\"wp-caption-text\">Heerlijk eten in een goede sfeer<\/p><\/div>\n<p>Waypoint Camping le B\u00e9douin, Luc en Martine R\u00e9quil\u00e9: 27\u00b0 27. 718&#8242; N &#8211; 13\u00b0 03. 118&#8242; W<\/p>\n<p>Eind maart 2007 werd de camping Le B\u00e9douin weer bezocht. Behalve de jaren die voorbij waren gegaan was er op deze zalige plek weinig veranderd zoals dat behoort in de woestijn.<\/p>\n<p><strong>De Doorsteek<\/strong><\/p>\n<p>Onze eerste gezamenlijke tocht door de Sahara was in 1976. De opzet was om na drie enerverende jaren van het opvangen en begeleiden van pleegkinderen een nieuwe ervaring er tegenover te stellen.<\/p>\n<p>Dus besloten wij om gedurende vier maanden door Afrika te trekken. In die tijd was er nog maar weinig informatie voorhanden over Afrika in het algemeen en de Sahara in het bijzonder.<br \/>\nZonder een duidelijk besef van wat ons te wachten stond, zijn wij vertrokken en verrijkt weer teruggekeerd. Sinds die tijd is er een mystiek verlangen ontstaan naar die bekoorlijke leegte die tegelijkertijd ook zo gevuld kan zijn met onverdraagzame wind, verzengende hitte en angstaanjagende stilte.<\/p>\n<p>Lees ook het&nbsp; Sahara-verhaal <a href=\"https:\/\/afrikatour.nl\/europa\/category\/ruimte-als-passie\/http:\/\/\" target=\"_blank\">Ruimte als Passie deel een<\/a>, <a href=\"https:\/\/afrikatour.nl\/europa\/category\/ruimte-als-passie-deel-2\/\" target=\"_blank\">deel twee<\/a> en <a href=\"https:\/\/afrikatour.nl\/europa\/category\/ruimte-als-passie-deel-3\/\" target=\"_blank\">deel drie<\/a>, geschreven in 1998<\/p>\n<p>Nu zijn wij in Zuid Marokko, 26 jaar ouder, meer ervaren door de 25 maal dat wij de Sahara doorkruisten; maar toch was het weer nieuw. De moderne middelen zoals GPS, gedetailleerde kaarten, een ijskast aan boord van een betere Land Rover, wegen niet op tegen de spanning van de onbekende route die voor ons ligt.<\/p>\n<div id=\"attachment_40\" style=\"width: 160px\" class=\"wp-caption alignleft\"><a href=\"https:\/\/afrikatour.nl\/west-sahara\/wp-content\/uploads\/sites\/7\/2014\/08\/oceaan.jpg\"><img loading=\"lazy\" decoding=\"async\" aria-describedby=\"caption-attachment-40\" class=\"wp-image-40 size-thumbnail\" src=\"https:\/\/afrikatour.nl\/west-sahara\/wp-content\/uploads\/sites\/7\/2014\/08\/oceaan-150x150.jpg\" alt=\"Oceaan\" height=\"150\" width=\"150\"><\/a><p id=\"caption-attachment-40\" class=\"wp-caption-text\">Overnachting bij de Atlantische oceaan<\/p><\/div>\n<div id=\"attachment_41\" style=\"width: 160px\" class=\"wp-caption alignleft\"><a href=\"https:\/\/afrikatour.nl\/west-sahara\/wp-content\/uploads\/sites\/7\/2014\/08\/camping-Dakla.jpg\"><img loading=\"lazy\" decoding=\"async\" aria-describedby=\"caption-attachment-41\" class=\"wp-image-41 size-thumbnail\" src=\"https:\/\/afrikatour.nl\/west-sahara\/wp-content\/uploads\/sites\/7\/2014\/08\/camping-Dakla-150x150.jpg\" alt=\"Camping Dahkla\" height=\"150\" width=\"150\"><\/a><p id=\"caption-attachment-41\" class=\"wp-caption-text\">Ontmoeting van vrienden op een gruwelijke camping in Dahkla<\/p><\/div>\n<div id=\"attachment_42\" style=\"width: 160px\" class=\"wp-caption alignleft\"><a href=\"https:\/\/afrikatour.nl\/west-sahara\/wp-content\/uploads\/sites\/7\/2014\/08\/convooi.jpg\"><img loading=\"lazy\" decoding=\"async\" aria-describedby=\"caption-attachment-42\" class=\"wp-image-42 size-thumbnail\" src=\"https:\/\/afrikatour.nl\/west-sahara\/wp-content\/uploads\/sites\/7\/2014\/08\/convooi-150x150.jpg\" alt=\"Konvooi\" height=\"150\" width=\"150\"><\/a><p id=\"caption-attachment-42\" class=\"wp-caption-text\">In konvooi door de voormalige Spaanse Sahara<\/p><\/div>\n<p>In de laatste stad van de West Sahara, Dahkla, brengen we de nacht door op een vreselijke camping, naast de kamelenmarkt, zodat vanwege de aanhoudende wind na vijf minuten wij en alles om ons heen bedekt wordt met de uitwerpselen van deze Saharabewoners.<\/p>\n<p>Ook de urine van de toch nuttige beesten heeft een geur achtergelaten die nog lang in onze kleren en haren is blijven hangen. Hier komen wij onze Amerikaanse vrienden Arnold en Alicia weer tegen en maken kennis met Paul en Renate met hun Zebra Toyota &#8220;gewoon gaan&#8221;.<\/p>\n<p>Op de camping komen we in gesprek met een Frans echtpaar dat op weg is naar hun domicilie in het zuiden van Senegal. Zoals het tegenwoordig in zwang is om te overwinteren in het zuiden van Europa door mensen van een zekere leeftijd en avonturierszin, doen zij hetzelfde maar dan in de Casamance in Senegal. Daarvoor moeten ze wel twee keer per jaar de Sahara doorsteken met hun 20 jaar oude Toyota Landcruiser.<\/p>\n<p>Samen met hen en twee jonge Australi\u00ebrs in een oude Land Rover 110 zullen wij rijden van Dakhla in de West Sahara naar Naoukchott, de hoofdstad van Mauritani\u00eb.<\/p>\n<p>Lees verder: reisimpressies <a href=\"https:\/\/afrikatour.nl\/mauritanie\/\" target=\"_blank\">Mauritani\u00eb<\/a><br \/>\n<iframe loading=\"lazy\" width=\"800\" height=\"450\" src=\"https:\/\/www.youtube.com\/embed\/z2lcxymqmUo?feature=oembed\" frameborder=\"0\" allowfullscreen><\/iframe><\/p>\n","protected":false},"excerpt":{"rendered":"<p>Datum van aankomst: 31 &#8211; 10 &#8211; &#8217;02 Datum van vertrek: 4- 11 &#8211; &#8217;02 gereden km: 7500 De route: Tan Tan &#8211; L\u00e2ayoune &#8211; Boujdour &#8211; Dakhla &#8211; grens Mauritani\u00eb Geschreven in St Louis, Senegal op 12 november &#8217;02 &#8216;Je moet moed hebben om hier een camping te beginnen&#8217; \u2026 <a class=\"continue-reading-link\" href=\"https:\/\/afrikatour.nl\/west-sahara\/reisimpressies\/\">Lees verder<\/a><\/p>\n","protected":false},"author":1,"featured_media":0,"parent":0,"menu_order":0,"comment_status":"closed","ping_status":"open","template":"","meta":{"ngg_post_thumbnail":0,"footnotes":"","_links_to":"","_links_to_target":""},"class_list":["post-32","page","type-page","status-publish","hentry"],"_links":{"self":[{"href":"https:\/\/afrikatour.nl\/west-sahara\/wp-json\/wp\/v2\/pages\/32","targetHints":{"allow":["GET"]}}],"collection":[{"href":"https:\/\/afrikatour.nl\/west-sahara\/wp-json\/wp\/v2\/pages"}],"about":[{"href":"https:\/\/afrikatour.nl\/west-sahara\/wp-json\/wp\/v2\/types\/page"}],"author":[{"embeddable":true,"href":"https:\/\/afrikatour.nl\/west-sahara\/wp-json\/wp\/v2\/users\/1"}],"replies":[{"embeddable":true,"href":"https:\/\/afrikatour.nl\/west-sahara\/wp-json\/wp\/v2\/comments?post=32"}],"version-history":[{"count":0,"href":"https:\/\/afrikatour.nl\/west-sahara\/wp-json\/wp\/v2\/pages\/32\/revisions"}],"wp:attachment":[{"href":"https:\/\/afrikatour.nl\/west-sahara\/wp-json\/wp\/v2\/media?parent=32"}],"curies":[{"name":"wp","href":"https:\/\/api.w.org\/{rel}","templated":true}]}}