{"id":72,"date":"2014-08-19T01:14:46","date_gmt":"2014-08-18T23:14:46","guid":{"rendered":"https:\/\/afrikatour.nl\/west-sahara\/?page_id=72"},"modified":"2017-01-02T12:52:03","modified_gmt":"2017-01-02T11:52:03","slug":"reistips","status":"publish","type":"page","link":"https:\/\/afrikatour.nl\/west-sahara\/reistips\/","title":{"rendered":"Reistips"},"content":{"rendered":"<p><a href=\"https:\/\/afrikatour.nl\/west-sahara\/wp-content\/uploads\/sites\/7\/2014\/08\/saharavlag.gif\"><img loading=\"lazy\" decoding=\"async\" class=\"alignleft size-full wp-image-28\" src=\"https:\/\/afrikatour.nl\/west-sahara\/wp-content\/uploads\/sites\/7\/2014\/08\/saharavlag.gif\" alt=\"West Sahara vlag\" height=\"100\" width=\"200\"><\/a><\/p>\n<h3 style=\"text-align: center;\"><strong>Reistips West Sahara<\/strong><\/h3>\n<p>&nbsp;<\/p>\n<table width=\"725\">\n<tbody>\n<tr>\n<td width=\"64\">tip 1<\/td>\n<td width=\"647\">De ramadan; de heilige vastenmaand eindigt met het Id Al Fitr feest<\/td>\n<\/tr>\n<tr>\n<td width=\"64\">tip 2<\/td>\n<td width=\"647\">Reisadvies van het Ministerie van Buitenlandse Zaken:De grensovergang tussen Marokko en Mauritani\u00eb bij Nouadhibou is officieel open, en kan zonder problemen in beide richtingen worden gebruikt.In grote delen van het grensgebied tussen Mauritani\u00eb en Westelijke Sahara, ook in de omgeving van de grensovergang bij Nouadhibou, liggen mijnenvelden. Het is daarom sterk te ontraden in dat gebied de aangegeven weg te verlaten.<\/td>\n<\/tr>\n<tr>\n<td width=\"64\">tip 3<\/td>\n<td width=\"647\">De eerste goedkope pomp is 70 km voorbij Tan Tan Plage en de laatste benzinepomp op weg naar Mauritani\u00eb is 130 kilometer voorbij Dakhla. Men bouwt nu aan twee pompen een stuk verderop.<\/td>\n<\/tr>\n<tr>\n<td width=\"64\">tip 4<\/td>\n<td width=\"647\">30 km kilometer voor L\u00e2ayoune is de camping le B\u00e9douin van Luc en Martine R\u00e9quil\u00e9. De camping is aangegeven met een bord zie <a href=\"https:\/\/afrikatour.nl\/west-sahara\/reisimpressies\/\">reisimpressies West Sahara<\/a>. 10 Kilometer voorbij het bord is een klein dorp met goed, zoet water.<\/td>\n<\/tr>\n<tr>\n<td width=\"64\">tip 5<\/td>\n<td width=\"647\">Maak voor vertrek een lijst met: Naam &#8211; voornamen, adres,&nbsp; naam en voor namen van ouders, nummer en andere gegevens van het paspoort, beroep, gegevens van de auto, enz. Maak hiervan een aantal kopie\u00ebn omdat je en in Marokko maar vooral in de Sahara veel controles krijgt. Dit scheelt veel tijd en ergernis.<\/td>\n<\/tr>\n<\/tbody>\n<\/table>\n<p><iframe loading=\"lazy\" width=\"800\" height=\"450\" src=\"https:\/\/www.youtube.com\/embed\/z2lcxymqmUo?feature=oembed\" frameborder=\"0\" allowfullscreen><\/iframe><\/p>\n","protected":false},"excerpt":{"rendered":"<p>Reistips West Sahara &nbsp; tip 1 De ramadan; de heilige vastenmaand eindigt met het Id Al Fitr feest tip 2 Reisadvies van het Ministerie van Buitenlandse Zaken:De grensovergang tussen Marokko en Mauritani\u00eb bij Nouadhibou is officieel open, en kan zonder problemen in beide richtingen worden gebruikt.In grote delen van het \u2026 <a class=\"continue-reading-link\" href=\"https:\/\/afrikatour.nl\/west-sahara\/reistips\/\">Lees verder<\/a><\/p>\n","protected":false},"author":1,"featured_media":0,"parent":0,"menu_order":0,"comment_status":"closed","ping_status":"open","template":"","meta":{"ngg_post_thumbnail":0,"footnotes":"","_links_to":"","_links_to_target":""},"class_list":["post-72","page","type-page","status-publish","hentry"],"_links":{"self":[{"href":"https:\/\/afrikatour.nl\/west-sahara\/wp-json\/wp\/v2\/pages\/72","targetHints":{"allow":["GET"]}}],"collection":[{"href":"https:\/\/afrikatour.nl\/west-sahara\/wp-json\/wp\/v2\/pages"}],"about":[{"href":"https:\/\/afrikatour.nl\/west-sahara\/wp-json\/wp\/v2\/types\/page"}],"author":[{"embeddable":true,"href":"https:\/\/afrikatour.nl\/west-sahara\/wp-json\/wp\/v2\/users\/1"}],"replies":[{"embeddable":true,"href":"https:\/\/afrikatour.nl\/west-sahara\/wp-json\/wp\/v2\/comments?post=72"}],"version-history":[{"count":0,"href":"https:\/\/afrikatour.nl\/west-sahara\/wp-json\/wp\/v2\/pages\/72\/revisions"}],"wp:attachment":[{"href":"https:\/\/afrikatour.nl\/west-sahara\/wp-json\/wp\/v2\/media?parent=72"}],"curies":[{"name":"wp","href":"https:\/\/api.w.org\/{rel}","templated":true}]}}