{"id":87,"date":"2014-08-19T01:50:12","date_gmt":"2014-08-18T23:50:12","guid":{"rendered":"https:\/\/afrikatour.nl\/west-sahara\/?page_id=87"},"modified":"2026-01-19T00:14:33","modified_gmt":"2026-01-18T23:14:33","slug":"links","status":"publish","type":"page","link":"https:\/\/afrikatour.nl\/west-sahara\/links\/","title":{"rendered":"Links"},"content":{"rendered":"<p><a href=\"https:\/\/afrikatour.nl\/west-sahara\/wp-content\/uploads\/sites\/7\/2014\/08\/saharavlag.gif\"><img loading=\"lazy\" decoding=\"async\" class=\"alignleft size-full wp-image-28\" src=\"https:\/\/afrikatour.nl\/west-sahara\/wp-content\/uploads\/sites\/7\/2014\/08\/saharavlag.gif\" alt=\"West Sahara vlag\" width=\"200\" height=\"100\"><\/a><\/p>\n<h3 style=\"text-align: center;\"><strong>Links van de West Sahara<\/strong><\/h3>\n<table width=\"100%\">\n<tbody>\n<tr>\n<td width=\"26%\"><a href=\"http:\/\/west-sahara.nl\/\" target=\"_blank\" rel=\"noopener\"><strong>West-sahara.nl<\/strong><\/a><\/td>\n<td width=\"72%\">Een Nederlandse site over zelfbeschikking over de Westelijke Sahara<\/td>\n<\/tr>\n<tr>\n<td width=\"26%\"><a href=\"http:\/\/www.sandblast-arts.org\/\"><strong>Sandblast-arts.org<\/strong><\/a><\/td>\n<td width=\"72%\">De organisatie van het Sandblast Festival in Londen<\/td>\n<\/tr>\n<tr>\n<td width=\"26%\"><strong><a href=\"http:\/\/www.wsrw.org\/\">Wsrw.org<\/a><\/strong><\/td>\n<td width=\"72%\">Western Sahara Resource Watch<\/td>\n<\/tr>\n<tr>\n<td width=\"26%\"><strong><a href=\"http:\/\/www.africaserver.nl\/links.htm?land=99&amp;taal=nl\">Africaserver.nl<\/a><\/strong><\/td>\n<td width=\"72%\">Links over West Sahara<\/td>\n<\/tr>\n<tr>\n<td width=\"26%\"><strong><a href=\"http:\/\/www.geolinks.nl\/eh2.htm\">Geolinks.nl<\/a><\/strong><\/td>\n<td width=\"72%\">Westelijke Sahara van Geolinks<\/td>\n<\/tr>\n<tr>\n<td width=\"26%\"><strong><a href=\"http:\/\/www.sadroilandgas.com\/index.html\">Sadroilandgas<\/a><\/strong><\/td>\n<td width=\"72%\">De D.A.R.S. geeft&nbsp; informatie over de exploratie en exploitatie van gas en olie op zijn grondgebied<\/td>\n<\/tr>\n<tr>\n<td width=\"26%\"><a href=\"http:\/\/www.arso.org\/index.htm\"><strong>Association de soutien&nbsp;<\/strong><\/a><\/td>\n<td width=\"72%\">\u00e0 un r\u00e9f\u00e9rendum libre et r\u00e9gulier au Sahara Occidental<\/td>\n<\/tr>\n<tr>\n<td width=\"26%\"><a href=\"http:\/\/allafrica.com\/westernsahara\/\" target=\"_blank\" rel=\"noopener\"><strong>Het laatste nieuws<\/strong><\/a><\/td>\n<td width=\"72%\">m.b.t. de West Sahara<\/td>\n<\/tr>\n<tr>\n<td width=\"26%\"><strong><a href=\"http:\/\/www.cmo.nl\/conflictenbank\/index.php?Afrika:Westelijke_Sahara\">Cmo.nlWestelijke_Sahara<\/a><\/strong><\/td>\n<td width=\"72%\">Informatie over het conflict over de westelijke Sahara<\/td>\n<\/tr>\n<tr>\n<td width=\"26%\"><strong><a href=\"http:\/\/www.state.gov\/j\/drl\/rls\/hrrpt\/humanrightsreport\/index.htm?year=2013&amp;dlid=220383\">State.gov<\/a><\/strong><\/td>\n<td width=\"72%\">Western Sahara Country Reports on Human Rights Practices<\/td>\n<\/tr>\n<tr>\n<td width=\"26%\"><a href=\"http:\/\/www.vastsahara.org\/\"><strong>Vastsahara.org<\/strong><\/a><\/td>\n<td width=\"72%\">een Scandinavisch solidariteitsgroep<\/td>\n<\/tr>\n<tr>\n<td width=\"26%\"><a href=\"http:\/\/www.arso.org\/berdhso231201.htm\"><strong>European Bureau&nbsp;<\/strong><\/a><\/td>\n<td width=\"72%\">for the Respect of Human Rights in Western Sahara<\/td>\n<\/tr>\n<tr>\n<td width=\"26%\"><a href=\"http:\/\/www.hrw.org\/reports\/1995\/Wsahara.htm\"><strong>Human Rights Watch<\/strong><\/a><\/td>\n<td width=\"72%\">Western Sahara<\/td>\n<\/tr>\n<tr>\n<td width=\"26%\"><a href=\"http:\/\/www.desert-info.ch\/desert-info-forum\/viewtopic.php?t=2590\"><strong>Desert-info.ch<\/strong><\/a><\/td>\n<td width=\"72%\">Zeer goede omschrijving met foto&#8217;s over de mijnen tussen Marokko en Mauritani\u00eb<\/td>\n<\/tr>\n<tr>\n<td width=\"26%\"><a href=\"http:\/\/saharaoverland.wordpress.com\/\"><strong>Het boek<\/strong><\/a><\/td>\n<td width=\"72%\">Sahara Overland van Chris Scott&nbsp; &#8211; veel informatie<\/td>\n<\/tr>\n<\/tbody>\n<\/table>\n<p><iframe loading=\"lazy\" title=\"Morocco Is Illegally Occupying Our Country |The Western Sahara Question | Sara Laarousi Mohamed\" width=\"800\" height=\"450\" src=\"https:\/\/www.youtube.com\/embed\/z2lcxymqmUo?feature=oembed\" frameborder=\"0\" allow=\"accelerometer; autoplay; clipboard-write; encrypted-media; gyroscope; picture-in-picture; web-share\" referrerpolicy=\"strict-origin-when-cross-origin\" allowfullscreen><\/iframe><br \/>\n&nbsp;<\/p>\n","protected":false},"excerpt":{"rendered":"<p>Links van de West Sahara West-sahara.nl Een Nederlandse site over zelfbeschikking over de Westelijke Sahara Sandblast-arts.org De organisatie van het Sandblast Festival in Londen Wsrw.org Western Sahara Resource Watch Africaserver.nl Links over West Sahara Geolinks.nl Westelijke Sahara van Geolinks Sadroilandgas De D.A.R.S. geeft&nbsp; informatie over de exploratie en exploitatie van \u2026 <a class=\"continue-reading-link\" href=\"https:\/\/afrikatour.nl\/west-sahara\/links\/\">Lees verder<\/a><\/p>\n","protected":false},"author":1,"featured_media":0,"parent":0,"menu_order":0,"comment_status":"closed","ping_status":"open","template":"","meta":{"ngg_post_thumbnail":0,"footnotes":"","_links_to":"","_links_to_target":""},"class_list":["post-87","page","type-page","status-publish","hentry"],"_links":{"self":[{"href":"https:\/\/afrikatour.nl\/west-sahara\/wp-json\/wp\/v2\/pages\/87","targetHints":{"allow":["GET"]}}],"collection":[{"href":"https:\/\/afrikatour.nl\/west-sahara\/wp-json\/wp\/v2\/pages"}],"about":[{"href":"https:\/\/afrikatour.nl\/west-sahara\/wp-json\/wp\/v2\/types\/page"}],"author":[{"embeddable":true,"href":"https:\/\/afrikatour.nl\/west-sahara\/wp-json\/wp\/v2\/users\/1"}],"replies":[{"embeddable":true,"href":"https:\/\/afrikatour.nl\/west-sahara\/wp-json\/wp\/v2\/comments?post=87"}],"version-history":[{"count":2,"href":"https:\/\/afrikatour.nl\/west-sahara\/wp-json\/wp\/v2\/pages\/87\/revisions"}],"predecessor-version":[{"id":142,"href":"https:\/\/afrikatour.nl\/west-sahara\/wp-json\/wp\/v2\/pages\/87\/revisions\/142"}],"wp:attachment":[{"href":"https:\/\/afrikatour.nl\/west-sahara\/wp-json\/wp\/v2\/media?parent=87"}],"curies":[{"name":"wp","href":"https:\/\/api.w.org\/{rel}","templated":true}]}}